{"id":27239,"date":"2026-02-27T00:36:04","date_gmt":"2026-02-27T00:36:04","guid":{"rendered":"https:\/\/nordicmart.andreevmaster.com\/product\/messingkompas-med-kaede-i-laederetui-com-0470a\/"},"modified":"2026-02-27T09:14:50","modified_gmt":"2026-02-27T09:14:50","slug":"messingkompas-med-kaede-i-laederetui-com-0470a","status":"publish","type":"product","link":"https:\/\/nordicmart.andreevmaster.com\/da\/vare\/messingkompas-med-kaede-i-laederetui-com-0470a\/","title":{"rendered":"Messingkompas med k\u00e6de i l\u00e6deretui &#8211; Com-0470A"},"content":{"rendered":"<p>Messingkompas med k\u00e6de i l\u00e6deretui &#8211; Com-0470A&nbsp;&nbsp;&nbsp;Kompas p\u00e5 k\u00e6de er et fantastisk gadget til rejsende eller overlevelsesentusiaster. &nbsp;Kompasset er lavet af messing. Kompassets urskive er holdt i de \u00e6stetiske farver guld og sort. Magnetisk n\u00e5l med r\u00f8d spids, der angiver nord.&nbsp;Kompasset er pakket i et dekorativt l\u00e6deretui til opbevaring af instrumentet.&nbsp;&nbsp;&nbsp;Produktinformation:&nbsp;Dimensioner: kompassets diameter 5 cmK\u00e6del\u00e6ngde: 40 cmMateriale: messingFarve: messingSkjold: messing med sort skrift&nbsp;L\u00e6deretui:&nbsp;M\u00e5l: 6 x 6 x 3 cm Materiale: l\u00e6der&nbsp;<\/p>\n","protected":false},"excerpt":{"rendered":"<p>Messingkompas med k\u00e6de i l\u00e6deretui &#8211; Com-0470A&nbsp;&nbsp;&nbsp;Kompas p\u00e5 k\u00e6de er et fantastisk gadget til rejsende eller overlevelsesentusiaster. &nbsp;Kompasset er lavet af messing. Kompassets urskive er holdt i de \u00e6stetiske farver guld og sort. Magnetisk n\u00e5l med r\u00f8d spids, der angiver nord.&nbsp;Kompasset er pakket i et dekorativt l\u00e6deretui til opbevaring af instrumentet.&nbsp;&nbsp;&nbsp;Produktinformation:&nbsp;Dimensioner: kompassets diameter 5 cmK\u00e6del\u00e6ngde: [&hellip;]<\/p>\n","protected":false},"featured_media":44987,"comment_status":"open","ping_status":"closed","template":"","meta":[],"product_brand":[],"product_cat":[31],"product_tag":[],"class_list":{"0":"post-27239","1":"product","2":"type-product","3":"status-publish","4":"has-post-thumbnail","6":"product_cat-uncategorized-da","8":"first","9":"instock","10":"shipping-taxable","11":"purchasable","12":"product-type-simple"},"_links":{"self":[{"href":"https:\/\/nordicmart.andreevmaster.com\/da\/wp-json\/wp\/v2\/product\/27239","targetHints":{"allow":["GET"]}}],"collection":[{"href":"https:\/\/nordicmart.andreevmaster.com\/da\/wp-json\/wp\/v2\/product"}],"about":[{"href":"https:\/\/nordicmart.andreevmaster.com\/da\/wp-json\/wp\/v2\/types\/product"}],"replies":[{"embeddable":true,"href":"https:\/\/nordicmart.andreevmaster.com\/da\/wp-json\/wp\/v2\/comments?post=27239"}],"wp:featuredmedia":[{"embeddable":true,"href":"https:\/\/nordicmart.andreevmaster.com\/da\/wp-json\/wp\/v2\/media\/44987"}],"wp:attachment":[{"href":"https:\/\/nordicmart.andreevmaster.com\/da\/wp-json\/wp\/v2\/media?parent=27239"}],"wp:term":[{"taxonomy":"product_brand","embeddable":true,"href":"https:\/\/nordicmart.andreevmaster.com\/da\/wp-json\/wp\/v2\/product_brand?post=27239"},{"taxonomy":"product_cat","embeddable":true,"href":"https:\/\/nordicmart.andreevmaster.com\/da\/wp-json\/wp\/v2\/product_cat?post=27239"},{"taxonomy":"product_tag","embeddable":true,"href":"https:\/\/nordicmart.andreevmaster.com\/da\/wp-json\/wp\/v2\/product_tag?post=27239"}],"curies":[{"name":"wp","href":"https:\/\/api.w.org\/{rel}","templated":true}]}}