{"id":27238,"date":"2026-02-27T00:36:04","date_gmt":"2026-02-27T00:36:04","guid":{"rendered":"https:\/\/nordicmart.andreevmaster.com\/product\/messingkompas-dollond-i-traekasse-sd14-2-5\/"},"modified":"2026-02-27T09:14:50","modified_gmt":"2026-02-27T09:14:50","slug":"messingkompas-dollond-i-traekasse-sd14-2-5","status":"publish","type":"product","link":"https:\/\/nordicmart.andreevmaster.com\/da\/vare\/messingkompas-dollond-i-traekasse-sd14-2-5\/","title":{"rendered":"Messingkompas Dollond i tr\u00e6kasse &#8211; SD14\/2.5"},"content":{"rendered":"<p>Messingkompas Dollond i tr\u00e6kasse &#8211; SD14\/2.5&nbsp;&nbsp;&nbsp;Messingkompas i tr\u00e6kasse er ikke kun en praktisk gave, men fungerer ogs\u00e5 glimrende som indretningselement. Kompasset er stiliseret som et gammelt kompas, hvilket giver det et unikt pr\u00e6g.&nbsp;Kompasset er en fantastisk gave til j\u00e6gere, sejlere eller rejsende, men det kan ogs\u00e5 v\u00e6re en fantastisk gave til en kollega eller chef \u2013 som et kompas, der er en allegori for at g\u00e5 i den rigtige retning.&nbsp;&nbsp;&nbsp;Produktinformation:&nbsp;Materiale: messing, tr\u00e6 Kompassets dimensioner: 7,5 x 7,5 x 3 cm \u00c6skens dimensioner: 11 x 9,5 x 4,5 cm&nbsp;<\/p>\n","protected":false},"excerpt":{"rendered":"<p>Messingkompas Dollond i tr\u00e6kasse &#8211; SD14\/2.5&nbsp;&nbsp;&nbsp;Messingkompas i tr\u00e6kasse er ikke kun en praktisk gave, men fungerer ogs\u00e5 glimrende som indretningselement. Kompasset er stiliseret som et gammelt kompas, hvilket giver det et unikt pr\u00e6g.&nbsp;Kompasset er en fantastisk gave til j\u00e6gere, sejlere eller rejsende, men det kan ogs\u00e5 v\u00e6re en fantastisk gave til en kollega eller chef [&hellip;]<\/p>\n","protected":false},"featured_media":44986,"comment_status":"open","ping_status":"closed","template":"","meta":[],"product_brand":[],"product_cat":[31],"product_tag":[],"class_list":{"0":"post-27238","1":"product","2":"type-product","3":"status-publish","4":"has-post-thumbnail","6":"product_cat-uncategorized-da","8":"first","9":"instock","10":"shipping-taxable","11":"purchasable","12":"product-type-simple"},"_links":{"self":[{"href":"https:\/\/nordicmart.andreevmaster.com\/da\/wp-json\/wp\/v2\/product\/27238","targetHints":{"allow":["GET"]}}],"collection":[{"href":"https:\/\/nordicmart.andreevmaster.com\/da\/wp-json\/wp\/v2\/product"}],"about":[{"href":"https:\/\/nordicmart.andreevmaster.com\/da\/wp-json\/wp\/v2\/types\/product"}],"replies":[{"embeddable":true,"href":"https:\/\/nordicmart.andreevmaster.com\/da\/wp-json\/wp\/v2\/comments?post=27238"}],"wp:featuredmedia":[{"embeddable":true,"href":"https:\/\/nordicmart.andreevmaster.com\/da\/wp-json\/wp\/v2\/media\/44986"}],"wp:attachment":[{"href":"https:\/\/nordicmart.andreevmaster.com\/da\/wp-json\/wp\/v2\/media?parent=27238"}],"wp:term":[{"taxonomy":"product_brand","embeddable":true,"href":"https:\/\/nordicmart.andreevmaster.com\/da\/wp-json\/wp\/v2\/product_brand?post=27238"},{"taxonomy":"product_cat","embeddable":true,"href":"https:\/\/nordicmart.andreevmaster.com\/da\/wp-json\/wp\/v2\/product_cat?post=27238"},{"taxonomy":"product_tag","embeddable":true,"href":"https:\/\/nordicmart.andreevmaster.com\/da\/wp-json\/wp\/v2\/product_tag?post=27238"}],"curies":[{"name":"wp","href":"https:\/\/api.w.org\/{rel}","templated":true}]}}