{"id":27237,"date":"2026-02-27T00:36:04","date_gmt":"2026-02-27T00:36:04","guid":{"rendered":"https:\/\/nordicmart.andreevmaster.com\/product\/stor-eksklusiv-sekstant-i-traekasse-nsh73-6\/"},"modified":"2026-02-27T09:14:50","modified_gmt":"2026-02-27T09:14:50","slug":"stor-eksklusiv-sekstant-i-traekasse-nsh73-6","status":"publish","type":"product","link":"https:\/\/nordicmart.andreevmaster.com\/da\/vare\/stor-eksklusiv-sekstant-i-traekasse-nsh73-6\/","title":{"rendered":"Stor eksklusiv sekstant i tr\u00e6kasse &#8211; NSH73\/6"},"content":{"rendered":"<p>Stor eksklusiv sekstant i tr\u00e6kasse &#8211; NSH73\/6&nbsp;&nbsp;Elegant messingsekstant i tr\u00e6kasse. Den er en perfekt gave til en s\u00f8mand eller en original dekoration i nautisk stil.&nbsp;&nbsp;Produktinformation:&nbsp;Sekstantens dimensioner: 21 x 16 x 8 cm Materiale: messing, tr\u00e6 Elegant tr\u00e6kasse Dimensioner p\u00e5 kassen: 20 x 20 x 11 cm&nbsp;&nbsp;Sekstant &#8211; et redskab for navigat\u00f8rer og astronomer&nbsp;Sekstant er et optisk m\u00e5leinstrument, der blev brugt til at m\u00e5le lodrette og vandrette vinkler. Den blev opfundet i 1731 af John Hadley og blev et uundv\u00e6rligt redskab for navigat\u00f8rer og astronomer.&nbsp;<\/p>\n","protected":false},"excerpt":{"rendered":"<p>Stor eksklusiv sekstant i tr\u00e6kasse &#8211; NSH73\/6&nbsp;&nbsp;Elegant messingsekstant i tr\u00e6kasse. Den er en perfekt gave til en s\u00f8mand eller en original dekoration i nautisk stil.&nbsp;&nbsp;Produktinformation:&nbsp;Sekstantens dimensioner: 21 x 16 x 8 cm Materiale: messing, tr\u00e6 Elegant tr\u00e6kasse Dimensioner p\u00e5 kassen: 20 x 20 x 11 cm&nbsp;&nbsp;Sekstant &#8211; et redskab for navigat\u00f8rer og astronomer&nbsp;Sekstant er et [&hellip;]<\/p>\n","protected":false},"featured_media":44985,"comment_status":"open","ping_status":"closed","template":"","meta":[],"product_brand":[],"product_cat":[31],"product_tag":[],"class_list":{"0":"post-27237","1":"product","2":"type-product","3":"status-publish","4":"has-post-thumbnail","6":"product_cat-uncategorized-da","8":"first","9":"instock","10":"shipping-taxable","11":"purchasable","12":"product-type-simple"},"_links":{"self":[{"href":"https:\/\/nordicmart.andreevmaster.com\/da\/wp-json\/wp\/v2\/product\/27237","targetHints":{"allow":["GET"]}}],"collection":[{"href":"https:\/\/nordicmart.andreevmaster.com\/da\/wp-json\/wp\/v2\/product"}],"about":[{"href":"https:\/\/nordicmart.andreevmaster.com\/da\/wp-json\/wp\/v2\/types\/product"}],"replies":[{"embeddable":true,"href":"https:\/\/nordicmart.andreevmaster.com\/da\/wp-json\/wp\/v2\/comments?post=27237"}],"wp:featuredmedia":[{"embeddable":true,"href":"https:\/\/nordicmart.andreevmaster.com\/da\/wp-json\/wp\/v2\/media\/44985"}],"wp:attachment":[{"href":"https:\/\/nordicmart.andreevmaster.com\/da\/wp-json\/wp\/v2\/media?parent=27237"}],"wp:term":[{"taxonomy":"product_brand","embeddable":true,"href":"https:\/\/nordicmart.andreevmaster.com\/da\/wp-json\/wp\/v2\/product_brand?post=27237"},{"taxonomy":"product_cat","embeddable":true,"href":"https:\/\/nordicmart.andreevmaster.com\/da\/wp-json\/wp\/v2\/product_cat?post=27237"},{"taxonomy":"product_tag","embeddable":true,"href":"https:\/\/nordicmart.andreevmaster.com\/da\/wp-json\/wp\/v2\/product_tag?post=27237"}],"curies":[{"name":"wp","href":"https:\/\/api.w.org\/{rel}","templated":true}]}}