{"id":27236,"date":"2026-02-27T00:36:04","date_gmt":"2026-02-27T00:36:04","guid":{"rendered":"https:\/\/nordicmart.andreevmaster.com\/product\/sekstant-i-laederetui-nslb72-4\/"},"modified":"2026-02-27T09:14:49","modified_gmt":"2026-02-27T09:14:49","slug":"sekstant-i-laederetui-nslb72-4","status":"publish","type":"product","link":"https:\/\/nordicmart.andreevmaster.com\/da\/vare\/sekstant-i-laederetui-nslb72-4\/","title":{"rendered":"Sekstant i l\u00e6deretui &#8211; NSLB72\/4"},"content":{"rendered":"<p>Sekstant i l\u00e6deretui &#8211; NSLB72\/4&nbsp;&nbsp;Sekstant er et navigationsredskab, der bruges til at m\u00e5le vandrette og lodrette vinkler. Sekstant er et instrument, der hovedsageligt bruges i sejlsporten \u2013 s\u00f8folk l\u00e6rer stadig at bruge det, s\u00e5 de i tilf\u00e6lde af GPS-svigt kan bestemme skibets position ud fra observationer og m\u00e5linger af himmellegemer. &nbsp;Sekstant i l\u00e6deretui er en god gaveid\u00e9 til en s\u00f8mand eller astronom. Det vil v\u00e6re en smuk dekoration til arbejdsv\u00e6relset, kontoret eller kabinen.&nbsp;&nbsp;Produktinformation:&nbsp;Sextantens dimensioner: 18 x 13 x 6 cmMateriale: messing, glas, l\u00e6derFinish: antikGaveemballage: l\u00e6deretuiL\u00e6deretuiets dimensioner: 15 x 14 x 7 cm&nbsp;<\/p>\n","protected":false},"excerpt":{"rendered":"<p>Sekstant i l\u00e6deretui &#8211; NSLB72\/4&nbsp;&nbsp;Sekstant er et navigationsredskab, der bruges til at m\u00e5le vandrette og lodrette vinkler. Sekstant er et instrument, der hovedsageligt bruges i sejlsporten \u2013 s\u00f8folk l\u00e6rer stadig at bruge det, s\u00e5 de i tilf\u00e6lde af GPS-svigt kan bestemme skibets position ud fra observationer og m\u00e5linger af himmellegemer. &nbsp;Sekstant i l\u00e6deretui er en [&hellip;]<\/p>\n","protected":false},"featured_media":44984,"comment_status":"open","ping_status":"closed","template":"","meta":[],"product_brand":[],"product_cat":[31],"product_tag":[],"class_list":{"0":"post-27236","1":"product","2":"type-product","3":"status-publish","4":"has-post-thumbnail","6":"product_cat-uncategorized-da","8":"first","9":"instock","10":"shipping-taxable","11":"purchasable","12":"product-type-simple"},"_links":{"self":[{"href":"https:\/\/nordicmart.andreevmaster.com\/da\/wp-json\/wp\/v2\/product\/27236","targetHints":{"allow":["GET"]}}],"collection":[{"href":"https:\/\/nordicmart.andreevmaster.com\/da\/wp-json\/wp\/v2\/product"}],"about":[{"href":"https:\/\/nordicmart.andreevmaster.com\/da\/wp-json\/wp\/v2\/types\/product"}],"replies":[{"embeddable":true,"href":"https:\/\/nordicmart.andreevmaster.com\/da\/wp-json\/wp\/v2\/comments?post=27236"}],"wp:featuredmedia":[{"embeddable":true,"href":"https:\/\/nordicmart.andreevmaster.com\/da\/wp-json\/wp\/v2\/media\/44984"}],"wp:attachment":[{"href":"https:\/\/nordicmart.andreevmaster.com\/da\/wp-json\/wp\/v2\/media?parent=27236"}],"wp:term":[{"taxonomy":"product_brand","embeddable":true,"href":"https:\/\/nordicmart.andreevmaster.com\/da\/wp-json\/wp\/v2\/product_brand?post=27236"},{"taxonomy":"product_cat","embeddable":true,"href":"https:\/\/nordicmart.andreevmaster.com\/da\/wp-json\/wp\/v2\/product_cat?post=27236"},{"taxonomy":"product_tag","embeddable":true,"href":"https:\/\/nordicmart.andreevmaster.com\/da\/wp-json\/wp\/v2\/product_tag?post=27236"}],"curies":[{"name":"wp","href":"https:\/\/api.w.org\/{rel}","templated":true}]}}