{"id":27235,"date":"2026-02-27T00:36:03","date_gmt":"2026-02-27T00:36:03","guid":{"rendered":"https:\/\/nordicmart.andreevmaster.com\/product\/olielampe-retro-nautisk-messing-sl10\/"},"modified":"2026-02-27T09:14:49","modified_gmt":"2026-02-27T09:14:49","slug":"olielampe-retro-nautisk-messing-sl10","status":"publish","type":"product","link":"https:\/\/nordicmart.andreevmaster.com\/da\/vare\/olielampe-retro-nautisk-messing-sl10\/","title":{"rendered":"Olielampe Retro &#8211; Nautisk &#8211; Messing &#8211; SL10"},"content":{"rendered":"<p>Olielampe Retro &#8211; Nautisk &#8211; Messing &#8211; SL10&nbsp;&nbsp;Olielampe i messing i retrostil er det perfekte supplement til interi\u00f8r i maritim stil. Petroleumlampen er en tidl\u00f8s gave, der vil gl\u00e6de enhver elsker af nautisk atmosf\u00e6re. Fremstillet af messing.&nbsp;&nbsp;Produktinformation:&nbsp;Materiale: messing, glasDimensioner: H\u00f8jde 26 cm x Diameter 15 cmFarve: guldStil: nautisk, vintageOlielampe, \u00e5bnes fra toppen.Perfekt tilf\u00f8jelse til interi\u00f8r i maritim stil&nbsp;<\/p>\n","protected":false},"excerpt":{"rendered":"<p>Olielampe Retro &#8211; Nautisk &#8211; Messing &#8211; SL10&nbsp;&nbsp;Olielampe i messing i retrostil er det perfekte supplement til interi\u00f8r i maritim stil. Petroleumlampen er en tidl\u00f8s gave, der vil gl\u00e6de enhver elsker af nautisk atmosf\u00e6re. Fremstillet af messing.&nbsp;&nbsp;Produktinformation:&nbsp;Materiale: messing, glasDimensioner: H\u00f8jde 26 cm x Diameter 15 cmFarve: guldStil: nautisk, vintageOlielampe, \u00e5bnes fra toppen.Perfekt tilf\u00f8jelse til interi\u00f8r [&hellip;]<\/p>\n","protected":false},"featured_media":44983,"comment_status":"open","ping_status":"closed","template":"","meta":[],"product_brand":[],"product_cat":[31],"product_tag":[],"class_list":{"0":"post-27235","1":"product","2":"type-product","3":"status-publish","4":"has-post-thumbnail","6":"product_cat-uncategorized-da","8":"first","9":"instock","10":"shipping-taxable","11":"purchasable","12":"product-type-simple"},"_links":{"self":[{"href":"https:\/\/nordicmart.andreevmaster.com\/da\/wp-json\/wp\/v2\/product\/27235","targetHints":{"allow":["GET"]}}],"collection":[{"href":"https:\/\/nordicmart.andreevmaster.com\/da\/wp-json\/wp\/v2\/product"}],"about":[{"href":"https:\/\/nordicmart.andreevmaster.com\/da\/wp-json\/wp\/v2\/types\/product"}],"replies":[{"embeddable":true,"href":"https:\/\/nordicmart.andreevmaster.com\/da\/wp-json\/wp\/v2\/comments?post=27235"}],"wp:featuredmedia":[{"embeddable":true,"href":"https:\/\/nordicmart.andreevmaster.com\/da\/wp-json\/wp\/v2\/media\/44983"}],"wp:attachment":[{"href":"https:\/\/nordicmart.andreevmaster.com\/da\/wp-json\/wp\/v2\/media?parent=27235"}],"wp:term":[{"taxonomy":"product_brand","embeddable":true,"href":"https:\/\/nordicmart.andreevmaster.com\/da\/wp-json\/wp\/v2\/product_brand?post=27235"},{"taxonomy":"product_cat","embeddable":true,"href":"https:\/\/nordicmart.andreevmaster.com\/da\/wp-json\/wp\/v2\/product_cat?post=27235"},{"taxonomy":"product_tag","embeddable":true,"href":"https:\/\/nordicmart.andreevmaster.com\/da\/wp-json\/wp\/v2\/product_tag?post=27235"}],"curies":[{"name":"wp","href":"https:\/\/api.w.org\/{rel}","templated":true}]}}