{"id":27234,"date":"2026-02-27T00:36:03","date_gmt":"2026-02-27T00:36:03","guid":{"rendered":"https:\/\/nordicmart.andreevmaster.com\/product\/nautisk-retro-lampe-sl9\/"},"modified":"2026-02-27T09:14:49","modified_gmt":"2026-02-27T09:14:49","slug":"nautisk-retro-lampe-sl9","status":"publish","type":"product","link":"https:\/\/nordicmart.andreevmaster.com\/da\/vare\/nautisk-retro-lampe-sl9\/","title":{"rendered":"Nautisk retro lampe &#8211; SL9"},"content":{"rendered":"<p>Nautisk retro lampe &#8211; SL9&nbsp;&nbsp;Retro nautisk lampe SL9 er en stilfuld dekoration i nautisk stil. Den er lavet af metal og imiterer udseendet af en gammel olielampe. Den perfekte gave til nautiske elskere.&nbsp;&nbsp;Produktinformation:&nbsp;Materiale: metalplade, st\u00f8bejernDimensioner: H\u00f8jde 34 cm x Diameter 16 cmFarve: stiliseret gammelt messing.Olielampe, \u00e5bnes fra toppen. Perfekt tilbeh\u00f8r til interi\u00f8r i nautisk stil.&nbsp;<\/p>\n","protected":false},"excerpt":{"rendered":"<p>Nautisk retro lampe &#8211; SL9&nbsp;&nbsp;Retro nautisk lampe SL9 er en stilfuld dekoration i nautisk stil. Den er lavet af metal og imiterer udseendet af en gammel olielampe. Den perfekte gave til nautiske elskere.&nbsp;&nbsp;Produktinformation:&nbsp;Materiale: metalplade, st\u00f8bejernDimensioner: H\u00f8jde 34 cm x Diameter 16 cmFarve: stiliseret gammelt messing.Olielampe, \u00e5bnes fra toppen. Perfekt tilbeh\u00f8r til interi\u00f8r i nautisk stil.&nbsp;<\/p>\n","protected":false},"featured_media":44982,"comment_status":"open","ping_status":"closed","template":"","meta":[],"product_brand":[],"product_cat":[31],"product_tag":[],"class_list":{"0":"post-27234","1":"product","2":"type-product","3":"status-publish","4":"has-post-thumbnail","6":"product_cat-uncategorized-da","8":"first","9":"instock","10":"shipping-taxable","11":"purchasable","12":"product-type-simple"},"_links":{"self":[{"href":"https:\/\/nordicmart.andreevmaster.com\/da\/wp-json\/wp\/v2\/product\/27234","targetHints":{"allow":["GET"]}}],"collection":[{"href":"https:\/\/nordicmart.andreevmaster.com\/da\/wp-json\/wp\/v2\/product"}],"about":[{"href":"https:\/\/nordicmart.andreevmaster.com\/da\/wp-json\/wp\/v2\/types\/product"}],"replies":[{"embeddable":true,"href":"https:\/\/nordicmart.andreevmaster.com\/da\/wp-json\/wp\/v2\/comments?post=27234"}],"wp:featuredmedia":[{"embeddable":true,"href":"https:\/\/nordicmart.andreevmaster.com\/da\/wp-json\/wp\/v2\/media\/44982"}],"wp:attachment":[{"href":"https:\/\/nordicmart.andreevmaster.com\/da\/wp-json\/wp\/v2\/media?parent=27234"}],"wp:term":[{"taxonomy":"product_brand","embeddable":true,"href":"https:\/\/nordicmart.andreevmaster.com\/da\/wp-json\/wp\/v2\/product_brand?post=27234"},{"taxonomy":"product_cat","embeddable":true,"href":"https:\/\/nordicmart.andreevmaster.com\/da\/wp-json\/wp\/v2\/product_cat?post=27234"},{"taxonomy":"product_tag","embeddable":true,"href":"https:\/\/nordicmart.andreevmaster.com\/da\/wp-json\/wp\/v2\/product_tag?post=27234"}],"curies":[{"name":"wp","href":"https:\/\/api.w.org\/{rel}","templated":true}]}}