{"id":27233,"date":"2026-02-27T00:36:03","date_gmt":"2026-02-27T00:36:03","guid":{"rendered":"https:\/\/nordicmart.andreevmaster.com\/product\/cyklist-figur-vb26-9\/"},"modified":"2026-02-27T09:14:49","modified_gmt":"2026-02-27T09:14:49","slug":"cyklist-figur-vb26-9","status":"publish","type":"product","link":"https:\/\/nordicmart.andreevmaster.com\/da\/vare\/cyklist-figur-vb26-9\/","title":{"rendered":"Cyklist &#8211; figur &#8211; VB26\/9"},"content":{"rendered":"<p>Cyklist &#8211; figur &#8211; VB26\/9&nbsp;&nbsp;Cyklistfiguren er en gaveid\u00e9 til cykelentusiaster. Figuren i en moderne, minimalistisk form vil fungere som dekoration i b\u00e5de klassiske og industrielle rum.&nbsp;Den vil v\u00e6re en elegant gave til en cyklist og en fan af cykell\u00f8b og cykelture.&nbsp;&nbsp;&nbsp;Produktinformation:&nbsp;Materiale: metalBase: tr\u00e6 Farve: messing, sort Dimensioner: H\u00f8jde 18 cm x Bredde 19 cm x Dybde 8 cm&nbsp;<\/p>\n","protected":false},"excerpt":{"rendered":"<p>Cyklist &#8211; figur &#8211; VB26\/9&nbsp;&nbsp;Cyklistfiguren er en gaveid\u00e9 til cykelentusiaster. Figuren i en moderne, minimalistisk form vil fungere som dekoration i b\u00e5de klassiske og industrielle rum.&nbsp;Den vil v\u00e6re en elegant gave til en cyklist og en fan af cykell\u00f8b og cykelture.&nbsp;&nbsp;&nbsp;Produktinformation:&nbsp;Materiale: metalBase: tr\u00e6 Farve: messing, sort Dimensioner: H\u00f8jde 18 cm x Bredde 19 cm x [&hellip;]<\/p>\n","protected":false},"featured_media":44981,"comment_status":"open","ping_status":"closed","template":"","meta":[],"product_brand":[],"product_cat":[31],"product_tag":[],"class_list":{"0":"post-27233","1":"product","2":"type-product","3":"status-publish","4":"has-post-thumbnail","6":"product_cat-uncategorized-da","8":"first","9":"instock","10":"shipping-taxable","11":"purchasable","12":"product-type-simple"},"_links":{"self":[{"href":"https:\/\/nordicmart.andreevmaster.com\/da\/wp-json\/wp\/v2\/product\/27233","targetHints":{"allow":["GET"]}}],"collection":[{"href":"https:\/\/nordicmart.andreevmaster.com\/da\/wp-json\/wp\/v2\/product"}],"about":[{"href":"https:\/\/nordicmart.andreevmaster.com\/da\/wp-json\/wp\/v2\/types\/product"}],"replies":[{"embeddable":true,"href":"https:\/\/nordicmart.andreevmaster.com\/da\/wp-json\/wp\/v2\/comments?post=27233"}],"wp:featuredmedia":[{"embeddable":true,"href":"https:\/\/nordicmart.andreevmaster.com\/da\/wp-json\/wp\/v2\/media\/44981"}],"wp:attachment":[{"href":"https:\/\/nordicmart.andreevmaster.com\/da\/wp-json\/wp\/v2\/media?parent=27233"}],"wp:term":[{"taxonomy":"product_brand","embeddable":true,"href":"https:\/\/nordicmart.andreevmaster.com\/da\/wp-json\/wp\/v2\/product_brand?post=27233"},{"taxonomy":"product_cat","embeddable":true,"href":"https:\/\/nordicmart.andreevmaster.com\/da\/wp-json\/wp\/v2\/product_cat?post=27233"},{"taxonomy":"product_tag","embeddable":true,"href":"https:\/\/nordicmart.andreevmaster.com\/da\/wp-json\/wp\/v2\/product_tag?post=27233"}],"curies":[{"name":"wp","href":"https:\/\/api.w.org\/{rel}","templated":true}]}}