{"id":27232,"date":"2026-02-27T00:36:03","date_gmt":"2026-02-27T00:36:03","guid":{"rendered":"https:\/\/nordicmart.andreevmaster.com\/product\/messingastrolabium-hojde-21-cm-amg140\/"},"modified":"2026-02-27T09:14:48","modified_gmt":"2026-02-27T09:14:48","slug":"messingastrolabium-hojde-21-cm-amg140","status":"publish","type":"product","link":"https:\/\/nordicmart.andreevmaster.com\/da\/vare\/messingastrolabium-hojde-21-cm-amg140\/","title":{"rendered":"Messingastrolabium &#8211; H\u00f8jde 21 cm &#8211; AMG140"},"content":{"rendered":"<p>Messingastrolab &#8211; H\u00f8jde 21 cm &#8211; AMG140&nbsp;&nbsp;&nbsp;Elegant messingastrolab p\u00e5 tr\u00e6fod. Astrolab er et astronomisk instrument, der symboliserer menneskets nysgerrighed, videnskabelige ambitioner og menneskehedens str\u00e6ben efter at forst\u00e5 universet. Ideel som gave til astronomiinteresserede eller som en original dekoration til et arbejdsv\u00e6relse eller en stue.&nbsp;&nbsp;&nbsp;Produktinformation:&nbsp;Materiale: messing, tr\u00e6Farve: guldDimensioner: h\u00f8jde 21 cm, diameter 14 cm&nbsp;&nbsp;Det vil v\u00e6re perfekt som:&nbsp;Gave til en astrofysikerGave til en videnskabsentusiastStilfuld dekoration til et arbejdsv\u00e6relseDekoration til stuen hos en rumfartsentusiastGave til en l\u00e6rer&nbsp;<\/p>\n","protected":false},"excerpt":{"rendered":"<p>Messingastrolab &#8211; H\u00f8jde 21 cm &#8211; AMG140&nbsp;&nbsp;&nbsp;Elegant messingastrolab p\u00e5 tr\u00e6fod. Astrolab er et astronomisk instrument, der symboliserer menneskets nysgerrighed, videnskabelige ambitioner og menneskehedens str\u00e6ben efter at forst\u00e5 universet. Ideel som gave til astronomiinteresserede eller som en original dekoration til et arbejdsv\u00e6relse eller en stue.&nbsp;&nbsp;&nbsp;Produktinformation:&nbsp;Materiale: messing, tr\u00e6Farve: guldDimensioner: h\u00f8jde 21 cm, diameter 14 cm&nbsp;&nbsp;Det vil v\u00e6re [&hellip;]<\/p>\n","protected":false},"featured_media":44980,"comment_status":"open","ping_status":"closed","template":"","meta":[],"product_brand":[],"product_cat":[31],"product_tag":[],"class_list":{"0":"post-27232","1":"product","2":"type-product","3":"status-publish","4":"has-post-thumbnail","6":"product_cat-uncategorized-da","8":"first","9":"instock","10":"shipping-taxable","11":"purchasable","12":"product-type-simple"},"_links":{"self":[{"href":"https:\/\/nordicmart.andreevmaster.com\/da\/wp-json\/wp\/v2\/product\/27232","targetHints":{"allow":["GET"]}}],"collection":[{"href":"https:\/\/nordicmart.andreevmaster.com\/da\/wp-json\/wp\/v2\/product"}],"about":[{"href":"https:\/\/nordicmart.andreevmaster.com\/da\/wp-json\/wp\/v2\/types\/product"}],"replies":[{"embeddable":true,"href":"https:\/\/nordicmart.andreevmaster.com\/da\/wp-json\/wp\/v2\/comments?post=27232"}],"wp:featuredmedia":[{"embeddable":true,"href":"https:\/\/nordicmart.andreevmaster.com\/da\/wp-json\/wp\/v2\/media\/44980"}],"wp:attachment":[{"href":"https:\/\/nordicmart.andreevmaster.com\/da\/wp-json\/wp\/v2\/media?parent=27232"}],"wp:term":[{"taxonomy":"product_brand","embeddable":true,"href":"https:\/\/nordicmart.andreevmaster.com\/da\/wp-json\/wp\/v2\/product_brand?post=27232"},{"taxonomy":"product_cat","embeddable":true,"href":"https:\/\/nordicmart.andreevmaster.com\/da\/wp-json\/wp\/v2\/product_cat?post=27232"},{"taxonomy":"product_tag","embeddable":true,"href":"https:\/\/nordicmart.andreevmaster.com\/da\/wp-json\/wp\/v2\/product_tag?post=27232"}],"curies":[{"name":"wp","href":"https:\/\/api.w.org\/{rel}","templated":true}]}}