{"id":27231,"date":"2026-02-27T00:36:02","date_gmt":"2026-02-27T00:36:02","guid":{"rendered":"https:\/\/nordicmart.andreevmaster.com\/product\/mini-guitar-taylor-swift-mgt-9064-2\/"},"modified":"2026-02-27T09:14:48","modified_gmt":"2026-02-27T09:14:48","slug":"mini-guitar-taylor-swift-mgt-9064-2","status":"publish","type":"product","link":"https:\/\/nordicmart.andreevmaster.com\/da\/vare\/mini-guitar-taylor-swift-mgt-9064-2\/","title":{"rendered":"Mini guitar &#8211; Taylor Swift &#8211; MGT-9064"},"content":{"rendered":"<p>Mini-guitar &#8211; Taylor Swift &#8211; MGT-9064 &nbsp;&nbsp;Produktinformation:&nbsp;H\u00e5ndlavet Materiale: Mahogni Tr\u00e6 Dimensioner: h\u00f8jde 24,5 cm Skala 1:4 Samlerobjekt Emballage: Blisterpakning Guitarstativ medf\u00f8lger Guitaren kan ikke spilles p\u00e5 &#8211; den er et dekorativt objekt Gave til en Taylor Swift-fan&nbsp;S\u00e6lgeren er p\u00e5 ingen m\u00e5de tilknyttet producenter af \u00e6gte instrumenter eller individuelle kunstnere. Navnene p\u00e5 modeller eller kunstnere er eksempler. &nbsp;Ingen af instrumenterne er tro kopier med hensyn til proportioner, st\u00f8rrelse og design.&nbsp;<\/p>\n","protected":false},"excerpt":{"rendered":"<p>Mini-guitar &#8211; Taylor Swift &#8211; MGT-9064 &nbsp;&nbsp;Produktinformation:&nbsp;H\u00e5ndlavet Materiale: Mahogni Tr\u00e6 Dimensioner: h\u00f8jde 24,5 cm Skala 1:4 Samlerobjekt Emballage: Blisterpakning Guitarstativ medf\u00f8lger Guitaren kan ikke spilles p\u00e5 &#8211; den er et dekorativt objekt Gave til en Taylor Swift-fan&nbsp;S\u00e6lgeren er p\u00e5 ingen m\u00e5de tilknyttet producenter af \u00e6gte instrumenter eller individuelle kunstnere. Navnene p\u00e5 modeller eller kunstnere er [&hellip;]<\/p>\n","protected":false},"featured_media":44979,"comment_status":"open","ping_status":"closed","template":"","meta":[],"product_brand":[],"product_cat":[31],"product_tag":[],"class_list":{"0":"post-27231","1":"product","2":"type-product","3":"status-publish","4":"has-post-thumbnail","6":"product_cat-uncategorized-da","8":"first","9":"instock","10":"shipping-taxable","11":"purchasable","12":"product-type-simple"},"_links":{"self":[{"href":"https:\/\/nordicmart.andreevmaster.com\/da\/wp-json\/wp\/v2\/product\/27231","targetHints":{"allow":["GET"]}}],"collection":[{"href":"https:\/\/nordicmart.andreevmaster.com\/da\/wp-json\/wp\/v2\/product"}],"about":[{"href":"https:\/\/nordicmart.andreevmaster.com\/da\/wp-json\/wp\/v2\/types\/product"}],"replies":[{"embeddable":true,"href":"https:\/\/nordicmart.andreevmaster.com\/da\/wp-json\/wp\/v2\/comments?post=27231"}],"wp:featuredmedia":[{"embeddable":true,"href":"https:\/\/nordicmart.andreevmaster.com\/da\/wp-json\/wp\/v2\/media\/44979"}],"wp:attachment":[{"href":"https:\/\/nordicmart.andreevmaster.com\/da\/wp-json\/wp\/v2\/media?parent=27231"}],"wp:term":[{"taxonomy":"product_brand","embeddable":true,"href":"https:\/\/nordicmart.andreevmaster.com\/da\/wp-json\/wp\/v2\/product_brand?post=27231"},{"taxonomy":"product_cat","embeddable":true,"href":"https:\/\/nordicmart.andreevmaster.com\/da\/wp-json\/wp\/v2\/product_cat?post=27231"},{"taxonomy":"product_tag","embeddable":true,"href":"https:\/\/nordicmart.andreevmaster.com\/da\/wp-json\/wp\/v2\/product_tag?post=27231"}],"curies":[{"name":"wp","href":"https:\/\/api.w.org\/{rel}","templated":true}]}}