{"id":27230,"date":"2026-02-27T00:36:02","date_gmt":"2026-02-27T00:36:02","guid":{"rendered":"https:\/\/nordicmart.andreevmaster.com\/product\/gylden-dekorativ-figur-dancer-vir2\/"},"modified":"2026-02-27T09:14:48","modified_gmt":"2026-02-27T09:14:48","slug":"gylden-dekorativ-figur-dancer-vir2","status":"publish","type":"product","link":"https:\/\/nordicmart.andreevmaster.com\/da\/vare\/gylden-dekorativ-figur-dancer-vir2\/","title":{"rendered":"Gylden dekorativ figur Dancer VIR2"},"content":{"rendered":"<p>Gylden dekorativ figur Dancer VIR2&nbsp;&nbsp;&nbsp;Dans er en udtryksform, det er frihed og sublimitet. Nogle gange er det en metafor for himmellegemernes bev\u00e6gelse, andre gange en r\u00f8rende historie, der griber hjertet. Dans er naturligvis mange \u00e5rs arbejde for at n\u00e5 perfektion, hvilket er v\u00e6rd at v\u00e6rds\u00e6tte. Den dekorative figur VIR er til dem, der l\u00e6gger deres hjerte p\u00e5 scenen og dansegulvet. Statuen forestiller en dansende kvinde, en ballerina, hvis nederdel p\u00e5 ingen m\u00e5de er i uorden. &nbsp;Det er en unik gave til en danser, ballerina eller til stjernetegnet Jomfruen. Den vil fungere godt som en pr\u00e6mie til vinderen af en dansekonkurrence, som vil indtage en \u00e6resplads i hjemmets vitrineskab. &nbsp;&nbsp;Produktinformation: &nbsp;Figur lavet af aluminiumDimensioner: 28x20x7 cm&nbsp;<\/p>\n","protected":false},"excerpt":{"rendered":"<p>Gylden dekorativ figur Dancer VIR2&nbsp;&nbsp;&nbsp;Dans er en udtryksform, det er frihed og sublimitet. Nogle gange er det en metafor for himmellegemernes bev\u00e6gelse, andre gange en r\u00f8rende historie, der griber hjertet. Dans er naturligvis mange \u00e5rs arbejde for at n\u00e5 perfektion, hvilket er v\u00e6rd at v\u00e6rds\u00e6tte. Den dekorative figur VIR er til dem, der l\u00e6gger deres [&hellip;]<\/p>\n","protected":false},"featured_media":44978,"comment_status":"open","ping_status":"closed","template":"","meta":[],"product_brand":[],"product_cat":[31],"product_tag":[],"class_list":{"0":"post-27230","1":"product","2":"type-product","3":"status-publish","4":"has-post-thumbnail","6":"product_cat-uncategorized-da","8":"first","9":"instock","10":"shipping-taxable","11":"purchasable","12":"product-type-simple"},"_links":{"self":[{"href":"https:\/\/nordicmart.andreevmaster.com\/da\/wp-json\/wp\/v2\/product\/27230","targetHints":{"allow":["GET"]}}],"collection":[{"href":"https:\/\/nordicmart.andreevmaster.com\/da\/wp-json\/wp\/v2\/product"}],"about":[{"href":"https:\/\/nordicmart.andreevmaster.com\/da\/wp-json\/wp\/v2\/types\/product"}],"replies":[{"embeddable":true,"href":"https:\/\/nordicmart.andreevmaster.com\/da\/wp-json\/wp\/v2\/comments?post=27230"}],"wp:featuredmedia":[{"embeddable":true,"href":"https:\/\/nordicmart.andreevmaster.com\/da\/wp-json\/wp\/v2\/media\/44978"}],"wp:attachment":[{"href":"https:\/\/nordicmart.andreevmaster.com\/da\/wp-json\/wp\/v2\/media?parent=27230"}],"wp:term":[{"taxonomy":"product_brand","embeddable":true,"href":"https:\/\/nordicmart.andreevmaster.com\/da\/wp-json\/wp\/v2\/product_brand?post=27230"},{"taxonomy":"product_cat","embeddable":true,"href":"https:\/\/nordicmart.andreevmaster.com\/da\/wp-json\/wp\/v2\/product_cat?post=27230"},{"taxonomy":"product_tag","embeddable":true,"href":"https:\/\/nordicmart.andreevmaster.com\/da\/wp-json\/wp\/v2\/product_tag?post=27230"}],"curies":[{"name":"wp","href":"https:\/\/api.w.org\/{rel}","templated":true}]}}