{"id":27229,"date":"2026-02-27T00:36:02","date_gmt":"2026-02-27T00:36:02","guid":{"rendered":"https:\/\/nordicmart.andreevmaster.com\/product\/jimmy-page-mini-guitar-i-ramme-fmg-012\/"},"modified":"2026-02-27T09:14:48","modified_gmt":"2026-02-27T09:14:48","slug":"jimmy-page-mini-guitar-i-ramme-fmg-012","status":"publish","type":"product","link":"https:\/\/nordicmart.andreevmaster.com\/da\/vare\/jimmy-page-mini-guitar-i-ramme-fmg-012\/","title":{"rendered":"Jimmy Page mini-guitar i ramme FMG-012"},"content":{"rendered":"<p>Jimmy Page mini-guitar i ramme FMG-012&nbsp;En mini-guitar inspireret af Jimmy Pages arbejde fra Led Zeppelin er en musikalsk gadget, der vil appellere til fans af det legendariske britiske band. Det er en fantastisk gave til en hardrock-elsker, en gave til en Zeppelin-fan eller en gadget til en guitarvirtuos. Rammen med guitaren kan b\u00e5de h\u00e6nges p\u00e5 v\u00e6ggen og placeres p\u00e5 skrivebordet.&nbsp;Mini-guitaren er lavet af st\u00e5l. Tr\u00e6ramme. Samlerobjekt. Guitaren er ikke et leget\u00f8j. Kan ikke spilles p\u00e5.&nbsp;Mini Jimmy Page indrammet guitar FMG-012 specifikationer:&nbsp;&bull; Ramme dimensioner: 1,3 cm x 16 cm x 21,4 cm&bull; Materiale: tr\u00e6, st\u00e5l (guitar)&bull; Farve: flerfarvet&bull; Rammen kan h\u00e6nges op eller stilles op.&nbsp;Jimmy Page mini-guitaren i rammen er perfekt som:&nbsp;&bull; Gave til en Led Zeppelin-fan&bull; Gadget til guitaristen&bull; Gave til en guitarvirtuos&bull; Musikalsk v\u00e6gdekoration&bull; Musikalsk dekoration til skrivebordet&nbsp;OBS! S\u00e6lgeren er p\u00e5 ingen m\u00e5de tilknyttet producenter af \u00e6gte instrumenter eller individuelle kunstnere. Navnene p\u00e5 modellerne eller navnene p\u00e5 kunstnerne er eksempler. Ber\u00f8mte navne tjener kun til at vise en bestemt musikstil. Ingen af instrumenterne er en n\u00f8jagtig kopi med hensyn til proportioner, st\u00f8rrelse og design.&nbsp;&nbsp;<\/p>\n","protected":false},"excerpt":{"rendered":"<p>Jimmy Page mini-guitar i ramme FMG-012&nbsp;En mini-guitar inspireret af Jimmy Pages arbejde fra Led Zeppelin er en musikalsk gadget, der vil appellere til fans af det legendariske britiske band. Det er en fantastisk gave til en hardrock-elsker, en gave til en Zeppelin-fan eller en gadget til en guitarvirtuos. Rammen med guitaren kan b\u00e5de h\u00e6nges p\u00e5 [&hellip;]<\/p>\n","protected":false},"featured_media":44977,"comment_status":"open","ping_status":"closed","template":"","meta":[],"product_brand":[],"product_cat":[31],"product_tag":[],"class_list":{"0":"post-27229","1":"product","2":"type-product","3":"status-publish","4":"has-post-thumbnail","6":"product_cat-uncategorized-da","8":"first","9":"instock","10":"shipping-taxable","11":"purchasable","12":"product-type-simple"},"_links":{"self":[{"href":"https:\/\/nordicmart.andreevmaster.com\/da\/wp-json\/wp\/v2\/product\/27229","targetHints":{"allow":["GET"]}}],"collection":[{"href":"https:\/\/nordicmart.andreevmaster.com\/da\/wp-json\/wp\/v2\/product"}],"about":[{"href":"https:\/\/nordicmart.andreevmaster.com\/da\/wp-json\/wp\/v2\/types\/product"}],"replies":[{"embeddable":true,"href":"https:\/\/nordicmart.andreevmaster.com\/da\/wp-json\/wp\/v2\/comments?post=27229"}],"wp:featuredmedia":[{"embeddable":true,"href":"https:\/\/nordicmart.andreevmaster.com\/da\/wp-json\/wp\/v2\/media\/44977"}],"wp:attachment":[{"href":"https:\/\/nordicmart.andreevmaster.com\/da\/wp-json\/wp\/v2\/media?parent=27229"}],"wp:term":[{"taxonomy":"product_brand","embeddable":true,"href":"https:\/\/nordicmart.andreevmaster.com\/da\/wp-json\/wp\/v2\/product_brand?post=27229"},{"taxonomy":"product_cat","embeddable":true,"href":"https:\/\/nordicmart.andreevmaster.com\/da\/wp-json\/wp\/v2\/product_cat?post=27229"},{"taxonomy":"product_tag","embeddable":true,"href":"https:\/\/nordicmart.andreevmaster.com\/da\/wp-json\/wp\/v2\/product_tag?post=27229"}],"curies":[{"name":"wp","href":"https:\/\/api.w.org\/{rel}","templated":true}]}}