{"id":27228,"date":"2026-02-27T00:36:02","date_gmt":"2026-02-27T00:36:02","guid":{"rendered":"https:\/\/nordicmart.andreevmaster.com\/product\/jimmy-page-dobbelthalset-miniguitar-i-ramme-fmg-011\/"},"modified":"2026-02-27T09:14:48","modified_gmt":"2026-02-27T09:14:48","slug":"jimmy-page-dobbelthalset-miniguitar-i-ramme-fmg-011","status":"publish","type":"product","link":"https:\/\/nordicmart.andreevmaster.com\/da\/vare\/jimmy-page-dobbelthalset-miniguitar-i-ramme-fmg-011\/","title":{"rendered":"Jimmy Page dobbelthalset miniguitar i ramme FMG-011"},"content":{"rendered":"<p>Jimmy Page dobbelthalset miniguitar i ramme FMG-011&nbsp;Miniguitaren, der er inspireret af den legendariske dobbelthalsede guitar, som Jimmy Page fra Led Zeppelin brugte, er et musikalsk gadget, der vil appellere til fans af det ikoniske britiske band. Det er en fantastisk gave til en elsker af hardrock-pionerer, en gave til en Zeppelin-fan og guitarvirtuoser. En guitar i en ramme kan dekorere b\u00e5de v\u00e6ggen og musikerens skrivebord.&nbsp;Mini-guitaren er lavet af st\u00e5l. Tr\u00e6ramme. Samlerobjekt. Guitaren er ikke et leget\u00f8j. Kan ikke spilles p\u00e5.&nbsp;Jimmy Page dobbelthalset miniguitar i ramme FMG-011 specifikationer:&nbsp;&bull; Ramme dimensioner: 1,3 cm x 16 cm x 21,4 cm&bull; Materiale: tr\u00e6, st\u00e5l (guitar)&bull; Farve: flerfarvet&bull; Rammen kan h\u00e6nges op eller stilles p\u00e5 f.eks. en hylde &nbsp;Jimmy Page dobbelthals mini-guitar i FMG-011 rammen er perfekt som:&nbsp;&bull; En gave til en Jimmy Page-fan&bull; Gadget til guitaristen&bull; En gave til en guitarvirtuos&bull; Musikalsk v\u00e6gdekoration&bull; Musikalsk skrivebordsdekoration&nbsp;OBS! S\u00e6lgeren er p\u00e5 ingen m\u00e5de tilknyttet producenterne af \u00e6gte instrumenter eller individuelle kunstnere. Navnene p\u00e5 modellerne eller kunstnerne er eksempler. Ber\u00f8mte navne tjener kun til at vise en bestemt musikstil. Ingen af instrumenterne er en n\u00f8jagtig kopi med hensyn til proportioner, st\u00f8rrelse og design.&nbsp;&nbsp;<\/p>\n","protected":false},"excerpt":{"rendered":"<p>Jimmy Page dobbelthalset miniguitar i ramme FMG-011&nbsp;Miniguitaren, der er inspireret af den legendariske dobbelthalsede guitar, som Jimmy Page fra Led Zeppelin brugte, er et musikalsk gadget, der vil appellere til fans af det ikoniske britiske band. Det er en fantastisk gave til en elsker af hardrock-pionerer, en gave til en Zeppelin-fan og guitarvirtuoser. En guitar [&hellip;]<\/p>\n","protected":false},"featured_media":44976,"comment_status":"open","ping_status":"closed","template":"","meta":[],"product_brand":[],"product_cat":[31],"product_tag":[],"class_list":{"0":"post-27228","1":"product","2":"type-product","3":"status-publish","4":"has-post-thumbnail","6":"product_cat-uncategorized-da","8":"first","9":"instock","10":"shipping-taxable","11":"purchasable","12":"product-type-simple"},"_links":{"self":[{"href":"https:\/\/nordicmart.andreevmaster.com\/da\/wp-json\/wp\/v2\/product\/27228","targetHints":{"allow":["GET"]}}],"collection":[{"href":"https:\/\/nordicmart.andreevmaster.com\/da\/wp-json\/wp\/v2\/product"}],"about":[{"href":"https:\/\/nordicmart.andreevmaster.com\/da\/wp-json\/wp\/v2\/types\/product"}],"replies":[{"embeddable":true,"href":"https:\/\/nordicmart.andreevmaster.com\/da\/wp-json\/wp\/v2\/comments?post=27228"}],"wp:featuredmedia":[{"embeddable":true,"href":"https:\/\/nordicmart.andreevmaster.com\/da\/wp-json\/wp\/v2\/media\/44976"}],"wp:attachment":[{"href":"https:\/\/nordicmart.andreevmaster.com\/da\/wp-json\/wp\/v2\/media?parent=27228"}],"wp:term":[{"taxonomy":"product_brand","embeddable":true,"href":"https:\/\/nordicmart.andreevmaster.com\/da\/wp-json\/wp\/v2\/product_brand?post=27228"},{"taxonomy":"product_cat","embeddable":true,"href":"https:\/\/nordicmart.andreevmaster.com\/da\/wp-json\/wp\/v2\/product_cat?post=27228"},{"taxonomy":"product_tag","embeddable":true,"href":"https:\/\/nordicmart.andreevmaster.com\/da\/wp-json\/wp\/v2\/product_tag?post=27228"}],"curies":[{"name":"wp","href":"https:\/\/api.w.org\/{rel}","templated":true}]}}