{"id":27226,"date":"2026-02-27T00:36:01","date_gmt":"2026-02-27T00:36:01","guid":{"rendered":"https:\/\/nordicmart.andreevmaster.com\/product\/gulddekoration-fjer-307-cm-43933fjh\/"},"modified":"2026-02-27T09:14:47","modified_gmt":"2026-02-27T09:14:47","slug":"gulddekoration-fjer-307-cm-43933fjh","status":"publish","type":"product","link":"https:\/\/nordicmart.andreevmaster.com\/da\/vare\/gulddekoration-fjer-307-cm-43933fjh\/","title":{"rendered":"Gulddekoration &#8211; Fjer &#8211; 30,7 cm &#8211; 43933FJH"},"content":{"rendered":"<p>Gulddekoration &#8211; Fjer &#8211; 30,7 cm &#8211; 43933FJH&nbsp;&nbsp;Elegant guldfjer, der vil tilf\u00f8re ethvert interi\u00f8r et chic touch. Ideel til dem, der s\u00e6tter pris p\u00e5 originale dekorationer. Den vil v\u00e6re et perfekt supplement til ethvert moderne interi\u00f8r.&nbsp;&nbsp;Produktinformation:&nbsp;M\u00e5l: 8 x 7,6 30,7 cmMateriale: polyresinFarve: guld, sort (base)Stil: moderne, glamour&nbsp;<\/p>\n","protected":false},"excerpt":{"rendered":"<p>Gulddekoration &#8211; Fjer &#8211; 30,7 cm &#8211; 43933FJH&nbsp;&nbsp;Elegant guldfjer, der vil tilf\u00f8re ethvert interi\u00f8r et chic touch. Ideel til dem, der s\u00e6tter pris p\u00e5 originale dekorationer. Den vil v\u00e6re et perfekt supplement til ethvert moderne interi\u00f8r.&nbsp;&nbsp;Produktinformation:&nbsp;M\u00e5l: 8 x 7,6 30,7 cmMateriale: polyresinFarve: guld, sort (base)Stil: moderne, glamour&nbsp;<\/p>\n","protected":false},"featured_media":44974,"comment_status":"open","ping_status":"closed","template":"","meta":[],"product_brand":[],"product_cat":[31],"product_tag":[],"class_list":{"0":"post-27226","1":"product","2":"type-product","3":"status-publish","4":"has-post-thumbnail","6":"product_cat-uncategorized-da","8":"first","9":"instock","10":"shipping-taxable","11":"purchasable","12":"product-type-simple"},"_links":{"self":[{"href":"https:\/\/nordicmart.andreevmaster.com\/da\/wp-json\/wp\/v2\/product\/27226","targetHints":{"allow":["GET"]}}],"collection":[{"href":"https:\/\/nordicmart.andreevmaster.com\/da\/wp-json\/wp\/v2\/product"}],"about":[{"href":"https:\/\/nordicmart.andreevmaster.com\/da\/wp-json\/wp\/v2\/types\/product"}],"replies":[{"embeddable":true,"href":"https:\/\/nordicmart.andreevmaster.com\/da\/wp-json\/wp\/v2\/comments?post=27226"}],"wp:featuredmedia":[{"embeddable":true,"href":"https:\/\/nordicmart.andreevmaster.com\/da\/wp-json\/wp\/v2\/media\/44974"}],"wp:attachment":[{"href":"https:\/\/nordicmart.andreevmaster.com\/da\/wp-json\/wp\/v2\/media?parent=27226"}],"wp:term":[{"taxonomy":"product_brand","embeddable":true,"href":"https:\/\/nordicmart.andreevmaster.com\/da\/wp-json\/wp\/v2\/product_brand?post=27226"},{"taxonomy":"product_cat","embeddable":true,"href":"https:\/\/nordicmart.andreevmaster.com\/da\/wp-json\/wp\/v2\/product_cat?post=27226"},{"taxonomy":"product_tag","embeddable":true,"href":"https:\/\/nordicmart.andreevmaster.com\/da\/wp-json\/wp\/v2\/product_tag?post=27226"}],"curies":[{"name":"wp","href":"https:\/\/api.w.org\/{rel}","templated":true}]}}