{"id":27225,"date":"2026-02-27T00:36:01","date_gmt":"2026-02-27T00:36:01","guid":{"rendered":"https:\/\/nordicmart.andreevmaster.com\/product\/mudra-om-dekorativ-figur-43724\/"},"modified":"2026-02-27T09:14:47","modified_gmt":"2026-02-27T09:14:47","slug":"mudra-om-dekorativ-figur-43724","status":"publish","type":"product","link":"https:\/\/nordicmart.andreevmaster.com\/da\/vare\/mudra-om-dekorativ-figur-43724\/","title":{"rendered":"Mudra OM &#8211; Dekorativ figur &#8211; 43724"},"content":{"rendered":"<p>Mudra OM &#8211; Dekorativ figur &#8211; 43724&nbsp;&nbsp;Elegant figur, der viser OM mudra, en af de mest popul\u00e6re gestus inden for yoga og meditation. Den gyldne farve og det moderne design g\u00f8r den til en unik dekoration, der vil bringe en atmosf\u00e6re af fred og balance til dit interi\u00f8r.&nbsp;Leder du efter en original gave? OM mudra-figur er et fremragende valg. Det er ikke kun et smukt objekt, men ogs\u00e5 et symbol p\u00e5 dyb spirituel praksis.&nbsp;OM mudra er en af de mest popul\u00e6re og universelle gestus inden for yoga og meditation. Det er en symbolsk repr\u00e6sentation af OM-lyden, der i mange kulturer betragtes som universets oprindelige vibration. Form\u00e5let med at udf\u00f8re OM mudra er at forbinde sig med denne kosmiske energi, hvilket f\u00f8rer til dyb afslapning, indre fred og \u00e5ndelig harmoni.&nbsp;&nbsp;Produktinformation:&nbsp;M\u00e5l: 11,7 x 10 x 21,3 cmMateriale: polyresinFarve: guldStil: moderne, glamour&nbsp;<\/p>\n","protected":false},"excerpt":{"rendered":"<p>Mudra OM &#8211; Dekorativ figur &#8211; 43724&nbsp;&nbsp;Elegant figur, der viser OM mudra, en af de mest popul\u00e6re gestus inden for yoga og meditation. Den gyldne farve og det moderne design g\u00f8r den til en unik dekoration, der vil bringe en atmosf\u00e6re af fred og balance til dit interi\u00f8r.&nbsp;Leder du efter en original gave? OM mudra-figur [&hellip;]<\/p>\n","protected":false},"featured_media":44973,"comment_status":"open","ping_status":"closed","template":"","meta":[],"product_brand":[],"product_cat":[31],"product_tag":[],"class_list":{"0":"post-27225","1":"product","2":"type-product","3":"status-publish","4":"has-post-thumbnail","6":"product_cat-uncategorized-da","8":"first","9":"instock","10":"shipping-taxable","11":"purchasable","12":"product-type-simple"},"_links":{"self":[{"href":"https:\/\/nordicmart.andreevmaster.com\/da\/wp-json\/wp\/v2\/product\/27225","targetHints":{"allow":["GET"]}}],"collection":[{"href":"https:\/\/nordicmart.andreevmaster.com\/da\/wp-json\/wp\/v2\/product"}],"about":[{"href":"https:\/\/nordicmart.andreevmaster.com\/da\/wp-json\/wp\/v2\/types\/product"}],"replies":[{"embeddable":true,"href":"https:\/\/nordicmart.andreevmaster.com\/da\/wp-json\/wp\/v2\/comments?post=27225"}],"wp:featuredmedia":[{"embeddable":true,"href":"https:\/\/nordicmart.andreevmaster.com\/da\/wp-json\/wp\/v2\/media\/44973"}],"wp:attachment":[{"href":"https:\/\/nordicmart.andreevmaster.com\/da\/wp-json\/wp\/v2\/media?parent=27225"}],"wp:term":[{"taxonomy":"product_brand","embeddable":true,"href":"https:\/\/nordicmart.andreevmaster.com\/da\/wp-json\/wp\/v2\/product_brand?post=27225"},{"taxonomy":"product_cat","embeddable":true,"href":"https:\/\/nordicmart.andreevmaster.com\/da\/wp-json\/wp\/v2\/product_cat?post=27225"},{"taxonomy":"product_tag","embeddable":true,"href":"https:\/\/nordicmart.andreevmaster.com\/da\/wp-json\/wp\/v2\/product_tag?post=27225"}],"curies":[{"name":"wp","href":"https:\/\/api.w.org\/{rel}","templated":true}]}}