{"id":27224,"date":"2026-02-27T00:36:00","date_gmt":"2026-02-27T00:36:00","guid":{"rendered":"https:\/\/nordicmart.andreevmaster.com\/product\/yoga-guld-dekorativ-figur-42721y2\/"},"modified":"2026-02-27T09:14:47","modified_gmt":"2026-02-27T09:14:47","slug":"yoga-guld-dekorativ-figur-42721y2","status":"publish","type":"product","link":"https:\/\/nordicmart.andreevmaster.com\/da\/vare\/yoga-guld-dekorativ-figur-42721y2\/","title":{"rendered":"Yoga &#8211; guld dekorativ figur &#8211; 42721Y2"},"content":{"rendered":"<p>Yoga &#8211; dekorativ figur i guld &#8211; 42721Y2&nbsp;&nbsp;Guldfigur i yoga-stil &#8211; en elegant gave til en yogalsker. En delikat figur, der forestiller en kvinde i en yogastilling, er en perfekt dekoration til ethvert interi\u00f8r.&nbsp;Figuren, der forestiller en kvinde i en yogastilling, er ikke kun et smukt tilbeh\u00f8r, men ogs\u00e5 et symbol p\u00e5 balance mellem krop og \u00e5nd. Leder du efter en gave til en person, der elsker yoga? Denne elegante figur vil helt sikkert gl\u00e6de hende.&nbsp;&nbsp;Produktinformation:&nbsp;M\u00e5l: 12,8 x 6,5 x 15,8 cmMateriale: polyresinFarve: guldStil: moderne, glamour&nbsp;<\/p>\n","protected":false},"excerpt":{"rendered":"<p>Yoga &#8211; dekorativ figur i guld &#8211; 42721Y2&nbsp;&nbsp;Guldfigur i yoga-stil &#8211; en elegant gave til en yogalsker. En delikat figur, der forestiller en kvinde i en yogastilling, er en perfekt dekoration til ethvert interi\u00f8r.&nbsp;Figuren, der forestiller en kvinde i en yogastilling, er ikke kun et smukt tilbeh\u00f8r, men ogs\u00e5 et symbol p\u00e5 balance mellem krop [&hellip;]<\/p>\n","protected":false},"featured_media":44972,"comment_status":"open","ping_status":"closed","template":"","meta":[],"product_brand":[],"product_cat":[31],"product_tag":[],"class_list":{"0":"post-27224","1":"product","2":"type-product","3":"status-publish","4":"has-post-thumbnail","6":"product_cat-uncategorized-da","8":"first","9":"instock","10":"shipping-taxable","11":"purchasable","12":"product-type-simple"},"_links":{"self":[{"href":"https:\/\/nordicmart.andreevmaster.com\/da\/wp-json\/wp\/v2\/product\/27224","targetHints":{"allow":["GET"]}}],"collection":[{"href":"https:\/\/nordicmart.andreevmaster.com\/da\/wp-json\/wp\/v2\/product"}],"about":[{"href":"https:\/\/nordicmart.andreevmaster.com\/da\/wp-json\/wp\/v2\/types\/product"}],"replies":[{"embeddable":true,"href":"https:\/\/nordicmart.andreevmaster.com\/da\/wp-json\/wp\/v2\/comments?post=27224"}],"wp:featuredmedia":[{"embeddable":true,"href":"https:\/\/nordicmart.andreevmaster.com\/da\/wp-json\/wp\/v2\/media\/44972"}],"wp:attachment":[{"href":"https:\/\/nordicmart.andreevmaster.com\/da\/wp-json\/wp\/v2\/media?parent=27224"}],"wp:term":[{"taxonomy":"product_brand","embeddable":true,"href":"https:\/\/nordicmart.andreevmaster.com\/da\/wp-json\/wp\/v2\/product_brand?post=27224"},{"taxonomy":"product_cat","embeddable":true,"href":"https:\/\/nordicmart.andreevmaster.com\/da\/wp-json\/wp\/v2\/product_cat?post=27224"},{"taxonomy":"product_tag","embeddable":true,"href":"https:\/\/nordicmart.andreevmaster.com\/da\/wp-json\/wp\/v2\/product_tag?post=27224"}],"curies":[{"name":"wp","href":"https:\/\/api.w.org\/{rel}","templated":true}]}}