{"id":27223,"date":"2026-02-27T00:36:00","date_gmt":"2026-02-27T00:36:00","guid":{"rendered":"https:\/\/nordicmart.andreevmaster.com\/product\/elefant-for-held-dekorativ-figur-43679\/"},"modified":"2026-02-27T09:14:47","modified_gmt":"2026-02-27T09:14:47","slug":"elefant-for-held-dekorativ-figur-43679","status":"publish","type":"product","link":"https:\/\/nordicmart.andreevmaster.com\/da\/vare\/elefant-for-held-dekorativ-figur-43679\/","title":{"rendered":"Elefant for held &#8211; dekorativ figur &#8211; 43679"},"content":{"rendered":"<p>Elefant for held &#8211; dekorativ figur &#8211; 43679&nbsp;&nbsp;Dekorativ elefantfigur &#8211; et supplement til dit interi\u00f8r. Denne skinnende elefantfigur i guldfarve er en perfekt dekoration til en hylde, kommode eller skrivebord.&nbsp;Den elegante elefantfigur er et symbol p\u00e5 held og velstand. Ideel som en lille gave eller som en dekoration i moderne stil. &nbsp;I mange landes kultur betragtes elefanten som et symbol p\u00e5 visdom, styrke og held. Den l\u00f8ftede snabel forst\u00e6rker figurens betydning yderligere og symboliserer gl\u00e6de og succes. If\u00f8lge overtroen spreder en elefant med l\u00f8ftet snabel negativ energi og tiltr\u00e6kker lykke og velstand til hjemmet.&nbsp;&nbsp;Produktinformation:&nbsp;M\u00e5l: 22,1 x 9,5 x 12,9 cmMateriale: polyresinFarve: guldStil: moderne, glamour&nbsp;<\/p>\n","protected":false},"excerpt":{"rendered":"<p>Elefant for held &#8211; dekorativ figur &#8211; 43679&nbsp;&nbsp;Dekorativ elefantfigur &#8211; et supplement til dit interi\u00f8r. Denne skinnende elefantfigur i guldfarve er en perfekt dekoration til en hylde, kommode eller skrivebord.&nbsp;Den elegante elefantfigur er et symbol p\u00e5 held og velstand. Ideel som en lille gave eller som en dekoration i moderne stil. &nbsp;I mange landes kultur [&hellip;]<\/p>\n","protected":false},"featured_media":44971,"comment_status":"open","ping_status":"closed","template":"","meta":[],"product_brand":[],"product_cat":[31],"product_tag":[],"class_list":{"0":"post-27223","1":"product","2":"type-product","3":"status-publish","4":"has-post-thumbnail","6":"product_cat-uncategorized-da","8":"first","9":"instock","10":"shipping-taxable","11":"purchasable","12":"product-type-simple"},"_links":{"self":[{"href":"https:\/\/nordicmart.andreevmaster.com\/da\/wp-json\/wp\/v2\/product\/27223","targetHints":{"allow":["GET"]}}],"collection":[{"href":"https:\/\/nordicmart.andreevmaster.com\/da\/wp-json\/wp\/v2\/product"}],"about":[{"href":"https:\/\/nordicmart.andreevmaster.com\/da\/wp-json\/wp\/v2\/types\/product"}],"replies":[{"embeddable":true,"href":"https:\/\/nordicmart.andreevmaster.com\/da\/wp-json\/wp\/v2\/comments?post=27223"}],"wp:featuredmedia":[{"embeddable":true,"href":"https:\/\/nordicmart.andreevmaster.com\/da\/wp-json\/wp\/v2\/media\/44971"}],"wp:attachment":[{"href":"https:\/\/nordicmart.andreevmaster.com\/da\/wp-json\/wp\/v2\/media?parent=27223"}],"wp:term":[{"taxonomy":"product_brand","embeddable":true,"href":"https:\/\/nordicmart.andreevmaster.com\/da\/wp-json\/wp\/v2\/product_brand?post=27223"},{"taxonomy":"product_cat","embeddable":true,"href":"https:\/\/nordicmart.andreevmaster.com\/da\/wp-json\/wp\/v2\/product_cat?post=27223"},{"taxonomy":"product_tag","embeddable":true,"href":"https:\/\/nordicmart.andreevmaster.com\/da\/wp-json\/wp\/v2\/product_tag?post=27223"}],"curies":[{"name":"wp","href":"https:\/\/api.w.org\/{rel}","templated":true}]}}