{"id":27222,"date":"2026-02-27T00:36:00","date_gmt":"2026-02-27T00:36:00","guid":{"rendered":"https:\/\/nordicmart.andreevmaster.com\/product\/dekorativ-figur-hjerte-symbol-44190fj\/"},"modified":"2026-02-27T09:14:46","modified_gmt":"2026-02-27T09:14:46","slug":"dekorativ-figur-hjerte-symbol-44190fj","status":"publish","type":"product","link":"https:\/\/nordicmart.andreevmaster.com\/da\/vare\/dekorativ-figur-hjerte-symbol-44190fj\/","title":{"rendered":"Dekorativ figur &#8211; Hjerte-symbol &#8211; 44190FJ."},"content":{"rendered":"<p>Dekorativ figur &#8211; Hjerte-symbol &#8211; 44190FJ&nbsp;&nbsp;Figur Hjerte af h\u00e6nder &#8211; en elegant tilf\u00f8jelse til dit interi\u00f8r. Guldfigur med h\u00e6nder arrangeret i form af et hjerte er et tidl\u00f8st symbol p\u00e5 k\u00e6rlighed og venskab. Ideel til moderne interi\u00f8r. Guldfarven og den elegante hjerteform g\u00f8r den til en perfekt dekoration til stuen, sovev\u00e6relset eller kontoret.&nbsp;&nbsp;Produktinformation:&nbsp;M\u00e5l: 12,8 x 7,6 x 16,4 cmMateriale: polyresinFarve: guldStil: moderne, glamour&nbsp;<\/p>\n","protected":false},"excerpt":{"rendered":"<p>Dekorativ figur &#8211; Hjerte-symbol &#8211; 44190FJ&nbsp;&nbsp;Figur Hjerte af h\u00e6nder &#8211; en elegant tilf\u00f8jelse til dit interi\u00f8r. Guldfigur med h\u00e6nder arrangeret i form af et hjerte er et tidl\u00f8st symbol p\u00e5 k\u00e6rlighed og venskab. Ideel til moderne interi\u00f8r. Guldfarven og den elegante hjerteform g\u00f8r den til en perfekt dekoration til stuen, sovev\u00e6relset eller kontoret.&nbsp;&nbsp;Produktinformation:&nbsp;M\u00e5l: 12,8 x [&hellip;]<\/p>\n","protected":false},"featured_media":44970,"comment_status":"open","ping_status":"closed","template":"","meta":[],"product_brand":[],"product_cat":[31],"product_tag":[],"class_list":{"0":"post-27222","1":"product","2":"type-product","3":"status-publish","4":"has-post-thumbnail","6":"product_cat-uncategorized-da","8":"first","9":"instock","10":"shipping-taxable","11":"purchasable","12":"product-type-simple"},"_links":{"self":[{"href":"https:\/\/nordicmart.andreevmaster.com\/da\/wp-json\/wp\/v2\/product\/27222","targetHints":{"allow":["GET"]}}],"collection":[{"href":"https:\/\/nordicmart.andreevmaster.com\/da\/wp-json\/wp\/v2\/product"}],"about":[{"href":"https:\/\/nordicmart.andreevmaster.com\/da\/wp-json\/wp\/v2\/types\/product"}],"replies":[{"embeddable":true,"href":"https:\/\/nordicmart.andreevmaster.com\/da\/wp-json\/wp\/v2\/comments?post=27222"}],"wp:featuredmedia":[{"embeddable":true,"href":"https:\/\/nordicmart.andreevmaster.com\/da\/wp-json\/wp\/v2\/media\/44970"}],"wp:attachment":[{"href":"https:\/\/nordicmart.andreevmaster.com\/da\/wp-json\/wp\/v2\/media?parent=27222"}],"wp:term":[{"taxonomy":"product_brand","embeddable":true,"href":"https:\/\/nordicmart.andreevmaster.com\/da\/wp-json\/wp\/v2\/product_brand?post=27222"},{"taxonomy":"product_cat","embeddable":true,"href":"https:\/\/nordicmart.andreevmaster.com\/da\/wp-json\/wp\/v2\/product_cat?post=27222"},{"taxonomy":"product_tag","embeddable":true,"href":"https:\/\/nordicmart.andreevmaster.com\/da\/wp-json\/wp\/v2\/product_tag?post=27222"}],"curies":[{"name":"wp","href":"https:\/\/api.w.org\/{rel}","templated":true}]}}