{"id":27221,"date":"2026-02-27T00:36:00","date_gmt":"2026-02-27T00:36:00","guid":{"rendered":"https:\/\/nordicmart.andreevmaster.com\/product\/glamour-dekoration-fugle-44186fjz\/"},"modified":"2026-02-27T09:14:46","modified_gmt":"2026-02-27T09:14:46","slug":"glamour-dekoration-fugle-44186fjz","status":"publish","type":"product","link":"https:\/\/nordicmart.andreevmaster.com\/da\/vare\/glamour-dekoration-fugle-44186fjz\/","title":{"rendered":"Glamour Dekoration &#8211; Fugle &#8211; 44186FJZ"},"content":{"rendered":"<p>Dekoration &#8211; Fugle &#8211; 44186FJZ&nbsp;&nbsp;5 gyldne fugle &#8211; en diskret dekoration til et moderne interi\u00f8r. Fem gyldne fugle p\u00e5 en sort base vil give liv til ethvert rum. Fremstillet af holdbart polyresin. Denne lille, men i\u00f8jnefaldende dekoration vil tilf\u00f8re karakter til ethvert interi\u00f8r.&nbsp;&nbsp;Produktinformation:&nbsp;M\u00e5l: 17 x 8 x 25,5 cmMateriale: polyresinFarve: guld, sortStil: moderne, minimalistisk<\/p>\n","protected":false},"excerpt":{"rendered":"<p>Dekoration &#8211; Fugle &#8211; 44186FJZ&nbsp;&nbsp;5 gyldne fugle &#8211; en diskret dekoration til et moderne interi\u00f8r. Fem gyldne fugle p\u00e5 en sort base vil give liv til ethvert rum. Fremstillet af holdbart polyresin. Denne lille, men i\u00f8jnefaldende dekoration vil tilf\u00f8re karakter til ethvert interi\u00f8r.&nbsp;&nbsp;Produktinformation:&nbsp;M\u00e5l: 17 x 8 x 25,5 cmMateriale: polyresinFarve: guld, sortStil: moderne, minimalistisk<\/p>\n","protected":false},"featured_media":44969,"comment_status":"open","ping_status":"closed","template":"","meta":[],"product_brand":[],"product_cat":[31],"product_tag":[],"class_list":{"0":"post-27221","1":"product","2":"type-product","3":"status-publish","4":"has-post-thumbnail","6":"product_cat-uncategorized-da","8":"first","9":"instock","10":"shipping-taxable","11":"purchasable","12":"product-type-simple"},"_links":{"self":[{"href":"https:\/\/nordicmart.andreevmaster.com\/da\/wp-json\/wp\/v2\/product\/27221","targetHints":{"allow":["GET"]}}],"collection":[{"href":"https:\/\/nordicmart.andreevmaster.com\/da\/wp-json\/wp\/v2\/product"}],"about":[{"href":"https:\/\/nordicmart.andreevmaster.com\/da\/wp-json\/wp\/v2\/types\/product"}],"replies":[{"embeddable":true,"href":"https:\/\/nordicmart.andreevmaster.com\/da\/wp-json\/wp\/v2\/comments?post=27221"}],"wp:featuredmedia":[{"embeddable":true,"href":"https:\/\/nordicmart.andreevmaster.com\/da\/wp-json\/wp\/v2\/media\/44969"}],"wp:attachment":[{"href":"https:\/\/nordicmart.andreevmaster.com\/da\/wp-json\/wp\/v2\/media?parent=27221"}],"wp:term":[{"taxonomy":"product_brand","embeddable":true,"href":"https:\/\/nordicmart.andreevmaster.com\/da\/wp-json\/wp\/v2\/product_brand?post=27221"},{"taxonomy":"product_cat","embeddable":true,"href":"https:\/\/nordicmart.andreevmaster.com\/da\/wp-json\/wp\/v2\/product_cat?post=27221"},{"taxonomy":"product_tag","embeddable":true,"href":"https:\/\/nordicmart.andreevmaster.com\/da\/wp-json\/wp\/v2\/product_tag?post=27221"}],"curies":[{"name":"wp","href":"https:\/\/api.w.org\/{rel}","templated":true}]}}