{"id":27220,"date":"2026-02-27T00:35:59","date_gmt":"2026-02-27T00:35:59","guid":{"rendered":"https:\/\/nordicmart.andreevmaster.com\/product\/metalanker-nautisk-dekoration-20-cm-n-2988\/"},"modified":"2026-02-27T09:14:46","modified_gmt":"2026-02-27T09:14:46","slug":"metalanker-nautisk-dekoration-20-cm-n-2988","status":"publish","type":"product","link":"https:\/\/nordicmart.andreevmaster.com\/da\/vare\/metalanker-nautisk-dekoration-20-cm-n-2988\/","title":{"rendered":"Metalanker &#8211; Nautisk dekoration &#8211; 20 cm &#8211; N-2988"},"content":{"rendered":"<p>Metalanker &#8211; Nautisk dekoration &#8211; 20 cm &#8211; N-2988&nbsp;&nbsp;Nautisk karakter&nbsp;&nbsp;Et anker er et ideelt dekorativt element til interi\u00f8rer indrettet i maritim stil. Perfekt til et kontor, stue, sovev\u00e6relse, b\u00f8rnev\u00e6relse samt en restaurant eller bar med maritimt tema.&nbsp;&nbsp;Den perfekte gave til havelskere&nbsp;&nbsp;Metalanker er ogs\u00e5 en perfekt gave til alle hav- og sejladsentusiaster. Det kan b\u00e5de v\u00e6re en praktisk gave og en symbolsk gestus, der udtrykker \u00f8nsker om sikkerhed og lykke under rejsen.&nbsp;&nbsp;Produktinformation:&nbsp;H\u00f8jde: 20 cmMateriale: MetalS\u00f8lvfarveMaritim dekoration, gave til en s\u00f8mandStil: Maritim&nbsp;&nbsp;Anker &#8211; et symbol p\u00e5 sikkerhed og h\u00e5b&nbsp;Ankeret har i \u00e5rhundreder symboliseret sikkerhed, h\u00e5b og stabilitet. I maritim videnskab er det et af de vigtigste symboler, der betyder et sikkert fodf\u00e6ste og en hjemkomst. &nbsp;<\/p>\n","protected":false},"excerpt":{"rendered":"<p>Metalanker &#8211; Nautisk dekoration &#8211; 20 cm &#8211; N-2988&nbsp;&nbsp;Nautisk karakter&nbsp;&nbsp;Et anker er et ideelt dekorativt element til interi\u00f8rer indrettet i maritim stil. Perfekt til et kontor, stue, sovev\u00e6relse, b\u00f8rnev\u00e6relse samt en restaurant eller bar med maritimt tema.&nbsp;&nbsp;Den perfekte gave til havelskere&nbsp;&nbsp;Metalanker er ogs\u00e5 en perfekt gave til alle hav- og sejladsentusiaster. Det kan b\u00e5de v\u00e6re [&hellip;]<\/p>\n","protected":false},"featured_media":44968,"comment_status":"open","ping_status":"closed","template":"","meta":[],"product_brand":[],"product_cat":[31],"product_tag":[],"class_list":{"0":"post-27220","1":"product","2":"type-product","3":"status-publish","4":"has-post-thumbnail","6":"product_cat-uncategorized-da","8":"first","9":"instock","10":"shipping-taxable","11":"purchasable","12":"product-type-simple"},"_links":{"self":[{"href":"https:\/\/nordicmart.andreevmaster.com\/da\/wp-json\/wp\/v2\/product\/27220","targetHints":{"allow":["GET"]}}],"collection":[{"href":"https:\/\/nordicmart.andreevmaster.com\/da\/wp-json\/wp\/v2\/product"}],"about":[{"href":"https:\/\/nordicmart.andreevmaster.com\/da\/wp-json\/wp\/v2\/types\/product"}],"replies":[{"embeddable":true,"href":"https:\/\/nordicmart.andreevmaster.com\/da\/wp-json\/wp\/v2\/comments?post=27220"}],"wp:featuredmedia":[{"embeddable":true,"href":"https:\/\/nordicmart.andreevmaster.com\/da\/wp-json\/wp\/v2\/media\/44968"}],"wp:attachment":[{"href":"https:\/\/nordicmart.andreevmaster.com\/da\/wp-json\/wp\/v2\/media?parent=27220"}],"wp:term":[{"taxonomy":"product_brand","embeddable":true,"href":"https:\/\/nordicmart.andreevmaster.com\/da\/wp-json\/wp\/v2\/product_brand?post=27220"},{"taxonomy":"product_cat","embeddable":true,"href":"https:\/\/nordicmart.andreevmaster.com\/da\/wp-json\/wp\/v2\/product_cat?post=27220"},{"taxonomy":"product_tag","embeddable":true,"href":"https:\/\/nordicmart.andreevmaster.com\/da\/wp-json\/wp\/v2\/product_tag?post=27220"}],"curies":[{"name":"wp","href":"https:\/\/api.w.org\/{rel}","templated":true}]}}