{"id":27219,"date":"2026-02-27T00:35:59","date_gmt":"2026-02-27T00:35:59","guid":{"rendered":"https:\/\/nordicmart.andreevmaster.com\/product\/metalanker-dekoration-20-cm-n-1595\/"},"modified":"2026-02-27T09:14:46","modified_gmt":"2026-02-27T09:14:46","slug":"metalanker-dekoration-20-cm-n-1595","status":"publish","type":"product","link":"https:\/\/nordicmart.andreevmaster.com\/da\/vare\/metalanker-dekoration-20-cm-n-1595\/","title":{"rendered":"Metalanker &#8211; Dekoration &#8211; 20 cm &#8211; N-1595"},"content":{"rendered":"<p>Metalanker &#8211; Dekoration &#8211; 20 cm &#8211; N-1595&nbsp;&nbsp;Leder du efter en stilfuld og unik dekoration til dit interi\u00f8r? V\u00e6lg et metalanker, der giver dit rum et maritimt pr\u00e6g.&nbsp;Ankeret er et tidl\u00f8st dekorativt element, der passer perfekt til interi\u00f8rer indrettet i forskellige stilarter. Det er et perfekt supplement til en maritim indretning, men vil ogs\u00e5 pifte et kolonistil eller moderne interi\u00f8r op. Det vil ogs\u00e5 v\u00e6re en perfekt gaveid\u00e9 til sejlere.&nbsp;&nbsp;Produktinformation:&nbsp;H\u00f8jde: 20 cm Materiale: Metal S\u00f8lvfarvet Perfekt gave til: havelskere, sejlere, folk der s\u00e6tter pris p\u00e5 stilfulde dekorationer Stil: maritim, kolonistil, moderne&nbsp;Anker &#8211; et symbol p\u00e5 sikkerhed og stabilitet&nbsp;Ankeret har i \u00e5rhundreder v\u00e6ret et symbol p\u00e5 sikkerhed og stabilitet. Det forbindes med havet, sejlads og rejser. Et metalanker er den perfekte m\u00e5de at indf\u00f8re en nautisk atmosf\u00e6re i dit interi\u00f8r.&nbsp;<\/p>\n","protected":false},"excerpt":{"rendered":"<p>Metalanker &#8211; Dekoration &#8211; 20 cm &#8211; N-1595&nbsp;&nbsp;Leder du efter en stilfuld og unik dekoration til dit interi\u00f8r? V\u00e6lg et metalanker, der giver dit rum et maritimt pr\u00e6g.&nbsp;Ankeret er et tidl\u00f8st dekorativt element, der passer perfekt til interi\u00f8rer indrettet i forskellige stilarter. Det er et perfekt supplement til en maritim indretning, men vil ogs\u00e5 pifte [&hellip;]<\/p>\n","protected":false},"featured_media":44967,"comment_status":"open","ping_status":"closed","template":"","meta":[],"product_brand":[],"product_cat":[31],"product_tag":[],"class_list":{"0":"post-27219","1":"product","2":"type-product","3":"status-publish","4":"has-post-thumbnail","6":"product_cat-uncategorized-da","8":"first","9":"instock","10":"shipping-taxable","11":"purchasable","12":"product-type-simple"},"_links":{"self":[{"href":"https:\/\/nordicmart.andreevmaster.com\/da\/wp-json\/wp\/v2\/product\/27219","targetHints":{"allow":["GET"]}}],"collection":[{"href":"https:\/\/nordicmart.andreevmaster.com\/da\/wp-json\/wp\/v2\/product"}],"about":[{"href":"https:\/\/nordicmart.andreevmaster.com\/da\/wp-json\/wp\/v2\/types\/product"}],"replies":[{"embeddable":true,"href":"https:\/\/nordicmart.andreevmaster.com\/da\/wp-json\/wp\/v2\/comments?post=27219"}],"wp:featuredmedia":[{"embeddable":true,"href":"https:\/\/nordicmart.andreevmaster.com\/da\/wp-json\/wp\/v2\/media\/44967"}],"wp:attachment":[{"href":"https:\/\/nordicmart.andreevmaster.com\/da\/wp-json\/wp\/v2\/media?parent=27219"}],"wp:term":[{"taxonomy":"product_brand","embeddable":true,"href":"https:\/\/nordicmart.andreevmaster.com\/da\/wp-json\/wp\/v2\/product_brand?post=27219"},{"taxonomy":"product_cat","embeddable":true,"href":"https:\/\/nordicmart.andreevmaster.com\/da\/wp-json\/wp\/v2\/product_cat?post=27219"},{"taxonomy":"product_tag","embeddable":true,"href":"https:\/\/nordicmart.andreevmaster.com\/da\/wp-json\/wp\/v2\/product_tag?post=27219"}],"curies":[{"name":"wp","href":"https:\/\/api.w.org\/{rel}","templated":true}]}}