{"id":27217,"date":"2026-02-27T00:35:58","date_gmt":"2026-02-27T00:35:58","guid":{"rendered":"https:\/\/nordicmart.andreevmaster.com\/product\/redningskrans-vaegdekoration-rs35k-l\/"},"modified":"2026-02-27T09:14:45","modified_gmt":"2026-02-27T09:14:45","slug":"redningskrans-vaegdekoration-rs35k-l","status":"publish","type":"product","link":"https:\/\/nordicmart.andreevmaster.com\/da\/vare\/redningskrans-vaegdekoration-rs35k-l\/","title":{"rendered":"Redningskrans &#8211; v\u00e6gdekoration &#8211; RS35K-L"},"content":{"rendered":"<p>Redningskrans &#8211; v\u00e6gdekoration &#8211; RS35K-L&nbsp;&nbsp;Redningskrans &#8211; nautisk v\u00e6gdekoration, der bringer lidt nautisk atmosf\u00e6re ind i rummet. &nbsp;Redningskransen er lavet af styropor og bekl\u00e6dt med cremefarvet og marinebl\u00e5t stof, dekoreret hele vejen rundt med bomuldsreb. Den ligner en \u00e6gte redningskrans, men i mindre st\u00f8rrelse. Den er ogs\u00e5 en ideel dekoration til ethvert interi\u00f8r. Den kan tilf\u00f8je et maritimt touch til en stue, et sovev\u00e6relse eller endda et kontor. Hjulet vil se godt ud i b\u00e5de moderne og klassiske indretninger.&nbsp;Redningskransen er den perfekte gave til alle, der elsker havet og sejlads.&nbsp;&nbsp;Produktinformation:&nbsp;M\u00e5l: 35 x 5,2 x 37 cmMateriale: stof (yderside), l\u00e6rred, styropor. &nbsp;<\/p>\n","protected":false},"excerpt":{"rendered":"<p>Redningskrans &#8211; v\u00e6gdekoration &#8211; RS35K-L&nbsp;&nbsp;Redningskrans &#8211; nautisk v\u00e6gdekoration, der bringer lidt nautisk atmosf\u00e6re ind i rummet. &nbsp;Redningskransen er lavet af styropor og bekl\u00e6dt med cremefarvet og marinebl\u00e5t stof, dekoreret hele vejen rundt med bomuldsreb. Den ligner en \u00e6gte redningskrans, men i mindre st\u00f8rrelse. Den er ogs\u00e5 en ideel dekoration til ethvert interi\u00f8r. Den kan tilf\u00f8je [&hellip;]<\/p>\n","protected":false},"featured_media":44965,"comment_status":"open","ping_status":"closed","template":"","meta":[],"product_brand":[],"product_cat":[31],"product_tag":[],"class_list":{"0":"post-27217","1":"product","2":"type-product","3":"status-publish","4":"has-post-thumbnail","6":"product_cat-uncategorized-da","8":"first","9":"instock","10":"shipping-taxable","11":"purchasable","12":"product-type-simple"},"_links":{"self":[{"href":"https:\/\/nordicmart.andreevmaster.com\/da\/wp-json\/wp\/v2\/product\/27217","targetHints":{"allow":["GET"]}}],"collection":[{"href":"https:\/\/nordicmart.andreevmaster.com\/da\/wp-json\/wp\/v2\/product"}],"about":[{"href":"https:\/\/nordicmart.andreevmaster.com\/da\/wp-json\/wp\/v2\/types\/product"}],"replies":[{"embeddable":true,"href":"https:\/\/nordicmart.andreevmaster.com\/da\/wp-json\/wp\/v2\/comments?post=27217"}],"wp:featuredmedia":[{"embeddable":true,"href":"https:\/\/nordicmart.andreevmaster.com\/da\/wp-json\/wp\/v2\/media\/44965"}],"wp:attachment":[{"href":"https:\/\/nordicmart.andreevmaster.com\/da\/wp-json\/wp\/v2\/media?parent=27217"}],"wp:term":[{"taxonomy":"product_brand","embeddable":true,"href":"https:\/\/nordicmart.andreevmaster.com\/da\/wp-json\/wp\/v2\/product_brand?post=27217"},{"taxonomy":"product_cat","embeddable":true,"href":"https:\/\/nordicmart.andreevmaster.com\/da\/wp-json\/wp\/v2\/product_cat?post=27217"},{"taxonomy":"product_tag","embeddable":true,"href":"https:\/\/nordicmart.andreevmaster.com\/da\/wp-json\/wp\/v2\/product_tag?post=27217"}],"curies":[{"name":"wp","href":"https:\/\/api.w.org\/{rel}","templated":true}]}}