{"id":27216,"date":"2026-02-27T00:35:58","date_gmt":"2026-02-27T00:35:58","guid":{"rendered":"https:\/\/nordicmart.andreevmaster.com\/product\/dekorativ-olielampe-dt245f\/"},"modified":"2026-02-27T09:14:45","modified_gmt":"2026-02-27T09:14:45","slug":"dekorativ-olielampe-dt245f","status":"publish","type":"product","link":"https:\/\/nordicmart.andreevmaster.com\/da\/vare\/dekorativ-olielampe-dt245f\/","title":{"rendered":"Dekorativ olielampe &#8211; DT245F"},"content":{"rendered":"<p>Dekorativ olielampe &#8211; DT245F&nbsp;&nbsp;Dekorativ, stilfuld olielampe. Den nautiske lampe i maritim stil vil oplyse aftenerne i haven og skabe en atmosf\u00e6re, der indbyder til maritime fort\u00e6llinger. Lampen vil ogs\u00e5 tilf\u00f8re et maritimt pr\u00e6g til rum indrettet i maritim stil. &nbsp;Tidligere oplyste olielamper skibsd\u00e6kket, hvilket gjorde det lettere at sejle om natten og identificere skibet og dets kurs. Den nautiske lampe, der symboliserer en lykkelig ankomst til havnen, vil appellere til b\u00e5dejere og sejlere.&nbsp;&nbsp;Produktinformation:&nbsp;M\u00e5l: 11,5 x 9,5 x 19 cmMateriale: glas, metalplade&nbsp;<\/p>\n","protected":false},"excerpt":{"rendered":"<p>Dekorativ olielampe &#8211; DT245F&nbsp;&nbsp;Dekorativ, stilfuld olielampe. Den nautiske lampe i maritim stil vil oplyse aftenerne i haven og skabe en atmosf\u00e6re, der indbyder til maritime fort\u00e6llinger. Lampen vil ogs\u00e5 tilf\u00f8re et maritimt pr\u00e6g til rum indrettet i maritim stil. &nbsp;Tidligere oplyste olielamper skibsd\u00e6kket, hvilket gjorde det lettere at sejle om natten og identificere skibet og [&hellip;]<\/p>\n","protected":false},"featured_media":46684,"comment_status":"open","ping_status":"closed","template":"","meta":[],"product_brand":[],"product_cat":[31],"product_tag":[],"class_list":{"0":"post-27216","1":"product","2":"type-product","3":"status-publish","4":"has-post-thumbnail","6":"product_cat-uncategorized-da","8":"first","9":"instock","10":"shipping-taxable","11":"purchasable","12":"product-type-simple"},"_links":{"self":[{"href":"https:\/\/nordicmart.andreevmaster.com\/da\/wp-json\/wp\/v2\/product\/27216","targetHints":{"allow":["GET"]}}],"collection":[{"href":"https:\/\/nordicmart.andreevmaster.com\/da\/wp-json\/wp\/v2\/product"}],"about":[{"href":"https:\/\/nordicmart.andreevmaster.com\/da\/wp-json\/wp\/v2\/types\/product"}],"replies":[{"embeddable":true,"href":"https:\/\/nordicmart.andreevmaster.com\/da\/wp-json\/wp\/v2\/comments?post=27216"}],"wp:featuredmedia":[{"embeddable":true,"href":"https:\/\/nordicmart.andreevmaster.com\/da\/wp-json\/wp\/v2\/media\/46684"}],"wp:attachment":[{"href":"https:\/\/nordicmart.andreevmaster.com\/da\/wp-json\/wp\/v2\/media?parent=27216"}],"wp:term":[{"taxonomy":"product_brand","embeddable":true,"href":"https:\/\/nordicmart.andreevmaster.com\/da\/wp-json\/wp\/v2\/product_brand?post=27216"},{"taxonomy":"product_cat","embeddable":true,"href":"https:\/\/nordicmart.andreevmaster.com\/da\/wp-json\/wp\/v2\/product_cat?post=27216"},{"taxonomy":"product_tag","embeddable":true,"href":"https:\/\/nordicmart.andreevmaster.com\/da\/wp-json\/wp\/v2\/product_tag?post=27216"}],"curies":[{"name":"wp","href":"https:\/\/api.w.org\/{rel}","templated":true}]}}