{"id":27215,"date":"2026-02-27T00:35:58","date_gmt":"2026-02-27T00:35:58","guid":{"rendered":"https:\/\/nordicmart.andreevmaster.com\/product\/atlantic-schooner-model-atl3-2\/"},"modified":"2026-02-27T09:14:45","modified_gmt":"2026-02-27T09:14:45","slug":"atlantic-schooner-model-atl3-2","status":"publish","type":"product","link":"https:\/\/nordicmart.andreevmaster.com\/da\/vare\/atlantic-schooner-model-atl3-2\/","title":{"rendered":"Atlantic schooner model &#8211; ATL3"},"content":{"rendered":"<p>Atlantic skonner model &#8211; ATL3&nbsp;&nbsp;Denne unikke model af en 3-mastet skonner er en replika af det ber\u00f8mte sejlskib Atlantic fra 1903, som i 1905 satte en kursrekord under det transatlantiske kapl\u00f8b fra New York til London.&nbsp;Modellen er lavet af tr\u00e6 og l\u00e6rred, hvilket giver den et autentisk udseende og garanterer dens holdbarhed. Tr\u00e6skroget er omhyggeligt f\u00e6rdigbehandlet og lakeret, og sejlene af l\u00e6rred er syet med sans for detaljer.&nbsp;&nbsp;Atlantic skonner model er:&nbsp;En fantastisk gave til en sejlentusiast: Den vil gl\u00e6de alle, der elsker havet og sejlads.Unik indretning: Den vil tiltr\u00e6kke opm\u00e6rksomheden og give rummet et maritimt pr\u00e6g.H\u00f8j kvalitet: Modellen er lavet af holdbare materialer. Produktinformation: M\u00e5l: 52 x 46 x 10 cm Materiale: tr\u00e6, l\u00e6rred.<\/p>\n","protected":false},"excerpt":{"rendered":"<p>Atlantic skonner model &#8211; ATL3&nbsp;&nbsp;Denne unikke model af en 3-mastet skonner er en replika af det ber\u00f8mte sejlskib Atlantic fra 1903, som i 1905 satte en kursrekord under det transatlantiske kapl\u00f8b fra New York til London.&nbsp;Modellen er lavet af tr\u00e6 og l\u00e6rred, hvilket giver den et autentisk udseende og garanterer dens holdbarhed. Tr\u00e6skroget er omhyggeligt [&hellip;]<\/p>\n","protected":false},"featured_media":44964,"comment_status":"open","ping_status":"closed","template":"","meta":[],"product_brand":[],"product_cat":[31],"product_tag":[],"class_list":{"0":"post-27215","1":"product","2":"type-product","3":"status-publish","4":"has-post-thumbnail","6":"product_cat-uncategorized-da","8":"first","9":"instock","10":"shipping-taxable","11":"purchasable","12":"product-type-simple"},"_links":{"self":[{"href":"https:\/\/nordicmart.andreevmaster.com\/da\/wp-json\/wp\/v2\/product\/27215","targetHints":{"allow":["GET"]}}],"collection":[{"href":"https:\/\/nordicmart.andreevmaster.com\/da\/wp-json\/wp\/v2\/product"}],"about":[{"href":"https:\/\/nordicmart.andreevmaster.com\/da\/wp-json\/wp\/v2\/types\/product"}],"replies":[{"embeddable":true,"href":"https:\/\/nordicmart.andreevmaster.com\/da\/wp-json\/wp\/v2\/comments?post=27215"}],"wp:featuredmedia":[{"embeddable":true,"href":"https:\/\/nordicmart.andreevmaster.com\/da\/wp-json\/wp\/v2\/media\/44964"}],"wp:attachment":[{"href":"https:\/\/nordicmart.andreevmaster.com\/da\/wp-json\/wp\/v2\/media?parent=27215"}],"wp:term":[{"taxonomy":"product_brand","embeddable":true,"href":"https:\/\/nordicmart.andreevmaster.com\/da\/wp-json\/wp\/v2\/product_brand?post=27215"},{"taxonomy":"product_cat","embeddable":true,"href":"https:\/\/nordicmart.andreevmaster.com\/da\/wp-json\/wp\/v2\/product_cat?post=27215"},{"taxonomy":"product_tag","embeddable":true,"href":"https:\/\/nordicmart.andreevmaster.com\/da\/wp-json\/wp\/v2\/product_tag?post=27215"}],"curies":[{"name":"wp","href":"https:\/\/api.w.org\/{rel}","templated":true}]}}