{"id":27214,"date":"2026-02-27T00:35:57","date_gmt":"2026-02-27T00:35:57","guid":{"rendered":"https:\/\/nordicmart.andreevmaster.com\/product\/unikt-smykkeskrin-i-metal-sommerfugl-b0782-00\/"},"modified":"2026-02-27T09:14:45","modified_gmt":"2026-02-27T09:14:45","slug":"unikt-smykkeskrin-i-metal-sommerfugl-b0782-00","status":"publish","type":"product","link":"https:\/\/nordicmart.andreevmaster.com\/da\/vare\/unikt-smykkeskrin-i-metal-sommerfugl-b0782-00\/","title":{"rendered":"Unikt smykkeskrin i metal &#8211; Sommerfugl &#8211; B0782-00"},"content":{"rendered":"<p>Unikt smykkeskrin i metal &#8211; Sommerfugl &#8211; B0782-00&nbsp;&nbsp;&nbsp;Elegant skrin &#8211; et smykkeskrin i form af en sommerfugl&nbsp;Smykkeskrinet i form af en sommerfugl er en kombination af elegance og funktionalitet. Smukke pastelfarver og rige dekorationer giver den et piget pr\u00e6g og g\u00f8r den samtidig til en ideel gaveid\u00e9 til en elsket. Den er ogs\u00e5 perfekt som et elegant sted at opbevare smykker.&nbsp;&nbsp;Den perfekte gave til enhver kvinde&nbsp;Den sommerfugleformede \u00e6ske er den perfekte gave til enhver kvinde, der v\u00e6rds\u00e6tter sk\u00f8nhed og praktiske l\u00f8sninger. Det vil v\u00e6re et perfekt sted at opbevare dine yndlingssmykker, og samtidig vil det blive en dekoration til dit toiletbord eller skrivebord.&nbsp;&nbsp;Unikt dekorativt element&nbsp;Smykkeskrin i form af en sommerfugl er ikke kun en praktisk l\u00f8sning, men ogs\u00e5 et unikt dekorativt element. Delikate motiver og pastelfarver g\u00f8r, at det passer perfekt ind i ethvert interi\u00f8r. H\u00f8jkvalitetsmaterialer og pr\u00e6cist h\u00e5ndv\u00e6rk garanterer, at \u00e6sken vil v\u00e6re en fryd for \u00f8jet i lang tid.&nbsp;&nbsp;Produktinformation:&nbsp;M\u00e5l: 5,5 x 6,5 cmMateriale: metal (zink), emaljeFarve: lyser\u00f8d, guldSmukke pastelfarver&nbsp;<\/p>\n","protected":false},"excerpt":{"rendered":"<p>Unikt smykkeskrin i metal &#8211; Sommerfugl &#8211; B0782-00&nbsp;&nbsp;&nbsp;Elegant skrin &#8211; et smykkeskrin i form af en sommerfugl&nbsp;Smykkeskrinet i form af en sommerfugl er en kombination af elegance og funktionalitet. Smukke pastelfarver og rige dekorationer giver den et piget pr\u00e6g og g\u00f8r den samtidig til en ideel gaveid\u00e9 til en elsket. Den er ogs\u00e5 perfekt som [&hellip;]<\/p>\n","protected":false},"featured_media":44963,"comment_status":"open","ping_status":"closed","template":"","meta":[],"product_brand":[],"product_cat":[31],"product_tag":[],"class_list":{"0":"post-27214","1":"product","2":"type-product","3":"status-publish","4":"has-post-thumbnail","6":"product_cat-uncategorized-da","8":"first","9":"instock","10":"shipping-taxable","11":"purchasable","12":"product-type-simple"},"_links":{"self":[{"href":"https:\/\/nordicmart.andreevmaster.com\/da\/wp-json\/wp\/v2\/product\/27214","targetHints":{"allow":["GET"]}}],"collection":[{"href":"https:\/\/nordicmart.andreevmaster.com\/da\/wp-json\/wp\/v2\/product"}],"about":[{"href":"https:\/\/nordicmart.andreevmaster.com\/da\/wp-json\/wp\/v2\/types\/product"}],"replies":[{"embeddable":true,"href":"https:\/\/nordicmart.andreevmaster.com\/da\/wp-json\/wp\/v2\/comments?post=27214"}],"wp:featuredmedia":[{"embeddable":true,"href":"https:\/\/nordicmart.andreevmaster.com\/da\/wp-json\/wp\/v2\/media\/44963"}],"wp:attachment":[{"href":"https:\/\/nordicmart.andreevmaster.com\/da\/wp-json\/wp\/v2\/media?parent=27214"}],"wp:term":[{"taxonomy":"product_brand","embeddable":true,"href":"https:\/\/nordicmart.andreevmaster.com\/da\/wp-json\/wp\/v2\/product_brand?post=27214"},{"taxonomy":"product_cat","embeddable":true,"href":"https:\/\/nordicmart.andreevmaster.com\/da\/wp-json\/wp\/v2\/product_cat?post=27214"},{"taxonomy":"product_tag","embeddable":true,"href":"https:\/\/nordicmart.andreevmaster.com\/da\/wp-json\/wp\/v2\/product_tag?post=27214"}],"curies":[{"name":"wp","href":"https:\/\/api.w.org\/{rel}","templated":true}]}}