{"id":27213,"date":"2026-02-27T00:35:57","date_gmt":"2026-02-27T00:35:57","guid":{"rendered":"https:\/\/nordicmart.andreevmaster.com\/product\/unik-metalaeske-med-krystaller-dragonfly-b0780-06\/"},"modified":"2026-02-27T09:14:45","modified_gmt":"2026-02-27T09:14:45","slug":"unik-metalaeske-med-krystaller-dragonfly-b0780-06","status":"publish","type":"product","link":"https:\/\/nordicmart.andreevmaster.com\/da\/vare\/unik-metalaeske-med-krystaller-dragonfly-b0780-06\/","title":{"rendered":"Unik metal\u00e6ske med krystaller &#8211; Dragonfly &#8211; B0780-06"},"content":{"rendered":"<p>Unik metalgave\u00e6ske med krystaller &#8211; Dragonfly &#8211; B0780-06&nbsp;&nbsp;&nbsp;Elegant \u00e6ske med krystaller &#8211; Dragonfly &#8211; en perfekt gave med en piget karakter&nbsp;Den rigt dekorerede \u00e6ske med krystaller i form af en guldsmed er det perfekte valg til en tidl\u00f8s gave. Kombinationen af smukt design og et praktisk sted at opbevare smykker vil helt sikkert gl\u00e6de enhver kvinde.&nbsp;&nbsp;Unik dekoration til et skrivebord eller toiletbord&nbsp;\u00c6sken kan ikke kun v\u00e6re et praktisk sted at opbevare smykker, men ogs\u00e5 en smuk dekoration til et skrivebord eller toiletbord. Kassen er fremstillet af materialer af h\u00f8j kvalitet og rigt dekoreret med krystaller, og den vil helt sikkert tiltr\u00e6kke opm\u00e6rksomhed og give interi\u00f8ret et elegant pr\u00e6g.&nbsp;&nbsp;Produktinformation:&nbsp;M\u00e5l: 5,5 x 6,5 cm Materiale: krystal, metal (zink), emalje Farve: bl\u00e5, guld, marinebl\u00e5 Smuk, rigt dekoreret med krystaller Pigeagtig karakter, smukke farver (pastelnuancer)&nbsp;<\/p>\n","protected":false},"excerpt":{"rendered":"<p>Unik metalgave\u00e6ske med krystaller &#8211; Dragonfly &#8211; B0780-06&nbsp;&nbsp;&nbsp;Elegant \u00e6ske med krystaller &#8211; Dragonfly &#8211; en perfekt gave med en piget karakter&nbsp;Den rigt dekorerede \u00e6ske med krystaller i form af en guldsmed er det perfekte valg til en tidl\u00f8s gave. Kombinationen af smukt design og et praktisk sted at opbevare smykker vil helt sikkert gl\u00e6de enhver [&hellip;]<\/p>\n","protected":false},"featured_media":44962,"comment_status":"open","ping_status":"closed","template":"","meta":[],"product_brand":[],"product_cat":[31],"product_tag":[],"class_list":{"0":"post-27213","1":"product","2":"type-product","3":"status-publish","4":"has-post-thumbnail","6":"product_cat-uncategorized-da","8":"first","9":"instock","10":"shipping-taxable","11":"purchasable","12":"product-type-simple"},"_links":{"self":[{"href":"https:\/\/nordicmart.andreevmaster.com\/da\/wp-json\/wp\/v2\/product\/27213","targetHints":{"allow":["GET"]}}],"collection":[{"href":"https:\/\/nordicmart.andreevmaster.com\/da\/wp-json\/wp\/v2\/product"}],"about":[{"href":"https:\/\/nordicmart.andreevmaster.com\/da\/wp-json\/wp\/v2\/types\/product"}],"replies":[{"embeddable":true,"href":"https:\/\/nordicmart.andreevmaster.com\/da\/wp-json\/wp\/v2\/comments?post=27213"}],"wp:featuredmedia":[{"embeddable":true,"href":"https:\/\/nordicmart.andreevmaster.com\/da\/wp-json\/wp\/v2\/media\/44962"}],"wp:attachment":[{"href":"https:\/\/nordicmart.andreevmaster.com\/da\/wp-json\/wp\/v2\/media?parent=27213"}],"wp:term":[{"taxonomy":"product_brand","embeddable":true,"href":"https:\/\/nordicmart.andreevmaster.com\/da\/wp-json\/wp\/v2\/product_brand?post=27213"},{"taxonomy":"product_cat","embeddable":true,"href":"https:\/\/nordicmart.andreevmaster.com\/da\/wp-json\/wp\/v2\/product_cat?post=27213"},{"taxonomy":"product_tag","embeddable":true,"href":"https:\/\/nordicmart.andreevmaster.com\/da\/wp-json\/wp\/v2\/product_tag?post=27213"}],"curies":[{"name":"wp","href":"https:\/\/api.w.org\/{rel}","templated":true}]}}