{"id":27212,"date":"2026-02-27T00:35:57","date_gmt":"2026-02-27T00:35:57","guid":{"rendered":"https:\/\/nordicmart.andreevmaster.com\/product\/eksklusiv-metalaeske-med-krystaller-faberge-aeg-b0748-17-bl\/"},"modified":"2026-02-27T09:14:44","modified_gmt":"2026-02-27T09:14:44","slug":"eksklusiv-metalaeske-med-krystaller-faberge-aeg-b0748-17-bl","status":"publish","type":"product","link":"https:\/\/nordicmart.andreevmaster.com\/da\/vare\/eksklusiv-metalaeske-med-krystaller-faberge-aeg-b0748-17-bl\/","title":{"rendered":"Eksklusiv metal\u00e6ske med krystaller &#8211; Faberg\u00e9-\u00e6g &#8211; B0748-17 BL"},"content":{"rendered":"<p>Eksklusiv metal\u00e6ske med krystaller &#8211; Faberg\u00e9-\u00e6g &#8211; B0748-17 BL&nbsp;&nbsp;&nbsp;Elegant \u00e6ske med krystaller &#8211; Faberg\u00e9-\u00e6g&nbsp;Leder du efter et unikt sted at opbevare smykker eller et unikt dekorativt element? Den eksklusive Faberg\u00e9-\u00e6gformede metalgave\u00e6ske er det perfekte valg, hvis du \u00f8nsker elegance. Faberg\u00e9-\u00e6g er sm\u00e5, intrikat udformede mesterv\u00e6rker inden for smykkekunst, der blev ber\u00f8mte i slutningen af det 19. \u00e5rhundrede. De blev bestilt af tsar Alexander III som gaver til hans kone, Maria Feodorovna, og blev et symbol p\u00e5 rigdom, luksus og h\u00e5ndv\u00e6rksm\u00e6ssig dygtighed. De gl\u00e6der stadig samlere over hele verden.&nbsp;Faberg&eacute;-\u00e6g\u00e6sken er en perfekt gaveid\u00e9 til en elsket, der v\u00e6rds\u00e6tter sk\u00f8nhed og unikhed. Kombinationen af rig krystaldekoration, levende farver og Faberg\u00e9-\u00e6ggets elegante form g\u00f8r \u00e6sken ikke kun til et praktisk sted at opbevare smykker, men ogs\u00e5 til en indretningsdetalje. Elegant dekorativt element: Faberg\u00e9-\u00e6gget er et yderst imponerende dekorativt element, der tilf\u00f8jer elegance til enhver indretning.Krystaller af h\u00f8j kvalitet og intrikate dekorationer glimter smukt i lyset, tiltr\u00e6kker opm\u00e6rksomhed og tilf\u00f8jer glans til interi\u00f8ret. Den kompakte st\u00f8rrelse (5,5 x 6,5 cm) g\u00f8r \u00e6sken perfekt som dekoration til et skrivebord, toiletbord, hylde eller kommode.Den vil v\u00e6re en smagfuld tilf\u00f8jelse til ethvert interi\u00f8r, uanset indretningsstil.&nbsp;Produktinformation:&nbsp;M\u00e5l: 5,5 x 6,5 cm Materiale: krystal, metal (zink), emalje Farve: marinebl\u00e5 og guld Smukke, levende farver Rige dekorationer med krystaller&nbsp;<\/p>\n","protected":false},"excerpt":{"rendered":"<p>Eksklusiv metal\u00e6ske med krystaller &#8211; Faberg\u00e9-\u00e6g &#8211; B0748-17 BL&nbsp;&nbsp;&nbsp;Elegant \u00e6ske med krystaller &#8211; Faberg\u00e9-\u00e6g&nbsp;Leder du efter et unikt sted at opbevare smykker eller et unikt dekorativt element? Den eksklusive Faberg\u00e9-\u00e6gformede metalgave\u00e6ske er det perfekte valg, hvis du \u00f8nsker elegance. Faberg\u00e9-\u00e6g er sm\u00e5, intrikat udformede mesterv\u00e6rker inden for smykkekunst, der blev ber\u00f8mte i slutningen af det [&hellip;]<\/p>\n","protected":false},"featured_media":44961,"comment_status":"open","ping_status":"closed","template":"","meta":[],"product_brand":[],"product_cat":[31],"product_tag":[],"class_list":{"0":"post-27212","1":"product","2":"type-product","3":"status-publish","4":"has-post-thumbnail","6":"product_cat-uncategorized-da","8":"first","9":"instock","10":"shipping-taxable","11":"purchasable","12":"product-type-simple"},"_links":{"self":[{"href":"https:\/\/nordicmart.andreevmaster.com\/da\/wp-json\/wp\/v2\/product\/27212","targetHints":{"allow":["GET"]}}],"collection":[{"href":"https:\/\/nordicmart.andreevmaster.com\/da\/wp-json\/wp\/v2\/product"}],"about":[{"href":"https:\/\/nordicmart.andreevmaster.com\/da\/wp-json\/wp\/v2\/types\/product"}],"replies":[{"embeddable":true,"href":"https:\/\/nordicmart.andreevmaster.com\/da\/wp-json\/wp\/v2\/comments?post=27212"}],"wp:featuredmedia":[{"embeddable":true,"href":"https:\/\/nordicmart.andreevmaster.com\/da\/wp-json\/wp\/v2\/media\/44961"}],"wp:attachment":[{"href":"https:\/\/nordicmart.andreevmaster.com\/da\/wp-json\/wp\/v2\/media?parent=27212"}],"wp:term":[{"taxonomy":"product_brand","embeddable":true,"href":"https:\/\/nordicmart.andreevmaster.com\/da\/wp-json\/wp\/v2\/product_brand?post=27212"},{"taxonomy":"product_cat","embeddable":true,"href":"https:\/\/nordicmart.andreevmaster.com\/da\/wp-json\/wp\/v2\/product_cat?post=27212"},{"taxonomy":"product_tag","embeddable":true,"href":"https:\/\/nordicmart.andreevmaster.com\/da\/wp-json\/wp\/v2\/product_tag?post=27212"}],"curies":[{"name":"wp","href":"https:\/\/api.w.org\/{rel}","templated":true}]}}