{"id":27211,"date":"2026-02-27T00:35:56","date_gmt":"2026-02-27T00:35:56","guid":{"rendered":"https:\/\/nordicmart.andreevmaster.com\/product\/unikt-smykkeskrin-i-metal-med-krystaller-hjerte-b0747-00\/"},"modified":"2026-02-27T09:14:44","modified_gmt":"2026-02-27T09:14:44","slug":"unikt-smykkeskrin-i-metal-med-krystaller-hjerte-b0747-00","status":"publish","type":"product","link":"https:\/\/nordicmart.andreevmaster.com\/da\/vare\/unikt-smykkeskrin-i-metal-med-krystaller-hjerte-b0747-00\/","title":{"rendered":"Unikt smykkeskrin i metal med krystaller &#8211; Hjerte &#8211; B0747-00"},"content":{"rendered":"<p>Unikt smykkeskrin i metal med krystaller &#8211; Hjerte &#8211; B0747-00&nbsp;&nbsp;Elegant smykkeskrin med krystaller &#8211; Hjerte&nbsp;&nbsp;Elegant smykkeskrin i hjerteform er en unik og praktisk gave til en elsket! Perfekt som en elegant opbevarings\u00e6ske til smykker. Metal\u00e6sken er rigt dekoreret med krystaller, der giver den et luksuri\u00f8st pr\u00e6g.&nbsp;\u00c6sken gl\u00e6der med sit udseende. Den romantiske hjerteform og de rige dekorationer g\u00f8r den ikke kun til et praktisk element, men ogs\u00e5 til et smukt dekorativt element. \u00c6sken er perfekt som dekoration p\u00e5 skrivebordet eller toiletbordet, hvor den tilf\u00f8jer en romantisk og elegant karakter.&nbsp;&nbsp;Produktinformation:&nbsp;M\u00e5l: 4,8 x 4 x 2,5 cmMateriale: krystal, metal (zink), emaljeFarve: r\u00f8d-guld-s\u00f8lvSmukke, levende farverRomantisk designUnikke krystaldekorationer&nbsp;<\/p>\n","protected":false},"excerpt":{"rendered":"<p>Unikt smykkeskrin i metal med krystaller &#8211; Hjerte &#8211; B0747-00&nbsp;&nbsp;Elegant smykkeskrin med krystaller &#8211; Hjerte&nbsp;&nbsp;Elegant smykkeskrin i hjerteform er en unik og praktisk gave til en elsket! Perfekt som en elegant opbevarings\u00e6ske til smykker. Metal\u00e6sken er rigt dekoreret med krystaller, der giver den et luksuri\u00f8st pr\u00e6g.&nbsp;\u00c6sken gl\u00e6der med sit udseende. Den romantiske hjerteform og de [&hellip;]<\/p>\n","protected":false},"featured_media":44960,"comment_status":"open","ping_status":"closed","template":"","meta":[],"product_brand":[],"product_cat":[31],"product_tag":[],"class_list":{"0":"post-27211","1":"product","2":"type-product","3":"status-publish","4":"has-post-thumbnail","6":"product_cat-uncategorized-da","8":"first","9":"instock","10":"shipping-taxable","11":"purchasable","12":"product-type-simple"},"_links":{"self":[{"href":"https:\/\/nordicmart.andreevmaster.com\/da\/wp-json\/wp\/v2\/product\/27211","targetHints":{"allow":["GET"]}}],"collection":[{"href":"https:\/\/nordicmart.andreevmaster.com\/da\/wp-json\/wp\/v2\/product"}],"about":[{"href":"https:\/\/nordicmart.andreevmaster.com\/da\/wp-json\/wp\/v2\/types\/product"}],"replies":[{"embeddable":true,"href":"https:\/\/nordicmart.andreevmaster.com\/da\/wp-json\/wp\/v2\/comments?post=27211"}],"wp:featuredmedia":[{"embeddable":true,"href":"https:\/\/nordicmart.andreevmaster.com\/da\/wp-json\/wp\/v2\/media\/44960"}],"wp:attachment":[{"href":"https:\/\/nordicmart.andreevmaster.com\/da\/wp-json\/wp\/v2\/media?parent=27211"}],"wp:term":[{"taxonomy":"product_brand","embeddable":true,"href":"https:\/\/nordicmart.andreevmaster.com\/da\/wp-json\/wp\/v2\/product_brand?post=27211"},{"taxonomy":"product_cat","embeddable":true,"href":"https:\/\/nordicmart.andreevmaster.com\/da\/wp-json\/wp\/v2\/product_cat?post=27211"},{"taxonomy":"product_tag","embeddable":true,"href":"https:\/\/nordicmart.andreevmaster.com\/da\/wp-json\/wp\/v2\/product_tag?post=27211"}],"curies":[{"name":"wp","href":"https:\/\/api.w.org\/{rel}","templated":true}]}}