{"id":27210,"date":"2026-02-27T00:35:56","date_gmt":"2026-02-27T00:35:56","guid":{"rendered":"https:\/\/nordicmart.andreevmaster.com\/product\/original-metalgaveaeske-med-krystaller-svanen-b0736-02\/"},"modified":"2026-02-27T09:14:44","modified_gmt":"2026-02-27T09:14:44","slug":"original-metalgaveaeske-med-krystaller-svanen-b0736-02","status":"publish","type":"product","link":"https:\/\/nordicmart.andreevmaster.com\/da\/vare\/original-metalgaveaeske-med-krystaller-svanen-b0736-02\/","title":{"rendered":"Original metalgave\u00e6ske med krystaller \u2013 Svanen &#8211; B0736-02"},"content":{"rendered":"<p>Original metalgave\u00e6ske med krystaller \u2013 Swan &#8211; B0736-02&nbsp;&nbsp;Dette er en interessant gaveid\u00e9 til elskere af originale genstande. Den svaneformede \u00e6ske vil helt sikkert imponere modtageren, uanset anledningen. Den kan bruges til opbevaring af smykker eller andre sm\u00e5 genstande.&nbsp;P\u00e5 trods af sin lille st\u00f8rrelse (5&#215;3,7&#215;2,7 cm) kan \u00e6sken v\u00e6re et interessant dekorativt element. Den originale svaneform, materialer af h\u00f8j kvalitet (metal \u2013 zink, glasur og krystal) og elegante dekorationer i hvid og guld g\u00f8r \u00e6sken perfekt som dekoration p\u00e5 et skrivebord, toiletbord, kommode eller en hylde.&nbsp;&nbsp;Produktinformation:&nbsp;M\u00e5l: 5&#215;3,7&#215;2,7 cm Materiale: metal (zink), emalje, krystal Farve: hvid, guld Egenskaber: Originalt design H\u00f8j kvalitet i udf\u00f8relsen Perfekt til opbevaring af smykker Fantastisk gaveid\u00e9&nbsp;<\/p>\n","protected":false},"excerpt":{"rendered":"<p>Original metalgave\u00e6ske med krystaller \u2013 Swan &#8211; B0736-02&nbsp;&nbsp;Dette er en interessant gaveid\u00e9 til elskere af originale genstande. Den svaneformede \u00e6ske vil helt sikkert imponere modtageren, uanset anledningen. Den kan bruges til opbevaring af smykker eller andre sm\u00e5 genstande.&nbsp;P\u00e5 trods af sin lille st\u00f8rrelse (5&#215;3,7&#215;2,7 cm) kan \u00e6sken v\u00e6re et interessant dekorativt element. Den originale svaneform, [&hellip;]<\/p>\n","protected":false},"featured_media":44959,"comment_status":"open","ping_status":"closed","template":"","meta":[],"product_brand":[],"product_cat":[31],"product_tag":[],"class_list":{"0":"post-27210","1":"product","2":"type-product","3":"status-publish","4":"has-post-thumbnail","6":"product_cat-uncategorized-da","8":"first","9":"instock","10":"shipping-taxable","11":"purchasable","12":"product-type-simple"},"_links":{"self":[{"href":"https:\/\/nordicmart.andreevmaster.com\/da\/wp-json\/wp\/v2\/product\/27210","targetHints":{"allow":["GET"]}}],"collection":[{"href":"https:\/\/nordicmart.andreevmaster.com\/da\/wp-json\/wp\/v2\/product"}],"about":[{"href":"https:\/\/nordicmart.andreevmaster.com\/da\/wp-json\/wp\/v2\/types\/product"}],"replies":[{"embeddable":true,"href":"https:\/\/nordicmart.andreevmaster.com\/da\/wp-json\/wp\/v2\/comments?post=27210"}],"wp:featuredmedia":[{"embeddable":true,"href":"https:\/\/nordicmart.andreevmaster.com\/da\/wp-json\/wp\/v2\/media\/44959"}],"wp:attachment":[{"href":"https:\/\/nordicmart.andreevmaster.com\/da\/wp-json\/wp\/v2\/media?parent=27210"}],"wp:term":[{"taxonomy":"product_brand","embeddable":true,"href":"https:\/\/nordicmart.andreevmaster.com\/da\/wp-json\/wp\/v2\/product_brand?post=27210"},{"taxonomy":"product_cat","embeddable":true,"href":"https:\/\/nordicmart.andreevmaster.com\/da\/wp-json\/wp\/v2\/product_cat?post=27210"},{"taxonomy":"product_tag","embeddable":true,"href":"https:\/\/nordicmart.andreevmaster.com\/da\/wp-json\/wp\/v2\/product_tag?post=27210"}],"curies":[{"name":"wp","href":"https:\/\/api.w.org\/{rel}","templated":true}]}}