{"id":27209,"date":"2026-02-27T00:35:56","date_gmt":"2026-02-27T00:35:56","guid":{"rendered":"https:\/\/nordicmart.andreevmaster.com\/product\/unik-metalaeske-dekoreret-med-krystaller-fugl-b0192-02\/"},"modified":"2026-02-27T09:14:44","modified_gmt":"2026-02-27T09:14:44","slug":"unik-metalaeske-dekoreret-med-krystaller-fugl-b0192-02","status":"publish","type":"product","link":"https:\/\/nordicmart.andreevmaster.com\/da\/vare\/unik-metalaeske-dekoreret-med-krystaller-fugl-b0192-02\/","title":{"rendered":"Unik metal\u00e6ske dekoreret med krystaller &#8211; Fugl &#8211; B0192-02"},"content":{"rendered":"<p>Unik metal\u00e6ske dekoreret med krystaller &#8211; Fugl &#8211; B0192-02&nbsp;&nbsp;&nbsp;Elegant \u00e6ske i form af en fugl &#8211; en unik dekoration&nbsp;&nbsp;Fugleformet \u00e6ske er et stilfuldt og praktisk dekorativt element. Den er lavet af metal af h\u00f8j kvalitet og dekoreret med krystaller, og vil ikke kun v\u00e6re et funktionelt opbevaringssted, men ogs\u00e5 en unik dekoration.&nbsp;Leder du efter en original gave til en elsket? Den fugleformede kasse vil helt sikkert gl\u00e6de hende! Dette er en perfekt id\u00e9 til en f\u00f8dselsdags-, navnedags-, jule- eller jubil\u00e6umsgave.&nbsp;P\u00e5 trods af sin lille st\u00f8rrelse kan en fugleformet kasse v\u00e6re et smukt dekorativt element. Dens unikke form og rige dekorationer tiltr\u00e6kker opm\u00e6rksomhed og tilf\u00f8jer karakter til ethvert interi\u00f8r. \u00c6sken vil v\u00e6re perfekt som dekoration til et skrivebord, toiletbord, hylde eller kommode.&nbsp;&nbsp;Produktinformation:&nbsp;M\u00e5l: 5x6x5cmMateriale: metal (zink), emalje, krystalFarve: sort, s\u00f8lv, brun, orangeKarakteristika:Original fugleformRige krystaldekorationerH\u00f8j kvalitet i udf\u00f8relsenPerfekt til opbevaring af smykker, nipsgenstande eller andre genstande&nbsp;<\/p>\n","protected":false},"excerpt":{"rendered":"<p>Unik metal\u00e6ske dekoreret med krystaller &#8211; Fugl &#8211; B0192-02&nbsp;&nbsp;&nbsp;Elegant \u00e6ske i form af en fugl &#8211; en unik dekoration&nbsp;&nbsp;Fugleformet \u00e6ske er et stilfuldt og praktisk dekorativt element. Den er lavet af metal af h\u00f8j kvalitet og dekoreret med krystaller, og vil ikke kun v\u00e6re et funktionelt opbevaringssted, men ogs\u00e5 en unik dekoration.&nbsp;Leder du efter en [&hellip;]<\/p>\n","protected":false},"featured_media":44958,"comment_status":"open","ping_status":"closed","template":"","meta":[],"product_brand":[],"product_cat":[31],"product_tag":[],"class_list":{"0":"post-27209","1":"product","2":"type-product","3":"status-publish","4":"has-post-thumbnail","6":"product_cat-uncategorized-da","8":"first","9":"instock","10":"shipping-taxable","11":"purchasable","12":"product-type-simple"},"_links":{"self":[{"href":"https:\/\/nordicmart.andreevmaster.com\/da\/wp-json\/wp\/v2\/product\/27209","targetHints":{"allow":["GET"]}}],"collection":[{"href":"https:\/\/nordicmart.andreevmaster.com\/da\/wp-json\/wp\/v2\/product"}],"about":[{"href":"https:\/\/nordicmart.andreevmaster.com\/da\/wp-json\/wp\/v2\/types\/product"}],"replies":[{"embeddable":true,"href":"https:\/\/nordicmart.andreevmaster.com\/da\/wp-json\/wp\/v2\/comments?post=27209"}],"wp:featuredmedia":[{"embeddable":true,"href":"https:\/\/nordicmart.andreevmaster.com\/da\/wp-json\/wp\/v2\/media\/44958"}],"wp:attachment":[{"href":"https:\/\/nordicmart.andreevmaster.com\/da\/wp-json\/wp\/v2\/media?parent=27209"}],"wp:term":[{"taxonomy":"product_brand","embeddable":true,"href":"https:\/\/nordicmart.andreevmaster.com\/da\/wp-json\/wp\/v2\/product_brand?post=27209"},{"taxonomy":"product_cat","embeddable":true,"href":"https:\/\/nordicmart.andreevmaster.com\/da\/wp-json\/wp\/v2\/product_cat?post=27209"},{"taxonomy":"product_tag","embeddable":true,"href":"https:\/\/nordicmart.andreevmaster.com\/da\/wp-json\/wp\/v2\/product_tag?post=27209"}],"curies":[{"name":"wp","href":"https:\/\/api.w.org\/{rel}","templated":true}]}}