{"id":27208,"date":"2026-02-27T00:35:56","date_gmt":"2026-02-27T00:35:56","guid":{"rendered":"https:\/\/nordicmart.andreevmaster.com\/product\/saet-med-4-vodkaglas-messing-mat-sek\/"},"modified":"2026-02-27T09:14:44","modified_gmt":"2026-02-27T09:14:44","slug":"saet-med-4-vodkaglas-messing-mat-sek","status":"publish","type":"product","link":"https:\/\/nordicmart.andreevmaster.com\/da\/vare\/saet-med-4-vodkaglas-messing-mat-sek\/","title":{"rendered":"S\u00e6t med 4 vodkaglas \u2013 messing, mat \u2013 SEK"},"content":{"rendered":"<p>S\u00e6t med 4 vodkaglas &#8211; messing, mat &#8211; SEK&nbsp;&nbsp;&nbsp;S\u00e6t med 4 messingglas til vodka, lik\u00f8rer og alt, hvad dit hjerte beg\u00e6rer. S\u00e6ttet med glas er en gaveid\u00e9 til en mand. Glasene vil v\u00e6re nyttige under en fest i hjemmet. Du kan tage metalglassene med p\u00e5 tur uden at frygte, at de g\u00e5r i stykker, og nyde dine yndlingsdrinks i smukke naturlige omgivelser.&nbsp;&nbsp;Produktinformation:&nbsp;M\u00e5l:H\u00f8jde: 5,3 cmDiameter: 4 cmKapacitet: 50 mlAntal: 4 stk.Farve: guld (mat)Materiale: messing&nbsp;<\/p>\n","protected":false},"excerpt":{"rendered":"<p>S\u00e6t med 4 vodkaglas &#8211; messing, mat &#8211; SEK&nbsp;&nbsp;&nbsp;S\u00e6t med 4 messingglas til vodka, lik\u00f8rer og alt, hvad dit hjerte beg\u00e6rer. S\u00e6ttet med glas er en gaveid\u00e9 til en mand. Glasene vil v\u00e6re nyttige under en fest i hjemmet. Du kan tage metalglassene med p\u00e5 tur uden at frygte, at de g\u00e5r i stykker, og [&hellip;]<\/p>\n","protected":false},"featured_media":44957,"comment_status":"open","ping_status":"closed","template":"","meta":[],"product_brand":[],"product_cat":[31],"product_tag":[],"class_list":{"0":"post-27208","1":"product","2":"type-product","3":"status-publish","4":"has-post-thumbnail","6":"product_cat-uncategorized-da","8":"first","9":"instock","10":"shipping-taxable","11":"purchasable","12":"product-type-simple"},"_links":{"self":[{"href":"https:\/\/nordicmart.andreevmaster.com\/da\/wp-json\/wp\/v2\/product\/27208","targetHints":{"allow":["GET"]}}],"collection":[{"href":"https:\/\/nordicmart.andreevmaster.com\/da\/wp-json\/wp\/v2\/product"}],"about":[{"href":"https:\/\/nordicmart.andreevmaster.com\/da\/wp-json\/wp\/v2\/types\/product"}],"replies":[{"embeddable":true,"href":"https:\/\/nordicmart.andreevmaster.com\/da\/wp-json\/wp\/v2\/comments?post=27208"}],"wp:featuredmedia":[{"embeddable":true,"href":"https:\/\/nordicmart.andreevmaster.com\/da\/wp-json\/wp\/v2\/media\/44957"}],"wp:attachment":[{"href":"https:\/\/nordicmart.andreevmaster.com\/da\/wp-json\/wp\/v2\/media?parent=27208"}],"wp:term":[{"taxonomy":"product_brand","embeddable":true,"href":"https:\/\/nordicmart.andreevmaster.com\/da\/wp-json\/wp\/v2\/product_brand?post=27208"},{"taxonomy":"product_cat","embeddable":true,"href":"https:\/\/nordicmart.andreevmaster.com\/da\/wp-json\/wp\/v2\/product_cat?post=27208"},{"taxonomy":"product_tag","embeddable":true,"href":"https:\/\/nordicmart.andreevmaster.com\/da\/wp-json\/wp\/v2\/product_tag?post=27208"}],"curies":[{"name":"wp","href":"https:\/\/api.w.org\/{rel}","templated":true}]}}