{"id":27207,"date":"2026-02-27T00:35:55","date_gmt":"2026-02-27T00:35:55","guid":{"rendered":"https:\/\/nordicmart.andreevmaster.com\/product\/metalsmykkeskrin-2178a\/"},"modified":"2026-02-27T09:14:44","modified_gmt":"2026-02-27T09:14:44","slug":"metalsmykkeskrin-2178a","status":"publish","type":"product","link":"https:\/\/nordicmart.andreevmaster.com\/da\/vare\/metalsmykkeskrin-2178a\/","title":{"rendered":"Metalsmykkeskrin 2178A"},"content":{"rendered":"<p>Metalsmykkeskrin 2178A&nbsp;&nbsp;Metalkisten 2178A er en elegant m\u00e5de at opbevare smykker og andre sm\u00e5ting p\u00e5. Kisten er lavet af metal. Rige dekorationer tilf\u00f8jer karakter. Den kompakte st\u00f8rrelse (6x5x3cm) g\u00f8r, at den passer perfekt ind overalt.&nbsp;Denne kiste er en ideel gaveid\u00e9 til enhver kvinde, der v\u00e6rds\u00e6tter elegance og orden.&nbsp;Den er ikke kun et funktionelt produkt, men ogs\u00e5 et interessant dekorativt tilbeh\u00f8r. Den passer perfekt ind i interi\u00f8rer af forskellig karakter \u2013 fra klassisk til moderne. Den passer perfekt p\u00e5 en hylde, kommode eller et skrivebord og tilf\u00f8jer en subtil charme til rummet.&nbsp;&nbsp;Produktinformation:&nbsp;M\u00e5l: 6x5x3 cm Materiale: metal \u2013 zinklegering Rige dekorationer Farve: s\u00f8lv Ideel til opbevaring af smykker, ringe &nbsp;<\/p>\n","protected":false},"excerpt":{"rendered":"<p>Metalsmykkeskrin 2178A&nbsp;&nbsp;Metalkisten 2178A er en elegant m\u00e5de at opbevare smykker og andre sm\u00e5ting p\u00e5. Kisten er lavet af metal. Rige dekorationer tilf\u00f8jer karakter. Den kompakte st\u00f8rrelse (6x5x3cm) g\u00f8r, at den passer perfekt ind overalt.&nbsp;Denne kiste er en ideel gaveid\u00e9 til enhver kvinde, der v\u00e6rds\u00e6tter elegance og orden.&nbsp;Den er ikke kun et funktionelt produkt, men ogs\u00e5 [&hellip;]<\/p>\n","protected":false},"featured_media":44956,"comment_status":"open","ping_status":"closed","template":"","meta":[],"product_brand":[],"product_cat":[31],"product_tag":[],"class_list":{"0":"post-27207","1":"product","2":"type-product","3":"status-publish","4":"has-post-thumbnail","6":"product_cat-uncategorized-da","8":"first","9":"instock","10":"shipping-taxable","11":"purchasable","12":"product-type-simple"},"_links":{"self":[{"href":"https:\/\/nordicmart.andreevmaster.com\/da\/wp-json\/wp\/v2\/product\/27207","targetHints":{"allow":["GET"]}}],"collection":[{"href":"https:\/\/nordicmart.andreevmaster.com\/da\/wp-json\/wp\/v2\/product"}],"about":[{"href":"https:\/\/nordicmart.andreevmaster.com\/da\/wp-json\/wp\/v2\/types\/product"}],"replies":[{"embeddable":true,"href":"https:\/\/nordicmart.andreevmaster.com\/da\/wp-json\/wp\/v2\/comments?post=27207"}],"wp:featuredmedia":[{"embeddable":true,"href":"https:\/\/nordicmart.andreevmaster.com\/da\/wp-json\/wp\/v2\/media\/44956"}],"wp:attachment":[{"href":"https:\/\/nordicmart.andreevmaster.com\/da\/wp-json\/wp\/v2\/media?parent=27207"}],"wp:term":[{"taxonomy":"product_brand","embeddable":true,"href":"https:\/\/nordicmart.andreevmaster.com\/da\/wp-json\/wp\/v2\/product_brand?post=27207"},{"taxonomy":"product_cat","embeddable":true,"href":"https:\/\/nordicmart.andreevmaster.com\/da\/wp-json\/wp\/v2\/product_cat?post=27207"},{"taxonomy":"product_tag","embeddable":true,"href":"https:\/\/nordicmart.andreevmaster.com\/da\/wp-json\/wp\/v2\/product_tag?post=27207"}],"curies":[{"name":"wp","href":"https:\/\/api.w.org\/{rel}","templated":true}]}}