{"id":27206,"date":"2026-02-27T00:35:55","date_gmt":"2026-02-27T00:35:55","guid":{"rendered":"https:\/\/nordicmart.andreevmaster.com\/product\/stort-messingskib-pa-traefod-38-cm-n-3615b\/"},"modified":"2026-02-27T09:14:43","modified_gmt":"2026-02-27T09:14:43","slug":"stort-messingskib-pa-traefod-38-cm-n-3615b","status":"publish","type":"product","link":"https:\/\/nordicmart.andreevmaster.com\/da\/vare\/stort-messingskib-pa-traefod-38-cm-n-3615b\/","title":{"rendered":"Stort messingskib p\u00e5 tr\u00e6fod &#8211; 38 cm &#8211; N-3615B"},"content":{"rendered":"<p>Stort messingskib p\u00e5 tr\u00e6fod &#8211; 38 cm &#8211; N-3615B&nbsp;&nbsp;Stort, elegant messingskib p\u00e5 tr\u00e6fod er en perfekt gave til en s\u00f8mand. Det er omhyggeligt fremstillet med sans for detaljer og vil pryde ethvert interi\u00f8r. Kombinationen af messing og tr\u00e6 er en klassiker, der aldrig g\u00e5r af mode.&nbsp;Leder du efter en unik gave til en person, der er passioneret omkring sejlads? Dette messingskib er det perfekte valg! Det er elegant og stilfuldt og vil ikke kun v\u00e6re en dekoration i hjemmet, men ogs\u00e5 en souvenir i mange \u00e5r.&nbsp;Messingskibet p\u00e5 en tr\u00e6base er den perfekte m\u00e5de at indf\u00f8re en maritim atmosf\u00e6re i ethvert interi\u00f8r. Perfekt til stuen, sovev\u00e6relset, kontoret og endda b\u00f8rnev\u00e6relset. Skibsmotivet er perfekt som et element i en indretning i nautisk stil, der henviser til haveventyr, sol og sandstrande. Kombinationen af skinnende messing og varmt tr\u00e6 skaber en elegant og stilfuld dekoration, der fanger \u00f8jet og gl\u00e6der g\u00e6sterne.&nbsp;&nbsp;Produktinformation:&nbsp;H\u00f8jde: 38 cmMateriale: messing, tr\u00e6Den perfekte gave til en sejlentusiastStil: nautisk&nbsp;<\/p>\n","protected":false},"excerpt":{"rendered":"<p>Stort messingskib p\u00e5 tr\u00e6fod &#8211; 38 cm &#8211; N-3615B&nbsp;&nbsp;Stort, elegant messingskib p\u00e5 tr\u00e6fod er en perfekt gave til en s\u00f8mand. Det er omhyggeligt fremstillet med sans for detaljer og vil pryde ethvert interi\u00f8r. Kombinationen af messing og tr\u00e6 er en klassiker, der aldrig g\u00e5r af mode.&nbsp;Leder du efter en unik gave til en person, der [&hellip;]<\/p>\n","protected":false},"featured_media":44955,"comment_status":"open","ping_status":"closed","template":"","meta":[],"product_brand":[],"product_cat":[31],"product_tag":[],"class_list":{"0":"post-27206","1":"product","2":"type-product","3":"status-publish","4":"has-post-thumbnail","6":"product_cat-uncategorized-da","8":"first","9":"instock","10":"shipping-taxable","11":"purchasable","12":"product-type-simple"},"_links":{"self":[{"href":"https:\/\/nordicmart.andreevmaster.com\/da\/wp-json\/wp\/v2\/product\/27206","targetHints":{"allow":["GET"]}}],"collection":[{"href":"https:\/\/nordicmart.andreevmaster.com\/da\/wp-json\/wp\/v2\/product"}],"about":[{"href":"https:\/\/nordicmart.andreevmaster.com\/da\/wp-json\/wp\/v2\/types\/product"}],"replies":[{"embeddable":true,"href":"https:\/\/nordicmart.andreevmaster.com\/da\/wp-json\/wp\/v2\/comments?post=27206"}],"wp:featuredmedia":[{"embeddable":true,"href":"https:\/\/nordicmart.andreevmaster.com\/da\/wp-json\/wp\/v2\/media\/44955"}],"wp:attachment":[{"href":"https:\/\/nordicmart.andreevmaster.com\/da\/wp-json\/wp\/v2\/media?parent=27206"}],"wp:term":[{"taxonomy":"product_brand","embeddable":true,"href":"https:\/\/nordicmart.andreevmaster.com\/da\/wp-json\/wp\/v2\/product_brand?post=27206"},{"taxonomy":"product_cat","embeddable":true,"href":"https:\/\/nordicmart.andreevmaster.com\/da\/wp-json\/wp\/v2\/product_cat?post=27206"},{"taxonomy":"product_tag","embeddable":true,"href":"https:\/\/nordicmart.andreevmaster.com\/da\/wp-json\/wp\/v2\/product_tag?post=27206"}],"curies":[{"name":"wp","href":"https:\/\/api.w.org\/{rel}","templated":true}]}}