{"id":27205,"date":"2026-02-27T00:35:55","date_gmt":"2026-02-27T00:35:55","guid":{"rendered":"https:\/\/nordicmart.andreevmaster.com\/product\/natlampe-rose-led-g116\/"},"modified":"2026-02-27T09:14:43","modified_gmt":"2026-02-27T09:14:43","slug":"natlampe-rose-led-g116","status":"publish","type":"product","link":"https:\/\/nordicmart.andreevmaster.com\/da\/vare\/natlampe-rose-led-g116\/","title":{"rendered":"Natlampe &#8211; Rose &#8211; LED &#8211; G116"},"content":{"rendered":"<p>Natlampe &#8211; Rose &#8211; LED &#8211; G116&nbsp;&nbsp;Elegant sengelampe i form af en blomstrende rose er den perfekte m\u00e5de at tilf\u00f8je en romantisk atmosf\u00e6re til ethvert interi\u00f8r. Blidt LED-lys oplyser rummet diskret og skaber en varm og hyggelig atmosf\u00e6re.&nbsp;Unik gave, der vil blive husket i lang tid&nbsp;Rose-sengelampen er en perfekt id\u00e9 til en unik gave. Det smukke design og den romantiske karakter vil helt sikkert appellere til enhver, der modtager gaven. Dette er en unik gave, der ikke kun vil v\u00e6re en praktisk lyskilde, men ogs\u00e5 en smuk dekoration i interi\u00f8ret. Det smukke design og den romantiske karakter g\u00f8r den til en gave, der vil blive husket i lang tid.&nbsp;Diskret dekorativt element&nbsp;&nbsp;Rose sengelampe vil v\u00e6re perfekt som dekorativt element i sovev\u00e6relset, stuen eller p\u00e5 skrivebordet. Det bl\u00f8de LED-lys skaber en hyggelig atmosf\u00e6re, der fremmer afslapning og hvile. Lampen kan ogs\u00e5 fungere som en romantisk dekoration under aftenarrangementer.&nbsp;&nbsp;Produktinformation:&nbsp;M\u00e5l: 11,5 x 21,5 cm (h\u00f8jde)Lyskilde: LEDStr\u00f8mforsyning: 3 AAA-batterier (batterier medf\u00f8lger ikke).Det romantiske design og det blide LED-lys g\u00f8r lampen til en perfekt gave til en elsket.CE-certifikat&nbsp;&nbsp;&nbsp;Produkt til indend\u00f8rs brug.I tilf\u00e6lde af beskadigelse af kablet eller enheden skal du bortskaffe det.Produktet er kun til dekorative form\u00e5l.Produktet er ikke et leget\u00f8j.Holdes v\u00e6k fra b\u00f8rn.<\/p>\n","protected":false},"excerpt":{"rendered":"<p>Natlampe &#8211; Rose &#8211; LED &#8211; G116&nbsp;&nbsp;Elegant sengelampe i form af en blomstrende rose er den perfekte m\u00e5de at tilf\u00f8je en romantisk atmosf\u00e6re til ethvert interi\u00f8r. Blidt LED-lys oplyser rummet diskret og skaber en varm og hyggelig atmosf\u00e6re.&nbsp;Unik gave, der vil blive husket i lang tid&nbsp;Rose-sengelampen er en perfekt id\u00e9 til en unik gave. Det [&hellip;]<\/p>\n","protected":false},"featured_media":44954,"comment_status":"open","ping_status":"closed","template":"","meta":[],"product_brand":[],"product_cat":[31],"product_tag":[],"class_list":{"0":"post-27205","1":"product","2":"type-product","3":"status-publish","4":"has-post-thumbnail","6":"product_cat-uncategorized-da","8":"first","9":"instock","10":"shipping-taxable","11":"purchasable","12":"product-type-simple"},"_links":{"self":[{"href":"https:\/\/nordicmart.andreevmaster.com\/da\/wp-json\/wp\/v2\/product\/27205","targetHints":{"allow":["GET"]}}],"collection":[{"href":"https:\/\/nordicmart.andreevmaster.com\/da\/wp-json\/wp\/v2\/product"}],"about":[{"href":"https:\/\/nordicmart.andreevmaster.com\/da\/wp-json\/wp\/v2\/types\/product"}],"replies":[{"embeddable":true,"href":"https:\/\/nordicmart.andreevmaster.com\/da\/wp-json\/wp\/v2\/comments?post=27205"}],"wp:featuredmedia":[{"embeddable":true,"href":"https:\/\/nordicmart.andreevmaster.com\/da\/wp-json\/wp\/v2\/media\/44954"}],"wp:attachment":[{"href":"https:\/\/nordicmart.andreevmaster.com\/da\/wp-json\/wp\/v2\/media?parent=27205"}],"wp:term":[{"taxonomy":"product_brand","embeddable":true,"href":"https:\/\/nordicmart.andreevmaster.com\/da\/wp-json\/wp\/v2\/product_brand?post=27205"},{"taxonomy":"product_cat","embeddable":true,"href":"https:\/\/nordicmart.andreevmaster.com\/da\/wp-json\/wp\/v2\/product_cat?post=27205"},{"taxonomy":"product_tag","embeddable":true,"href":"https:\/\/nordicmart.andreevmaster.com\/da\/wp-json\/wp\/v2\/product_tag?post=27205"}],"curies":[{"name":"wp","href":"https:\/\/api.w.org\/{rel}","templated":true}]}}