{"id":27204,"date":"2026-02-27T00:35:55","date_gmt":"2026-02-27T00:35:55","guid":{"rendered":"https:\/\/nordicmart.andreevmaster.com\/product\/natlampe-mane-p110\/"},"modified":"2026-02-27T09:14:43","modified_gmt":"2026-02-27T09:14:43","slug":"natlampe-mane-p110","status":"publish","type":"product","link":"https:\/\/nordicmart.andreevmaster.com\/da\/vare\/natlampe-mane-p110\/","title":{"rendered":"Natlampe &#8211; M\u00e5ne P110"},"content":{"rendered":"<p>Natlampe &#8211; M\u00e5ne P110&nbsp;&nbsp;Delikat lys kombineret med en realistisk gengivelse af m\u00e5nens overflade skaber en unik atmosf\u00e6re.&nbsp;&nbsp;Gaveid\u00e9:&nbsp;Leder du efter den perfekte gave til en astronom- eller geografielsker? Natlampe &#8211; M\u00e5ne er en god gaveid\u00e9! Denne unikke gadget vil helt sikkert gl\u00e6de alle, der interesserer sig for rummet.&nbsp;&nbsp;Charmerende dekoration:&nbsp;Natlampe &#8211; M\u00e5ne vil v\u00e6re en fantastisk dekoration. Den passer perfekt ind i en moderne stue, sovev\u00e6relse eller b\u00f8rnev\u00e6relse. Den vil ogs\u00e5 v\u00e6re en interessant dekoration p\u00e5 dit skrivebord.&nbsp;&nbsp;Produktinformation:&nbsp;Diameter: 15 cmHvid farveLyskilde: LEDStr\u00f8mforsyning: USB-kabelUSB-kabel medf\u00f8lgerTr\u00e6stativ medf\u00f8lgerCE-certifikat&nbsp;&nbsp;Produkt til indend\u00f8rs brug.I tilf\u00e6lde af beskadigelse af kablet eller enheden skal du bortskaffe det.Produktet er kun til dekorative form\u00e5l.Produktet er ikke et leget\u00f8j.Holdes v\u00e6k fra b\u00f8rn.&nbsp;<\/p>\n","protected":false},"excerpt":{"rendered":"<p>Natlampe &#8211; M\u00e5ne P110&nbsp;&nbsp;Delikat lys kombineret med en realistisk gengivelse af m\u00e5nens overflade skaber en unik atmosf\u00e6re.&nbsp;&nbsp;Gaveid\u00e9:&nbsp;Leder du efter den perfekte gave til en astronom- eller geografielsker? Natlampe &#8211; M\u00e5ne er en god gaveid\u00e9! Denne unikke gadget vil helt sikkert gl\u00e6de alle, der interesserer sig for rummet.&nbsp;&nbsp;Charmerende dekoration:&nbsp;Natlampe &#8211; M\u00e5ne vil v\u00e6re en fantastisk dekoration. [&hellip;]<\/p>\n","protected":false},"featured_media":44953,"comment_status":"open","ping_status":"closed","template":"","meta":[],"product_brand":[],"product_cat":[31],"product_tag":[],"class_list":{"0":"post-27204","1":"product","2":"type-product","3":"status-publish","4":"has-post-thumbnail","6":"product_cat-uncategorized-da","8":"first","9":"instock","10":"shipping-taxable","11":"purchasable","12":"product-type-simple"},"_links":{"self":[{"href":"https:\/\/nordicmart.andreevmaster.com\/da\/wp-json\/wp\/v2\/product\/27204","targetHints":{"allow":["GET"]}}],"collection":[{"href":"https:\/\/nordicmart.andreevmaster.com\/da\/wp-json\/wp\/v2\/product"}],"about":[{"href":"https:\/\/nordicmart.andreevmaster.com\/da\/wp-json\/wp\/v2\/types\/product"}],"replies":[{"embeddable":true,"href":"https:\/\/nordicmart.andreevmaster.com\/da\/wp-json\/wp\/v2\/comments?post=27204"}],"wp:featuredmedia":[{"embeddable":true,"href":"https:\/\/nordicmart.andreevmaster.com\/da\/wp-json\/wp\/v2\/media\/44953"}],"wp:attachment":[{"href":"https:\/\/nordicmart.andreevmaster.com\/da\/wp-json\/wp\/v2\/media?parent=27204"}],"wp:term":[{"taxonomy":"product_brand","embeddable":true,"href":"https:\/\/nordicmart.andreevmaster.com\/da\/wp-json\/wp\/v2\/product_brand?post=27204"},{"taxonomy":"product_cat","embeddable":true,"href":"https:\/\/nordicmart.andreevmaster.com\/da\/wp-json\/wp\/v2\/product_cat?post=27204"},{"taxonomy":"product_tag","embeddable":true,"href":"https:\/\/nordicmart.andreevmaster.com\/da\/wp-json\/wp\/v2\/product_tag?post=27204"}],"curies":[{"name":"wp","href":"https:\/\/api.w.org\/{rel}","templated":true}]}}