{"id":27203,"date":"2026-02-27T00:35:54","date_gmt":"2026-02-27T00:35:54","guid":{"rendered":"https:\/\/nordicmart.andreevmaster.com\/product\/globe-led-lampe-7-forskellige-farver-usb-p108\/"},"modified":"2026-02-27T09:14:43","modified_gmt":"2026-02-27T09:14:43","slug":"globe-led-lampe-7-forskellige-farver-usb-p108","status":"publish","type":"product","link":"https:\/\/nordicmart.andreevmaster.com\/da\/vare\/globe-led-lampe-7-forskellige-farver-usb-p108\/","title":{"rendered":"Globe &#8211; LED-lampe &#8211; 7 forskellige farver &#8211; USB &#8211; P108"},"content":{"rendered":"<p>Globe &#8211; LED-lampe &#8211; 7 forskellige farver &#8211; USB &#8211; P108&nbsp;&nbsp;&nbsp;Den globusformede LED-lampe er ikke kun en moderne gadget, men ogs\u00e5 et funktionelt dekorativt element. Den giver mulighed for at v\u00e6lge mellem 7 forskellige lysfarver, s\u00e5 du kan tilpasse atmosf\u00e6ren efter dine pr\u00e6ferencer. Denne moderne globusformede lampe er ikke kun et imponerende dekorativt element, men ogs\u00e5 en praktisk gadget, der g\u00f8r aftenerne mere behagelige i ethvert interi\u00f8r.&nbsp;&nbsp;Den perfekte gave til rejsende:&nbsp;Dette er den perfekte gave til en person, der elsker at rejse. En globus med LED-baggrundsbelysning i 7 forskellige farver er ikke kun en smuk dekoration, men ogs\u00e5 en praktisk gadget, der kan bruges som natlampe eller stemningsbelysning. Elegant dekoration til ethvert interi\u00f8r: Globus LED-lampen er perfekt som dekorativt element i ethvert interi\u00f8r. Det moderne design og muligheden for at \u00e6ndre lysets farve g\u00f8r, at lampen passer til enhver indretningsstil. Globussen vil v\u00e6re en effektiv dekoration til et skrivebord, b\u00f8rnev\u00e6relse eller stue. Den er ogs\u00e5 det perfekte tilbeh\u00f8r for folk, der er passionerede omkring at rejse, da den tilf\u00f8jer lidt af deres \u00e5nd til ethvert rum.&nbsp;&nbsp;Produktinformation:&nbsp;Dimensioner: h\u00f8jde ca. 17 cmStr\u00f8mforsyning: USB-kabel eller 3 x AAA-batterier (batterier medf\u00f8lger ikke)Mulighed for at \u00e6ndre klodens farveCE-certifikat&nbsp;&nbsp;Produkt til indend\u00f8rs brug.I tilf\u00e6lde af beskadigelse af kablet eller enheden skal det bortskaffes. Produktet er kun til dekorative form\u00e5l. Produktet er ikke et leget\u00f8j. Holdes v\u00e6k fra b\u00f8rn.&nbsp;&nbsp;<\/p>\n","protected":false},"excerpt":{"rendered":"<p>Globe &#8211; LED-lampe &#8211; 7 forskellige farver &#8211; USB &#8211; P108&nbsp;&nbsp;&nbsp;Den globusformede LED-lampe er ikke kun en moderne gadget, men ogs\u00e5 et funktionelt dekorativt element. Den giver mulighed for at v\u00e6lge mellem 7 forskellige lysfarver, s\u00e5 du kan tilpasse atmosf\u00e6ren efter dine pr\u00e6ferencer. Denne moderne globusformede lampe er ikke kun et imponerende dekorativt element, men [&hellip;]<\/p>\n","protected":false},"featured_media":44952,"comment_status":"open","ping_status":"closed","template":"","meta":[],"product_brand":[],"product_cat":[31],"product_tag":[],"class_list":{"0":"post-27203","1":"product","2":"type-product","3":"status-publish","4":"has-post-thumbnail","6":"product_cat-uncategorized-da","8":"first","9":"instock","10":"shipping-taxable","11":"purchasable","12":"product-type-simple"},"_links":{"self":[{"href":"https:\/\/nordicmart.andreevmaster.com\/da\/wp-json\/wp\/v2\/product\/27203","targetHints":{"allow":["GET"]}}],"collection":[{"href":"https:\/\/nordicmart.andreevmaster.com\/da\/wp-json\/wp\/v2\/product"}],"about":[{"href":"https:\/\/nordicmart.andreevmaster.com\/da\/wp-json\/wp\/v2\/types\/product"}],"replies":[{"embeddable":true,"href":"https:\/\/nordicmart.andreevmaster.com\/da\/wp-json\/wp\/v2\/comments?post=27203"}],"wp:featuredmedia":[{"embeddable":true,"href":"https:\/\/nordicmart.andreevmaster.com\/da\/wp-json\/wp\/v2\/media\/44952"}],"wp:attachment":[{"href":"https:\/\/nordicmart.andreevmaster.com\/da\/wp-json\/wp\/v2\/media?parent=27203"}],"wp:term":[{"taxonomy":"product_brand","embeddable":true,"href":"https:\/\/nordicmart.andreevmaster.com\/da\/wp-json\/wp\/v2\/product_brand?post=27203"},{"taxonomy":"product_cat","embeddable":true,"href":"https:\/\/nordicmart.andreevmaster.com\/da\/wp-json\/wp\/v2\/product_cat?post=27203"},{"taxonomy":"product_tag","embeddable":true,"href":"https:\/\/nordicmart.andreevmaster.com\/da\/wp-json\/wp\/v2\/product_tag?post=27203"}],"curies":[{"name":"wp","href":"https:\/\/api.w.org\/{rel}","templated":true}]}}