{"id":27202,"date":"2026-02-27T00:35:54","date_gmt":"2026-02-27T00:35:54","guid":{"rendered":"https:\/\/nordicmart.andreevmaster.com\/product\/natlampe-fodbold-3-farver-p107\/"},"modified":"2026-02-27T09:14:43","modified_gmt":"2026-02-27T09:14:43","slug":"natlampe-fodbold-3-farver-p107","status":"publish","type":"product","link":"https:\/\/nordicmart.andreevmaster.com\/da\/vare\/natlampe-fodbold-3-farver-p107\/","title":{"rendered":"Natlampe &#8211; Fodbold &#8211; 3 farver &#8211; P107"},"content":{"rendered":"<p>Natlampe &#8211; Fodbold &#8211; 3 farver &#8211; P107&nbsp;&nbsp;Det moderne design g\u00f8r denne fodboldformede natlampe til det perfekte gadget for alle fodboldfans. For en voksen fodboldfan kan denne lampe v\u00e6re en god gaveid\u00e9. Den tilf\u00f8jer stemningsfuld belysning til rummet. Den minder dig om din passion for denne sport. Lampen fungerer som et praktisk element i rumindretningen. Den er en i\u00f8jnefaldende dekoration. Den er perfekt til b\u00f8rnev\u00e6relset, sovev\u00e6relset og enhver fans kontor. Det er ikke kun en almindelig natlampe, men ogs\u00e5 en interessant gadget, der vil fange g\u00e6sternes opm\u00e6rksomhed og tilf\u00f8je rummet et sporty pr\u00e6g.&nbsp;Produktinformation:&nbsp;H\u00f8jde: ca. 17 cmMulighed for at \u00e6ndre lysets intensitet.Str\u00f8mforsyning: USB-kabel (medf\u00f8lger) eller 3 AAA-batterier (batterier medf\u00f8lger ikke).CE-certifikatGadget til en fodboldfan&nbsp;Natlampe &#8211; Fodbold er den perfekte m\u00e5de at dekorere v\u00e6relset til et barn, der elsker fodbold!&nbsp;&nbsp;Produkt til indend\u00f8rs brug.I tilf\u00e6lde af beskadigelse af kablet eller enheden skal det bortskaffes.Produktet er kun til dekorative form\u00e5l.Produktet er ikke et leget\u00f8j.Holdes v\u00e6k fra b\u00f8rn.&nbsp;<\/p>\n","protected":false},"excerpt":{"rendered":"<p>Natlampe &#8211; Fodbold &#8211; 3 farver &#8211; P107&nbsp;&nbsp;Det moderne design g\u00f8r denne fodboldformede natlampe til det perfekte gadget for alle fodboldfans. For en voksen fodboldfan kan denne lampe v\u00e6re en god gaveid\u00e9. Den tilf\u00f8jer stemningsfuld belysning til rummet. Den minder dig om din passion for denne sport. Lampen fungerer som et praktisk element i rumindretningen. [&hellip;]<\/p>\n","protected":false},"featured_media":44951,"comment_status":"open","ping_status":"closed","template":"","meta":[],"product_brand":[],"product_cat":[31],"product_tag":[],"class_list":{"0":"post-27202","1":"product","2":"type-product","3":"status-publish","4":"has-post-thumbnail","6":"product_cat-uncategorized-da","8":"first","9":"instock","10":"shipping-taxable","11":"purchasable","12":"product-type-simple"},"_links":{"self":[{"href":"https:\/\/nordicmart.andreevmaster.com\/da\/wp-json\/wp\/v2\/product\/27202","targetHints":{"allow":["GET"]}}],"collection":[{"href":"https:\/\/nordicmart.andreevmaster.com\/da\/wp-json\/wp\/v2\/product"}],"about":[{"href":"https:\/\/nordicmart.andreevmaster.com\/da\/wp-json\/wp\/v2\/types\/product"}],"replies":[{"embeddable":true,"href":"https:\/\/nordicmart.andreevmaster.com\/da\/wp-json\/wp\/v2\/comments?post=27202"}],"wp:featuredmedia":[{"embeddable":true,"href":"https:\/\/nordicmart.andreevmaster.com\/da\/wp-json\/wp\/v2\/media\/44951"}],"wp:attachment":[{"href":"https:\/\/nordicmart.andreevmaster.com\/da\/wp-json\/wp\/v2\/media?parent=27202"}],"wp:term":[{"taxonomy":"product_brand","embeddable":true,"href":"https:\/\/nordicmart.andreevmaster.com\/da\/wp-json\/wp\/v2\/product_brand?post=27202"},{"taxonomy":"product_cat","embeddable":true,"href":"https:\/\/nordicmart.andreevmaster.com\/da\/wp-json\/wp\/v2\/product_cat?post=27202"},{"taxonomy":"product_tag","embeddable":true,"href":"https:\/\/nordicmart.andreevmaster.com\/da\/wp-json\/wp\/v2\/product_tag?post=27202"}],"curies":[{"name":"wp","href":"https:\/\/api.w.org\/{rel}","templated":true}]}}