{"id":27201,"date":"2026-02-27T00:35:54","date_gmt":"2026-02-27T00:35:54","guid":{"rendered":"https:\/\/nordicmart.andreevmaster.com\/product\/to-kortspil-i-en-harpiksaeske-g1220a\/"},"modified":"2026-02-27T09:14:42","modified_gmt":"2026-02-27T09:14:42","slug":"to-kortspil-i-en-harpiksaeske-g1220a","status":"publish","type":"product","link":"https:\/\/nordicmart.andreevmaster.com\/da\/vare\/to-kortspil-i-en-harpiksaeske-g1220a\/","title":{"rendered":"To kortspil i en harpiks\u00e6ske &#8211; G1220A"},"content":{"rendered":"<p>To kortspil i en harpiks\u00e6ske &#8211; G1220A&nbsp;&nbsp;Dette s\u00e6t er den perfekte gave til alle kortspilsentusiaster, b\u00e5de begyndere og erfarne spillere. \u00c6sken er lavet af h\u00f8jkvalitetsharpiks og dekoreret med kortkonger og -dronninger. Den hvide farve og det minimalistiske design g\u00f8r dette s\u00e6t perfekt til moderne, skandinavisk eller minimalistisk indretning.&nbsp;&nbsp;Produktinformation:&nbsp;M\u00e5l: 15 x 11,5 x 4 cmMateriale: harpiksDen perfekte gave til kortspilsentusiaster&nbsp;&nbsp;Fordele ved at spille kort:&nbsp;At tilbringe tid med venner og familieAt opbygge relationer og skabe minderAt udvikle strategisk t\u00e6nkning og logiske probleml\u00f8sningsf\u00e6rdighederAt l\u00e6re at h\u00e5ndtere nederlag og sejr&nbsp;<\/p>\n","protected":false},"excerpt":{"rendered":"<p>To kortspil i en harpiks\u00e6ske &#8211; G1220A&nbsp;&nbsp;Dette s\u00e6t er den perfekte gave til alle kortspilsentusiaster, b\u00e5de begyndere og erfarne spillere. \u00c6sken er lavet af h\u00f8jkvalitetsharpiks og dekoreret med kortkonger og -dronninger. Den hvide farve og det minimalistiske design g\u00f8r dette s\u00e6t perfekt til moderne, skandinavisk eller minimalistisk indretning.&nbsp;&nbsp;Produktinformation:&nbsp;M\u00e5l: 15 x 11,5 x 4 cmMateriale: harpiksDen [&hellip;]<\/p>\n","protected":false},"featured_media":44950,"comment_status":"open","ping_status":"closed","template":"","meta":[],"product_brand":[],"product_cat":[31],"product_tag":[],"class_list":{"0":"post-27201","1":"product","2":"type-product","3":"status-publish","4":"has-post-thumbnail","6":"product_cat-uncategorized-da","8":"first","9":"instock","10":"shipping-taxable","11":"purchasable","12":"product-type-simple"},"_links":{"self":[{"href":"https:\/\/nordicmart.andreevmaster.com\/da\/wp-json\/wp\/v2\/product\/27201","targetHints":{"allow":["GET"]}}],"collection":[{"href":"https:\/\/nordicmart.andreevmaster.com\/da\/wp-json\/wp\/v2\/product"}],"about":[{"href":"https:\/\/nordicmart.andreevmaster.com\/da\/wp-json\/wp\/v2\/types\/product"}],"replies":[{"embeddable":true,"href":"https:\/\/nordicmart.andreevmaster.com\/da\/wp-json\/wp\/v2\/comments?post=27201"}],"wp:featuredmedia":[{"embeddable":true,"href":"https:\/\/nordicmart.andreevmaster.com\/da\/wp-json\/wp\/v2\/media\/44950"}],"wp:attachment":[{"href":"https:\/\/nordicmart.andreevmaster.com\/da\/wp-json\/wp\/v2\/media?parent=27201"}],"wp:term":[{"taxonomy":"product_brand","embeddable":true,"href":"https:\/\/nordicmart.andreevmaster.com\/da\/wp-json\/wp\/v2\/product_brand?post=27201"},{"taxonomy":"product_cat","embeddable":true,"href":"https:\/\/nordicmart.andreevmaster.com\/da\/wp-json\/wp\/v2\/product_cat?post=27201"},{"taxonomy":"product_tag","embeddable":true,"href":"https:\/\/nordicmart.andreevmaster.com\/da\/wp-json\/wp\/v2\/product_tag?post=27201"}],"curies":[{"name":"wp","href":"https:\/\/api.w.org\/{rel}","templated":true}]}}