{"id":27200,"date":"2026-02-27T00:35:53","date_gmt":"2026-02-27T00:35:53","guid":{"rendered":"https:\/\/nordicmart.andreevmaster.com\/product\/kortspil-i-en-elegant-aeske-af-harpiks-og-mdf-g1228\/"},"modified":"2026-02-27T09:14:42","modified_gmt":"2026-02-27T09:14:42","slug":"kortspil-i-en-elegant-aeske-af-harpiks-og-mdf-g1228","status":"publish","type":"product","link":"https:\/\/nordicmart.andreevmaster.com\/da\/vare\/kortspil-i-en-elegant-aeske-af-harpiks-og-mdf-g1228\/","title":{"rendered":"Kortspil i en elegant \u00e6ske af harpiks og MDF &#8211; G1228"},"content":{"rendered":"<p>Kortspil i en elegant \u00e6ske af harpiks og MDF &#8211; G1228&nbsp;&nbsp;Kortspil i en elegant \u00e6ske er en perfekt gaveid\u00e9 til kortspilsentusiaster og til folk, der v\u00e6rds\u00e6tter stilfulde accessories. Det er en perfekt gave til alle, uanset alder og anledning.&nbsp;En elegant \u00e6ske med kort kan blive en original dekoration p\u00e5 et skrivebord, en hylde eller et bord. Kassens sorte farve kombineret med spar-esset vil passe perfekt til moderne, minimalistiske interi\u00f8rer.&nbsp;Produktinformation:&nbsp;Kassens m\u00e5l: 12x9x3,5 cmKassens farve: Sort med hvide dekorationerElegant kortspil indeniMateriale: Harpiks, MDF&nbsp;At spille kort er ikke kun sjovt, men ogs\u00e5 en m\u00e5de at tilbringe tid med familie og venner p\u00e5. Kortspil hj\u00e6lper med at udvikle hukommelse, koncentration og logisk t\u00e6nkning. Det er en fantastisk m\u00e5de at opbygge b\u00e5nd og skabe uforglemmelige minder p\u00e5.&nbsp;<\/p>\n","protected":false},"excerpt":{"rendered":"<p>Kortspil i en elegant \u00e6ske af harpiks og MDF &#8211; G1228&nbsp;&nbsp;Kortspil i en elegant \u00e6ske er en perfekt gaveid\u00e9 til kortspilsentusiaster og til folk, der v\u00e6rds\u00e6tter stilfulde accessories. Det er en perfekt gave til alle, uanset alder og anledning.&nbsp;En elegant \u00e6ske med kort kan blive en original dekoration p\u00e5 et skrivebord, en hylde eller et [&hellip;]<\/p>\n","protected":false},"featured_media":44949,"comment_status":"open","ping_status":"closed","template":"","meta":[],"product_brand":[],"product_cat":[31],"product_tag":[],"class_list":{"0":"post-27200","1":"product","2":"type-product","3":"status-publish","4":"has-post-thumbnail","6":"product_cat-uncategorized-da","8":"first","9":"instock","10":"shipping-taxable","11":"purchasable","12":"product-type-simple"},"_links":{"self":[{"href":"https:\/\/nordicmart.andreevmaster.com\/da\/wp-json\/wp\/v2\/product\/27200","targetHints":{"allow":["GET"]}}],"collection":[{"href":"https:\/\/nordicmart.andreevmaster.com\/da\/wp-json\/wp\/v2\/product"}],"about":[{"href":"https:\/\/nordicmart.andreevmaster.com\/da\/wp-json\/wp\/v2\/types\/product"}],"replies":[{"embeddable":true,"href":"https:\/\/nordicmart.andreevmaster.com\/da\/wp-json\/wp\/v2\/comments?post=27200"}],"wp:featuredmedia":[{"embeddable":true,"href":"https:\/\/nordicmart.andreevmaster.com\/da\/wp-json\/wp\/v2\/media\/44949"}],"wp:attachment":[{"href":"https:\/\/nordicmart.andreevmaster.com\/da\/wp-json\/wp\/v2\/media?parent=27200"}],"wp:term":[{"taxonomy":"product_brand","embeddable":true,"href":"https:\/\/nordicmart.andreevmaster.com\/da\/wp-json\/wp\/v2\/product_brand?post=27200"},{"taxonomy":"product_cat","embeddable":true,"href":"https:\/\/nordicmart.andreevmaster.com\/da\/wp-json\/wp\/v2\/product_cat?post=27200"},{"taxonomy":"product_tag","embeddable":true,"href":"https:\/\/nordicmart.andreevmaster.com\/da\/wp-json\/wp\/v2\/product_tag?post=27200"}],"curies":[{"name":"wp","href":"https:\/\/api.w.org\/{rel}","templated":true}]}}