{"id":27199,"date":"2026-02-27T00:35:53","date_gmt":"2026-02-27T00:35:53","guid":{"rendered":"https:\/\/nordicmart.andreevmaster.com\/product\/spil-tre-i-traek-13-x-13-cm-g1078\/"},"modified":"2026-02-27T09:14:42","modified_gmt":"2026-02-27T09:14:42","slug":"spil-tre-i-traek-13-x-13-cm-g1078","status":"publish","type":"product","link":"https:\/\/nordicmart.andreevmaster.com\/da\/vare\/spil-tre-i-traek-13-x-13-cm-g1078\/","title":{"rendered":"Spil &#8211; tre i tr\u00e6k &#8211; 13 x 13 cm &#8211; G1078"},"content":{"rendered":"<p>Spil &#8211; tre p\u00e5 stribe &#8211; 13 x 13 cm &#8211; G1078&nbsp;&nbsp;Tr\u00e6spil med tre p\u00e5 stribe er en kombination af klassisk underholdning og elegant design. Spillet er lavet af sort tr\u00e6 af h\u00f8j kvalitet med hvide elementer og er ikke kun sjovt at spille, men ogs\u00e5 en smagfuld dekoration til et skrivebord eller bord.&nbsp;Er det en god id\u00e9 til en lille gave til en elsker af minimalistisk design eller en fan af logiske spil? Kombinationen af klassisk gameplay og et moderne look g\u00f8r det til en perfekt gave til b\u00e5de b\u00f8rn og voksne.&nbsp;Produktinformation:&nbsp;M\u00e5l: 13 x 13 cmMateriale: tr\u00e6Farve: sort (dominerende), hvide elementerElegant, minimalistisk stil&nbsp;At spille tic-tac-toe er ikke kun en m\u00e5de at tilbringe sin fritid p\u00e5, men ogs\u00e5 en interessant dekoration til ethvert interi\u00f8r. Det minimalistiske design g\u00f8r det perfekt til moderne og skandinaviske indretninger.&nbsp;&nbsp;OBS!&nbsp;Dette produkt er ikke et leget\u00f8j og er ikke egnet til b\u00f8rn under 14 \u00e5r.&nbsp;<\/p>\n","protected":false},"excerpt":{"rendered":"<p>Spil &#8211; tre p\u00e5 stribe &#8211; 13 x 13 cm &#8211; G1078&nbsp;&nbsp;Tr\u00e6spil med tre p\u00e5 stribe er en kombination af klassisk underholdning og elegant design. Spillet er lavet af sort tr\u00e6 af h\u00f8j kvalitet med hvide elementer og er ikke kun sjovt at spille, men ogs\u00e5 en smagfuld dekoration til et skrivebord eller bord.&nbsp;Er det [&hellip;]<\/p>\n","protected":false},"featured_media":44948,"comment_status":"open","ping_status":"closed","template":"","meta":[],"product_brand":[],"product_cat":[31],"product_tag":[],"class_list":{"0":"post-27199","1":"product","2":"type-product","3":"status-publish","4":"has-post-thumbnail","6":"product_cat-uncategorized-da","8":"first","9":"instock","10":"shipping-taxable","11":"purchasable","12":"product-type-simple"},"_links":{"self":[{"href":"https:\/\/nordicmart.andreevmaster.com\/da\/wp-json\/wp\/v2\/product\/27199","targetHints":{"allow":["GET"]}}],"collection":[{"href":"https:\/\/nordicmart.andreevmaster.com\/da\/wp-json\/wp\/v2\/product"}],"about":[{"href":"https:\/\/nordicmart.andreevmaster.com\/da\/wp-json\/wp\/v2\/types\/product"}],"replies":[{"embeddable":true,"href":"https:\/\/nordicmart.andreevmaster.com\/da\/wp-json\/wp\/v2\/comments?post=27199"}],"wp:featuredmedia":[{"embeddable":true,"href":"https:\/\/nordicmart.andreevmaster.com\/da\/wp-json\/wp\/v2\/media\/44948"}],"wp:attachment":[{"href":"https:\/\/nordicmart.andreevmaster.com\/da\/wp-json\/wp\/v2\/media?parent=27199"}],"wp:term":[{"taxonomy":"product_brand","embeddable":true,"href":"https:\/\/nordicmart.andreevmaster.com\/da\/wp-json\/wp\/v2\/product_brand?post=27199"},{"taxonomy":"product_cat","embeddable":true,"href":"https:\/\/nordicmart.andreevmaster.com\/da\/wp-json\/wp\/v2\/product_cat?post=27199"},{"taxonomy":"product_tag","embeddable":true,"href":"https:\/\/nordicmart.andreevmaster.com\/da\/wp-json\/wp\/v2\/product_tag?post=27199"}],"curies":[{"name":"wp","href":"https:\/\/api.w.org\/{rel}","templated":true}]}}