{"id":27198,"date":"2026-02-27T00:35:53","date_gmt":"2026-02-27T00:35:53","guid":{"rendered":"https:\/\/nordicmart.andreevmaster.com\/product\/stort-kryds-og-bolle-traditionelt-spil-25-x-25-g1079-b\/"},"modified":"2026-02-27T09:14:42","modified_gmt":"2026-02-27T09:14:42","slug":"stort-kryds-og-bolle-traditionelt-spil-25-x-25-g1079-b","status":"publish","type":"product","link":"https:\/\/nordicmart.andreevmaster.com\/da\/vare\/stort-kryds-og-bolle-traditionelt-spil-25-x-25-g1079-b\/","title":{"rendered":"Stort kryds og bolle &#8211; traditionelt spil &#8211; 25 x 25 &#8211; G1079\/B"},"content":{"rendered":"<p>Stort kryds og bolle-spil \u2013 traditionelt spil \u2013 25 x 25 \u2013 G1079\/B&nbsp;&nbsp;Stort kryds og bolle-spil \u2013 et traditionelt spil med et moderne twist&nbsp;&nbsp;Tr\u00e6br\u00e6t til kryds og bolle med m\u00e5lene 25 x 25 cm fanger \u00f8jet med sit minimalistiske, elegante design. Den dominerende sorte farve kombineret med hvide accenter giver s\u00e6ttet et elegant og moderne look.&nbsp;Dette er en perfekt gaveid\u00e9 til en elsker af traditionelle spil. Kombinationen af traditionel underholdning og elegant design vil appellere til b\u00e5de yngre og \u00e6ldre spillere. At spille tic-tac-toe er ikke kun sjovt, men ogs\u00e5 en god m\u00e5de at \u00f8ve logisk t\u00e6nkning og strategi p\u00e5.&nbsp;&nbsp;Produktinformation:&nbsp;M\u00e5l: 24 x 24 cmMateriale: tr\u00e6Farve: sort, hvidElegant, minimalistisk stil&nbsp;Spillet kan ogs\u00e5 bruges som en stilfuld dekoration til et skrivebord eller en hylde. Det minimalistiske design og de tidl\u00f8se farver g\u00f8r, at spillet passer ind i ethvert interi\u00f8r. At spille kryds og bolle er en fantastisk m\u00e5de at tilbringe fritiden med familie og venner p\u00e5. Det er perfekt underholdning til lange aftener eller eftermiddagsm\u00f8der. OBS! Dette produkt er ikke et leget\u00f8j og er ikke egnet til b\u00f8rn under 14 \u00e5r.<\/p>\n","protected":false},"excerpt":{"rendered":"<p>Stort kryds og bolle-spil \u2013 traditionelt spil \u2013 25 x 25 \u2013 G1079\/B&nbsp;&nbsp;Stort kryds og bolle-spil \u2013 et traditionelt spil med et moderne twist&nbsp;&nbsp;Tr\u00e6br\u00e6t til kryds og bolle med m\u00e5lene 25 x 25 cm fanger \u00f8jet med sit minimalistiske, elegante design. Den dominerende sorte farve kombineret med hvide accenter giver s\u00e6ttet et elegant og moderne [&hellip;]<\/p>\n","protected":false},"featured_media":44947,"comment_status":"open","ping_status":"closed","template":"","meta":[],"product_brand":[],"product_cat":[31],"product_tag":[],"class_list":{"0":"post-27198","1":"product","2":"type-product","3":"status-publish","4":"has-post-thumbnail","6":"product_cat-uncategorized-da","8":"first","9":"instock","10":"shipping-taxable","11":"purchasable","12":"product-type-simple"},"_links":{"self":[{"href":"https:\/\/nordicmart.andreevmaster.com\/da\/wp-json\/wp\/v2\/product\/27198","targetHints":{"allow":["GET"]}}],"collection":[{"href":"https:\/\/nordicmart.andreevmaster.com\/da\/wp-json\/wp\/v2\/product"}],"about":[{"href":"https:\/\/nordicmart.andreevmaster.com\/da\/wp-json\/wp\/v2\/types\/product"}],"replies":[{"embeddable":true,"href":"https:\/\/nordicmart.andreevmaster.com\/da\/wp-json\/wp\/v2\/comments?post=27198"}],"wp:featuredmedia":[{"embeddable":true,"href":"https:\/\/nordicmart.andreevmaster.com\/da\/wp-json\/wp\/v2\/media\/44947"}],"wp:attachment":[{"href":"https:\/\/nordicmart.andreevmaster.com\/da\/wp-json\/wp\/v2\/media?parent=27198"}],"wp:term":[{"taxonomy":"product_brand","embeddable":true,"href":"https:\/\/nordicmart.andreevmaster.com\/da\/wp-json\/wp\/v2\/product_brand?post=27198"},{"taxonomy":"product_cat","embeddable":true,"href":"https:\/\/nordicmart.andreevmaster.com\/da\/wp-json\/wp\/v2\/product_cat?post=27198"},{"taxonomy":"product_tag","embeddable":true,"href":"https:\/\/nordicmart.andreevmaster.com\/da\/wp-json\/wp\/v2\/product_tag?post=27198"}],"curies":[{"name":"wp","href":"https:\/\/api.w.org\/{rel}","templated":true}]}}