{"id":27197,"date":"2026-02-27T00:35:53","date_gmt":"2026-02-27T00:35:53","guid":{"rendered":"https:\/\/nordicmart.andreevmaster.com\/product\/messingforstorrelsesglas-med-handtag-af-ben-ni810\/"},"modified":"2026-02-27T09:14:42","modified_gmt":"2026-02-27T09:14:42","slug":"messingforstorrelsesglas-med-handtag-af-ben-ni810","status":"publish","type":"product","link":"https:\/\/nordicmart.andreevmaster.com\/da\/vare\/messingforstorrelsesglas-med-handtag-af-ben-ni810\/","title":{"rendered":"Messingforst\u00f8rrelsesglas med h\u00e5ndtag af ben NI810"},"content":{"rendered":"<p>Messingforst\u00f8rrelsesglas med h\u00e5ndtag af ben NI810&nbsp;&nbsp;Messingforst\u00f8rrelsesglas er det perfekte redskab til at l\u00e6se sm\u00e5t trykte tekster, se p\u00e5 kort, fotos, m\u00f8nter, frim\u00e6rker og andre sm\u00e5 genstande. Det fungerer ogs\u00e5 godt for \u00e6ldre mennesker med synsproblemer.&nbsp;Forst\u00f8rrelsesglas i messing med h\u00e5ndtag i ben er en perfekt tilf\u00f8jelse til vintage-, retro- og moderne interi\u00f8rer. Det vil se smukt ud p\u00e5 et skrivebord, sofabord eller kommode.&nbsp;Forst\u00f8rrelsesglas er ikke kun et praktisk redskab, men ogs\u00e5 en elegant og original gaveid\u00e9. Giv det til antikvitetselskere, samlere eller folk, der s\u00e6tter pris p\u00e5 smukke brugsgenstande.&nbsp;&nbsp;Produktinformation:&nbsp;M\u00e5l: 10 x 23 x 1,9 cmMateriale: glas, messingForst\u00f8rrelse: ca. 3,5 x&nbsp;<\/p>\n","protected":false},"excerpt":{"rendered":"<p>Messingforst\u00f8rrelsesglas med h\u00e5ndtag af ben NI810&nbsp;&nbsp;Messingforst\u00f8rrelsesglas er det perfekte redskab til at l\u00e6se sm\u00e5t trykte tekster, se p\u00e5 kort, fotos, m\u00f8nter, frim\u00e6rker og andre sm\u00e5 genstande. Det fungerer ogs\u00e5 godt for \u00e6ldre mennesker med synsproblemer.&nbsp;Forst\u00f8rrelsesglas i messing med h\u00e5ndtag i ben er en perfekt tilf\u00f8jelse til vintage-, retro- og moderne interi\u00f8rer. Det vil se smukt [&hellip;]<\/p>\n","protected":false},"featured_media":44946,"comment_status":"open","ping_status":"closed","template":"","meta":[],"product_brand":[],"product_cat":[31],"product_tag":[],"class_list":{"0":"post-27197","1":"product","2":"type-product","3":"status-publish","4":"has-post-thumbnail","6":"product_cat-uncategorized-da","8":"first","9":"instock","10":"shipping-taxable","11":"purchasable","12":"product-type-simple"},"_links":{"self":[{"href":"https:\/\/nordicmart.andreevmaster.com\/da\/wp-json\/wp\/v2\/product\/27197","targetHints":{"allow":["GET"]}}],"collection":[{"href":"https:\/\/nordicmart.andreevmaster.com\/da\/wp-json\/wp\/v2\/product"}],"about":[{"href":"https:\/\/nordicmart.andreevmaster.com\/da\/wp-json\/wp\/v2\/types\/product"}],"replies":[{"embeddable":true,"href":"https:\/\/nordicmart.andreevmaster.com\/da\/wp-json\/wp\/v2\/comments?post=27197"}],"wp:featuredmedia":[{"embeddable":true,"href":"https:\/\/nordicmart.andreevmaster.com\/da\/wp-json\/wp\/v2\/media\/44946"}],"wp:attachment":[{"href":"https:\/\/nordicmart.andreevmaster.com\/da\/wp-json\/wp\/v2\/media?parent=27197"}],"wp:term":[{"taxonomy":"product_brand","embeddable":true,"href":"https:\/\/nordicmart.andreevmaster.com\/da\/wp-json\/wp\/v2\/product_brand?post=27197"},{"taxonomy":"product_cat","embeddable":true,"href":"https:\/\/nordicmart.andreevmaster.com\/da\/wp-json\/wp\/v2\/product_cat?post=27197"},{"taxonomy":"product_tag","embeddable":true,"href":"https:\/\/nordicmart.andreevmaster.com\/da\/wp-json\/wp\/v2\/product_tag?post=27197"}],"curies":[{"name":"wp","href":"https:\/\/api.w.org\/{rel}","templated":true}]}}