{"id":27196,"date":"2026-02-27T00:35:52","date_gmt":"2026-02-27T00:35:52","guid":{"rendered":"https:\/\/nordicmart.andreevmaster.com\/product\/messing-timeglas-i-traekasse-1-minut-ni1314a\/"},"modified":"2026-02-27T09:14:41","modified_gmt":"2026-02-27T09:14:41","slug":"messing-timeglas-i-traekasse-1-minut-ni1314a","status":"publish","type":"product","link":"https:\/\/nordicmart.andreevmaster.com\/da\/vare\/messing-timeglas-i-traekasse-1-minut-ni1314a\/","title":{"rendered":"Messing-timeglas i tr\u00e6kasse \u2013 1 minut \u2013 NI1314A"},"content":{"rendered":"<p>Messing-timeglas i tr\u00e6kasse \u2013 1 minut \u2013 NI1314A&nbsp;&nbsp;Messing-timeglas i tr\u00e6kasse er en original gaveid\u00e9 til elskere af retro-dekorationer, gadgets og folk, der v\u00e6rds\u00e6tter unikke genstande. Med en h\u00e6ldetid p\u00e5 1 minut er det et godt valg som et mere elegant alternativ til plastiktimer i br\u00e6tspil.&nbsp;Den elegante kombination af messing og tr\u00e6 g\u00f8r, at timeglasset passer perfekt ind i b\u00e5de klassiske og moderne indretninger. Kassens dimensioner (12,5 x 4,5 x 4,25 cm) g\u00f8r timeglasset til en diskret dekoration p\u00e5 ethvert skrivebord, kommode eller hylde.&nbsp;&nbsp;Produktinformation:&nbsp;Kassens dimensioner: 11 x 4,5 x 5 cm Timeglassets h\u00f8jde: 8,5 cm H\u00e6ldetid: 1 minut Materiale: messing, tr\u00e6 Retro-stil&nbsp;<\/p>\n","protected":false},"excerpt":{"rendered":"<p>Messing-timeglas i tr\u00e6kasse \u2013 1 minut \u2013 NI1314A&nbsp;&nbsp;Messing-timeglas i tr\u00e6kasse er en original gaveid\u00e9 til elskere af retro-dekorationer, gadgets og folk, der v\u00e6rds\u00e6tter unikke genstande. Med en h\u00e6ldetid p\u00e5 1 minut er det et godt valg som et mere elegant alternativ til plastiktimer i br\u00e6tspil.&nbsp;Den elegante kombination af messing og tr\u00e6 g\u00f8r, at timeglasset passer [&hellip;]<\/p>\n","protected":false},"featured_media":44945,"comment_status":"open","ping_status":"closed","template":"","meta":[],"product_brand":[],"product_cat":[31],"product_tag":[],"class_list":{"0":"post-27196","1":"product","2":"type-product","3":"status-publish","4":"has-post-thumbnail","6":"product_cat-uncategorized-da","8":"first","9":"instock","10":"shipping-taxable","11":"purchasable","12":"product-type-simple"},"_links":{"self":[{"href":"https:\/\/nordicmart.andreevmaster.com\/da\/wp-json\/wp\/v2\/product\/27196","targetHints":{"allow":["GET"]}}],"collection":[{"href":"https:\/\/nordicmart.andreevmaster.com\/da\/wp-json\/wp\/v2\/product"}],"about":[{"href":"https:\/\/nordicmart.andreevmaster.com\/da\/wp-json\/wp\/v2\/types\/product"}],"replies":[{"embeddable":true,"href":"https:\/\/nordicmart.andreevmaster.com\/da\/wp-json\/wp\/v2\/comments?post=27196"}],"wp:featuredmedia":[{"embeddable":true,"href":"https:\/\/nordicmart.andreevmaster.com\/da\/wp-json\/wp\/v2\/media\/44945"}],"wp:attachment":[{"href":"https:\/\/nordicmart.andreevmaster.com\/da\/wp-json\/wp\/v2\/media?parent=27196"}],"wp:term":[{"taxonomy":"product_brand","embeddable":true,"href":"https:\/\/nordicmart.andreevmaster.com\/da\/wp-json\/wp\/v2\/product_brand?post=27196"},{"taxonomy":"product_cat","embeddable":true,"href":"https:\/\/nordicmart.andreevmaster.com\/da\/wp-json\/wp\/v2\/product_cat?post=27196"},{"taxonomy":"product_tag","embeddable":true,"href":"https:\/\/nordicmart.andreevmaster.com\/da\/wp-json\/wp\/v2\/product_tag?post=27196"}],"curies":[{"name":"wp","href":"https:\/\/api.w.org\/{rel}","templated":true}]}}