{"id":27195,"date":"2026-02-27T00:35:52","date_gmt":"2026-02-27T00:35:52","guid":{"rendered":"https:\/\/nordicmart.andreevmaster.com\/product\/traekalender-med-6-krusunderlag-cal-1894\/"},"modified":"2026-02-27T09:14:41","modified_gmt":"2026-02-27T09:14:41","slug":"traekalender-med-6-krusunderlag-cal-1894","status":"publish","type":"product","link":"https:\/\/nordicmart.andreevmaster.com\/da\/vare\/traekalender-med-6-krusunderlag-cal-1894\/","title":{"rendered":"Tr\u00e6kalender med 6 krusunderlag &#8211; CAL-1894"},"content":{"rendered":"<p>Tr\u00e6kalender med 6 krusunderlag &#8211; CAL-1894&nbsp;&nbsp;Tr\u00e6kalender &#8211; en stilfuld og praktisk tilf\u00f8jelse til dit skrivebord&nbsp;&nbsp;Leder du efter en enkel, men elegant m\u00e5de at holde styr p\u00e5 tiden p\u00e5? Vi har det perfekte forslag til dig \u2013 en evighedskalender i tr\u00e6. Denne minimalistiske gadget vil ikke kun opfylde sin funktion, men vil ogs\u00e5 blive en dekoration p\u00e5 dit skrivebord.&nbsp;Kalenderen er lavet af tr\u00e6 af h\u00f8j kvalitet, hvilket garanterer dens holdbarhed. Takket v\u00e6re dette beh\u00f8ver du ikke k\u00f8be en ny kalender hvert \u00e5r \u2013 denne vil holde i mange \u00e5r. Takket v\u00e6re det universelle design passer den ind i ethvert interi\u00f8r.&nbsp;&nbsp;Produktinformation:&nbsp;M\u00e5l: 11,4 x 11,4 cmMateriale: tr\u00e66 krusunderlag medf\u00f8lgerPlads til opbevaring af kuglepenne eller andre redskaberKalender til mange \u00e5r \u2013 beh\u00f8ver ikke udskiftes hvert \u00e5r\u00d8kologisk \u2013 lavet af naturligt materialeDekorativ \u2013 pynter p\u00e5 skrivebordet&nbsp;Tr\u00e6kalender med eviggyldig kalender er en perfekt gaveid\u00e9 til:&nbsp;elskere af \u00f8kologiske l\u00f8sningerfolk, der v\u00e6rds\u00e6tter praktiske gadgetsfans af minimalistisk design&nbsp;<\/p>\n","protected":false},"excerpt":{"rendered":"<p>Tr\u00e6kalender med 6 krusunderlag &#8211; CAL-1894&nbsp;&nbsp;Tr\u00e6kalender &#8211; en stilfuld og praktisk tilf\u00f8jelse til dit skrivebord&nbsp;&nbsp;Leder du efter en enkel, men elegant m\u00e5de at holde styr p\u00e5 tiden p\u00e5? Vi har det perfekte forslag til dig \u2013 en evighedskalender i tr\u00e6. Denne minimalistiske gadget vil ikke kun opfylde sin funktion, men vil ogs\u00e5 blive en dekoration [&hellip;]<\/p>\n","protected":false},"featured_media":44944,"comment_status":"open","ping_status":"closed","template":"","meta":[],"product_brand":[],"product_cat":[31],"product_tag":[],"class_list":{"0":"post-27195","1":"product","2":"type-product","3":"status-publish","4":"has-post-thumbnail","6":"product_cat-uncategorized-da","8":"first","9":"instock","10":"shipping-taxable","11":"purchasable","12":"product-type-simple"},"_links":{"self":[{"href":"https:\/\/nordicmart.andreevmaster.com\/da\/wp-json\/wp\/v2\/product\/27195","targetHints":{"allow":["GET"]}}],"collection":[{"href":"https:\/\/nordicmart.andreevmaster.com\/da\/wp-json\/wp\/v2\/product"}],"about":[{"href":"https:\/\/nordicmart.andreevmaster.com\/da\/wp-json\/wp\/v2\/types\/product"}],"replies":[{"embeddable":true,"href":"https:\/\/nordicmart.andreevmaster.com\/da\/wp-json\/wp\/v2\/comments?post=27195"}],"wp:featuredmedia":[{"embeddable":true,"href":"https:\/\/nordicmart.andreevmaster.com\/da\/wp-json\/wp\/v2\/media\/44944"}],"wp:attachment":[{"href":"https:\/\/nordicmart.andreevmaster.com\/da\/wp-json\/wp\/v2\/media?parent=27195"}],"wp:term":[{"taxonomy":"product_brand","embeddable":true,"href":"https:\/\/nordicmart.andreevmaster.com\/da\/wp-json\/wp\/v2\/product_brand?post=27195"},{"taxonomy":"product_cat","embeddable":true,"href":"https:\/\/nordicmart.andreevmaster.com\/da\/wp-json\/wp\/v2\/product_cat?post=27195"},{"taxonomy":"product_tag","embeddable":true,"href":"https:\/\/nordicmart.andreevmaster.com\/da\/wp-json\/wp\/v2\/product_tag?post=27195"}],"curies":[{"name":"wp","href":"https:\/\/api.w.org\/{rel}","templated":true}]}}