{"id":27194,"date":"2026-02-27T00:35:52","date_gmt":"2026-02-27T00:35:52","guid":{"rendered":"https:\/\/nordicmart.andreevmaster.com\/product\/to-kortspil-i-en-harpiksaeske-51668\/"},"modified":"2026-02-27T09:14:41","modified_gmt":"2026-02-27T09:14:41","slug":"to-kortspil-i-en-harpiksaeske-51668","status":"publish","type":"product","link":"https:\/\/nordicmart.andreevmaster.com\/da\/vare\/to-kortspil-i-en-harpiksaeske-51668\/","title":{"rendered":"To kortspil i en harpiks\u00e6ske &#8211; 51668"},"content":{"rendered":"<p>To kortspil i en harpiks\u00e6ske &#8211; 51668&nbsp;&nbsp;&nbsp;Leder du efter en stilfuld og praktisk gave til en gamer? Dette s\u00e6t med to kortspil i en dekorativ harpiks\u00e6ske er det perfekte valg! &nbsp;Det er en praktisk og stilfuld gave, der med sikkerhed vil gl\u00e6de enhver kortspilsentusiast. Det originale design af harpiks\u00e6sken g\u00f8r s\u00e6ttet ikke kun til et praktisk produkt, men ogs\u00e5 til en dekoration i ethvert interi\u00f8r. B\u00e5de kortene og \u00e6sken er lavet af materialer af h\u00f8j kvalitet&nbsp;&nbsp;Produktinformation:&nbsp;\u00c6skens m\u00e5l: 15 x 11,75 x 4 cmS\u00e6ttet indeholder to standardkortspil og en elegant \u00e6skeHarpiks\u00e6ske dekoreret med ess-symbol&nbsp;<\/p>\n","protected":false},"excerpt":{"rendered":"<p>To kortspil i en harpiks\u00e6ske &#8211; 51668&nbsp;&nbsp;&nbsp;Leder du efter en stilfuld og praktisk gave til en gamer? Dette s\u00e6t med to kortspil i en dekorativ harpiks\u00e6ske er det perfekte valg! &nbsp;Det er en praktisk og stilfuld gave, der med sikkerhed vil gl\u00e6de enhver kortspilsentusiast. Det originale design af harpiks\u00e6sken g\u00f8r s\u00e6ttet ikke kun til et [&hellip;]<\/p>\n","protected":false},"featured_media":44943,"comment_status":"open","ping_status":"closed","template":"","meta":[],"product_brand":[],"product_cat":[31],"product_tag":[],"class_list":{"0":"post-27194","1":"product","2":"type-product","3":"status-publish","4":"has-post-thumbnail","6":"product_cat-uncategorized-da","8":"first","9":"instock","10":"shipping-taxable","11":"purchasable","12":"product-type-simple"},"_links":{"self":[{"href":"https:\/\/nordicmart.andreevmaster.com\/da\/wp-json\/wp\/v2\/product\/27194","targetHints":{"allow":["GET"]}}],"collection":[{"href":"https:\/\/nordicmart.andreevmaster.com\/da\/wp-json\/wp\/v2\/product"}],"about":[{"href":"https:\/\/nordicmart.andreevmaster.com\/da\/wp-json\/wp\/v2\/types\/product"}],"replies":[{"embeddable":true,"href":"https:\/\/nordicmart.andreevmaster.com\/da\/wp-json\/wp\/v2\/comments?post=27194"}],"wp:featuredmedia":[{"embeddable":true,"href":"https:\/\/nordicmart.andreevmaster.com\/da\/wp-json\/wp\/v2\/media\/44943"}],"wp:attachment":[{"href":"https:\/\/nordicmart.andreevmaster.com\/da\/wp-json\/wp\/v2\/media?parent=27194"}],"wp:term":[{"taxonomy":"product_brand","embeddable":true,"href":"https:\/\/nordicmart.andreevmaster.com\/da\/wp-json\/wp\/v2\/product_brand?post=27194"},{"taxonomy":"product_cat","embeddable":true,"href":"https:\/\/nordicmart.andreevmaster.com\/da\/wp-json\/wp\/v2\/product_cat?post=27194"},{"taxonomy":"product_tag","embeddable":true,"href":"https:\/\/nordicmart.andreevmaster.com\/da\/wp-json\/wp\/v2\/product_tag?post=27194"}],"curies":[{"name":"wp","href":"https:\/\/api.w.org\/{rel}","templated":true}]}}