{"id":27193,"date":"2026-02-27T00:35:52","date_gmt":"2026-02-27T00:35:52","guid":{"rendered":"https:\/\/nordicmart.andreevmaster.com\/product\/tic-tac-toe-pa-marmorbase-1598\/"},"modified":"2026-02-27T09:14:41","modified_gmt":"2026-02-27T09:14:41","slug":"tic-tac-toe-pa-marmorbase-1598","status":"publish","type":"product","link":"https:\/\/nordicmart.andreevmaster.com\/da\/vare\/tic-tac-toe-pa-marmorbase-1598\/","title":{"rendered":"Tic-tac-toe p\u00e5 marmorbase &#8211; 1598"},"content":{"rendered":"<p>Tic-tac-toe p\u00e5 marmorbase &#8211; 1598&nbsp;&nbsp;&nbsp;Tic-tac-toe p\u00e5 marmorbase er en elegant version af det klassiske strategispil, der er popul\u00e6rt i barndommen. Guldfarvede cirkler og krydser lavet af messing. Dette traditionelle spil i et s\u00e5dant design kan v\u00e6re en original gave, der midlertidigt vil tage modtageren tilbage til ungdoms\u00e5rene.&nbsp;Tic-tac-toe i denne version vil se godt ud p\u00e5 skrivebordet. Marmorfod og guldelementer er en kombination, der viser lige den rette m\u00e6ngde elegance. Takket v\u00e6re dette kan produktet ogs\u00e5 v\u00e6re et interessant dekorativt element i glamour\u00f8se og moderne rum.&nbsp;&nbsp;Produktinformation:&nbsp;M\u00e5l: 14 x 14 cmMateriale: marmor, messingTidl\u00f8st traditionelt spil i en elegant udgave&nbsp;&nbsp;OBS!&nbsp;Dette produkt er ikke et leget\u00f8j og er ikke egnet til b\u00f8rn under 14 \u00e5r.&nbsp;<\/p>\n","protected":false},"excerpt":{"rendered":"<p>Tic-tac-toe p\u00e5 marmorbase &#8211; 1598&nbsp;&nbsp;&nbsp;Tic-tac-toe p\u00e5 marmorbase er en elegant version af det klassiske strategispil, der er popul\u00e6rt i barndommen. Guldfarvede cirkler og krydser lavet af messing. Dette traditionelle spil i et s\u00e5dant design kan v\u00e6re en original gave, der midlertidigt vil tage modtageren tilbage til ungdoms\u00e5rene.&nbsp;Tic-tac-toe i denne version vil se godt ud p\u00e5 [&hellip;]<\/p>\n","protected":false},"featured_media":44942,"comment_status":"open","ping_status":"closed","template":"","meta":[],"product_brand":[],"product_cat":[31],"product_tag":[],"class_list":{"0":"post-27193","1":"product","2":"type-product","3":"status-publish","4":"has-post-thumbnail","6":"product_cat-uncategorized-da","8":"first","9":"instock","10":"shipping-taxable","11":"purchasable","12":"product-type-simple"},"_links":{"self":[{"href":"https:\/\/nordicmart.andreevmaster.com\/da\/wp-json\/wp\/v2\/product\/27193","targetHints":{"allow":["GET"]}}],"collection":[{"href":"https:\/\/nordicmart.andreevmaster.com\/da\/wp-json\/wp\/v2\/product"}],"about":[{"href":"https:\/\/nordicmart.andreevmaster.com\/da\/wp-json\/wp\/v2\/types\/product"}],"replies":[{"embeddable":true,"href":"https:\/\/nordicmart.andreevmaster.com\/da\/wp-json\/wp\/v2\/comments?post=27193"}],"wp:featuredmedia":[{"embeddable":true,"href":"https:\/\/nordicmart.andreevmaster.com\/da\/wp-json\/wp\/v2\/media\/44942"}],"wp:attachment":[{"href":"https:\/\/nordicmart.andreevmaster.com\/da\/wp-json\/wp\/v2\/media?parent=27193"}],"wp:term":[{"taxonomy":"product_brand","embeddable":true,"href":"https:\/\/nordicmart.andreevmaster.com\/da\/wp-json\/wp\/v2\/product_brand?post=27193"},{"taxonomy":"product_cat","embeddable":true,"href":"https:\/\/nordicmart.andreevmaster.com\/da\/wp-json\/wp\/v2\/product_cat?post=27193"},{"taxonomy":"product_tag","embeddable":true,"href":"https:\/\/nordicmart.andreevmaster.com\/da\/wp-json\/wp\/v2\/product_tag?post=27193"}],"curies":[{"name":"wp","href":"https:\/\/api.w.org\/{rel}","templated":true}]}}