{"id":27192,"date":"2026-02-27T00:35:51","date_gmt":"2026-02-27T00:35:51","guid":{"rendered":"https:\/\/nordicmart.andreevmaster.com\/product\/pegasus-dekorativ-aluminiumsfigur-pa-stal-og-traefod-ni9935\/"},"modified":"2026-02-27T09:14:40","modified_gmt":"2026-02-27T09:14:40","slug":"pegasus-dekorativ-aluminiumsfigur-pa-stal-og-traefod-ni9935","status":"publish","type":"product","link":"https:\/\/nordicmart.andreevmaster.com\/da\/vare\/pegasus-dekorativ-aluminiumsfigur-pa-stal-og-traefod-ni9935\/","title":{"rendered":"Pegasus &#8211; dekorativ aluminiumsfigur p\u00e5 st\u00e5l- og tr\u00e6fod &#8211; NI9935"},"content":{"rendered":"<p>Pegasus &#8211; dekorativ aluminiumsfigur p\u00e5 en base af st\u00e5l og tr\u00e6 &#8211; NI9935&nbsp;&nbsp;Leder du efter en stilfuld og moderne dekoration til dit interi\u00f8r? Pegasus-figuren er det perfekte valg! Den elegante kombination af aluminium og tr\u00e6 vil tilf\u00f8re karakter til ethvert rum.&nbsp;Pegasus er perfekt til moderne, minimalistiske interi\u00f8rer s\u00e5vel som til mere klassiske indretninger. Den vil v\u00e6re en smuk accent p\u00e5 en kommode, en hylde eller et skrivebord.&nbsp;Pegasus-figuren er ogs\u00e5 en god gaveid\u00e9 til elskere af heste, gr\u00e6sk mytologi eller blot smukke genstande. Pegasus er et fascinerende v\u00e6sen, der har inspireret mennesker over hele verden i \u00e5rhundreder. Den er et symbol p\u00e5 mange v\u00e6rdier, s\u00e5som inspiration, poesi, kunst og frihed.&nbsp;&nbsp;Produktinformation:&nbsp;M\u00e5l: 27,5 x 16 x 36 cmMateriale: aluminiumsfigur, st\u00e5l- og tr\u00e6fodFarve: s\u00f8lv, sort fodH\u00f8j kvalitetElegant dekoration&nbsp;<\/p>\n","protected":false},"excerpt":{"rendered":"<p>Pegasus &#8211; dekorativ aluminiumsfigur p\u00e5 en base af st\u00e5l og tr\u00e6 &#8211; NI9935&nbsp;&nbsp;Leder du efter en stilfuld og moderne dekoration til dit interi\u00f8r? Pegasus-figuren er det perfekte valg! Den elegante kombination af aluminium og tr\u00e6 vil tilf\u00f8re karakter til ethvert rum.&nbsp;Pegasus er perfekt til moderne, minimalistiske interi\u00f8rer s\u00e5vel som til mere klassiske indretninger. Den vil [&hellip;]<\/p>\n","protected":false},"featured_media":44941,"comment_status":"open","ping_status":"closed","template":"","meta":[],"product_brand":[],"product_cat":[31],"product_tag":[],"class_list":{"0":"post-27192","1":"product","2":"type-product","3":"status-publish","4":"has-post-thumbnail","6":"product_cat-uncategorized-da","8":"first","9":"instock","10":"shipping-taxable","11":"purchasable","12":"product-type-simple"},"_links":{"self":[{"href":"https:\/\/nordicmart.andreevmaster.com\/da\/wp-json\/wp\/v2\/product\/27192","targetHints":{"allow":["GET"]}}],"collection":[{"href":"https:\/\/nordicmart.andreevmaster.com\/da\/wp-json\/wp\/v2\/product"}],"about":[{"href":"https:\/\/nordicmart.andreevmaster.com\/da\/wp-json\/wp\/v2\/types\/product"}],"replies":[{"embeddable":true,"href":"https:\/\/nordicmart.andreevmaster.com\/da\/wp-json\/wp\/v2\/comments?post=27192"}],"wp:featuredmedia":[{"embeddable":true,"href":"https:\/\/nordicmart.andreevmaster.com\/da\/wp-json\/wp\/v2\/media\/44941"}],"wp:attachment":[{"href":"https:\/\/nordicmart.andreevmaster.com\/da\/wp-json\/wp\/v2\/media?parent=27192"}],"wp:term":[{"taxonomy":"product_brand","embeddable":true,"href":"https:\/\/nordicmart.andreevmaster.com\/da\/wp-json\/wp\/v2\/product_brand?post=27192"},{"taxonomy":"product_cat","embeddable":true,"href":"https:\/\/nordicmart.andreevmaster.com\/da\/wp-json\/wp\/v2\/product_cat?post=27192"},{"taxonomy":"product_tag","embeddable":true,"href":"https:\/\/nordicmart.andreevmaster.com\/da\/wp-json\/wp\/v2\/product_tag?post=27192"}],"curies":[{"name":"wp","href":"https:\/\/api.w.org\/{rel}","templated":true}]}}