{"id":27191,"date":"2026-02-27T00:35:51","date_gmt":"2026-02-27T00:35:51","guid":{"rendered":"https:\/\/nordicmart.andreevmaster.com\/product\/smuk-hest-aluminiumsfigur-pa-traefod-ni9537\/"},"modified":"2026-02-27T09:14:40","modified_gmt":"2026-02-27T09:14:40","slug":"smuk-hest-aluminiumsfigur-pa-traefod-ni9537","status":"publish","type":"product","link":"https:\/\/nordicmart.andreevmaster.com\/da\/vare\/smuk-hest-aluminiumsfigur-pa-traefod-ni9537\/","title":{"rendered":"Smuk hest \u2013 aluminiumsfigur p\u00e5 tr\u00e6fod NI9537"},"content":{"rendered":"<p>Smuk hest \u2013 aluminiumsfigur p\u00e5 tr\u00e6fod NI9537&nbsp;&nbsp;Smuk, elegant figur af en hest p\u00e5 en tr\u00e6fod. Et dekorativt stykke, der vil komplementere et rum i glamour-, retro- eller loftstil. &nbsp;Det vil v\u00e6re perfekt som en elegant, tidl\u00f8s gave.&nbsp;&nbsp;Produktinformation:&nbsp;M\u00e5l: 27,5 x 15 x 27,5 cmMateriale: aluminium, tr\u00e6Farve: guld, brun&nbsp;<\/p>\n","protected":false},"excerpt":{"rendered":"<p>Smuk hest \u2013 aluminiumsfigur p\u00e5 tr\u00e6fod NI9537&nbsp;&nbsp;Smuk, elegant figur af en hest p\u00e5 en tr\u00e6fod. Et dekorativt stykke, der vil komplementere et rum i glamour-, retro- eller loftstil. &nbsp;Det vil v\u00e6re perfekt som en elegant, tidl\u00f8s gave.&nbsp;&nbsp;Produktinformation:&nbsp;M\u00e5l: 27,5 x 15 x 27,5 cmMateriale: aluminium, tr\u00e6Farve: guld, brun&nbsp;<\/p>\n","protected":false},"featured_media":44940,"comment_status":"open","ping_status":"closed","template":"","meta":[],"product_brand":[],"product_cat":[31],"product_tag":[],"class_list":{"0":"post-27191","1":"product","2":"type-product","3":"status-publish","4":"has-post-thumbnail","6":"product_cat-uncategorized-da","8":"first","9":"instock","10":"shipping-taxable","11":"purchasable","12":"product-type-simple"},"_links":{"self":[{"href":"https:\/\/nordicmart.andreevmaster.com\/da\/wp-json\/wp\/v2\/product\/27191","targetHints":{"allow":["GET"]}}],"collection":[{"href":"https:\/\/nordicmart.andreevmaster.com\/da\/wp-json\/wp\/v2\/product"}],"about":[{"href":"https:\/\/nordicmart.andreevmaster.com\/da\/wp-json\/wp\/v2\/types\/product"}],"replies":[{"embeddable":true,"href":"https:\/\/nordicmart.andreevmaster.com\/da\/wp-json\/wp\/v2\/comments?post=27191"}],"wp:featuredmedia":[{"embeddable":true,"href":"https:\/\/nordicmart.andreevmaster.com\/da\/wp-json\/wp\/v2\/media\/44940"}],"wp:attachment":[{"href":"https:\/\/nordicmart.andreevmaster.com\/da\/wp-json\/wp\/v2\/media?parent=27191"}],"wp:term":[{"taxonomy":"product_brand","embeddable":true,"href":"https:\/\/nordicmart.andreevmaster.com\/da\/wp-json\/wp\/v2\/product_brand?post=27191"},{"taxonomy":"product_cat","embeddable":true,"href":"https:\/\/nordicmart.andreevmaster.com\/da\/wp-json\/wp\/v2\/product_cat?post=27191"},{"taxonomy":"product_tag","embeddable":true,"href":"https:\/\/nordicmart.andreevmaster.com\/da\/wp-json\/wp\/v2\/product_tag?post=27191"}],"curies":[{"name":"wp","href":"https:\/\/api.w.org\/{rel}","templated":true}]}}