{"id":27190,"date":"2026-02-27T00:35:51","date_gmt":"2026-02-27T00:35:51","guid":{"rendered":"https:\/\/nordicmart.andreevmaster.com\/product\/evighedskalender-messing-og-trae-ni1415\/"},"modified":"2026-02-27T09:14:40","modified_gmt":"2026-02-27T09:14:40","slug":"evighedskalender-messing-og-trae-ni1415","status":"publish","type":"product","link":"https:\/\/nordicmart.andreevmaster.com\/da\/vare\/evighedskalender-messing-og-trae-ni1415\/","title":{"rendered":"Evighedskalender &#8211; Messing og tr\u00e6 &#8211; NI1415"},"content":{"rendered":"<p>Evighedskalender &#8211; Messing og tr\u00e6 &#8211; NI1415&nbsp;&nbsp;&nbsp;Med evighedskalenderen kan du bestemme, hvilken ugedag der falder p\u00e5 en given dag i de efterf\u00f8lgende \u00e5r. Dette er muligt takket v\u00e6re den bev\u00e6gelige kalenderhjul. For at se, hvilken ugedag en bestemt dato falder p\u00e5, skal du indstille det \u00f8nskede \u00e5r over den relevante m\u00e5ned. Den ugedag, du leder efter, vises i vinduet.&nbsp;Kalenderen for \u00e5r er en sjov og elegant gadget til en leder, eventplanl\u00e6gger eller astrolog. Den hj\u00e6lper med at fasts\u00e6tte datoen og kan om n\u00f8dvendigt fungere som brevpresser.&nbsp;&nbsp;Produktinformation:&nbsp;Materiale: tr\u00e6, messingFarve: brun, guldM\u00e5l: 7,5 x 3,5 cm&nbsp;Den evige kalender fungerer godt som:&nbsp;Gadget til en astrologGave til lederenGave til en eventplanl\u00e6ggerBrevpresser&nbsp;<\/p>\n","protected":false},"excerpt":{"rendered":"<p>Evighedskalender &#8211; Messing og tr\u00e6 &#8211; NI1415&nbsp;&nbsp;&nbsp;Med evighedskalenderen kan du bestemme, hvilken ugedag der falder p\u00e5 en given dag i de efterf\u00f8lgende \u00e5r. Dette er muligt takket v\u00e6re den bev\u00e6gelige kalenderhjul. For at se, hvilken ugedag en bestemt dato falder p\u00e5, skal du indstille det \u00f8nskede \u00e5r over den relevante m\u00e5ned. Den ugedag, du leder [&hellip;]<\/p>\n","protected":false},"featured_media":44939,"comment_status":"open","ping_status":"closed","template":"","meta":[],"product_brand":[],"product_cat":[31],"product_tag":[],"class_list":{"0":"post-27190","1":"product","2":"type-product","3":"status-publish","4":"has-post-thumbnail","6":"product_cat-uncategorized-da","8":"first","9":"instock","10":"shipping-taxable","11":"purchasable","12":"product-type-simple"},"_links":{"self":[{"href":"https:\/\/nordicmart.andreevmaster.com\/da\/wp-json\/wp\/v2\/product\/27190","targetHints":{"allow":["GET"]}}],"collection":[{"href":"https:\/\/nordicmart.andreevmaster.com\/da\/wp-json\/wp\/v2\/product"}],"about":[{"href":"https:\/\/nordicmart.andreevmaster.com\/da\/wp-json\/wp\/v2\/types\/product"}],"replies":[{"embeddable":true,"href":"https:\/\/nordicmart.andreevmaster.com\/da\/wp-json\/wp\/v2\/comments?post=27190"}],"wp:featuredmedia":[{"embeddable":true,"href":"https:\/\/nordicmart.andreevmaster.com\/da\/wp-json\/wp\/v2\/media\/44939"}],"wp:attachment":[{"href":"https:\/\/nordicmart.andreevmaster.com\/da\/wp-json\/wp\/v2\/media?parent=27190"}],"wp:term":[{"taxonomy":"product_brand","embeddable":true,"href":"https:\/\/nordicmart.andreevmaster.com\/da\/wp-json\/wp\/v2\/product_brand?post=27190"},{"taxonomy":"product_cat","embeddable":true,"href":"https:\/\/nordicmart.andreevmaster.com\/da\/wp-json\/wp\/v2\/product_cat?post=27190"},{"taxonomy":"product_tag","embeddable":true,"href":"https:\/\/nordicmart.andreevmaster.com\/da\/wp-json\/wp\/v2\/product_tag?post=27190"}],"curies":[{"name":"wp","href":"https:\/\/api.w.org\/{rel}","templated":true}]}}