{"id":27189,"date":"2026-02-27T00:35:51","date_gmt":"2026-02-27T00:35:51","guid":{"rendered":"https:\/\/nordicmart.andreevmaster.com\/product\/dykkerhjelm-us-navy-nc2084b\/"},"modified":"2026-02-27T09:14:40","modified_gmt":"2026-02-27T09:14:40","slug":"dykkerhjelm-us-navy-nc2084b","status":"publish","type":"product","link":"https:\/\/nordicmart.andreevmaster.com\/da\/vare\/dykkerhjelm-us-navy-nc2084b\/","title":{"rendered":"Dykkerhjelm &#8211; US Navy &#8211; NC2084B"},"content":{"rendered":"<p>Dykkerhjelm &#8211; US Navy &#8211; NC2084B&nbsp;&nbsp;Dykkerhjelm &#8211; Replika &#8211; US Navy er en unik dekoration med maritim atmosf\u00e6re. Fremstillet af messing, refererer den til klassiske dykkerhjelme fra 1940&#8217;erne. Dykkerhjelmen er en universel dekoration, der fungerer godt i ethvert interi\u00f8r. Den kan blive midtpunktet i indretningen eller en subtil accent, der giver et maritimt pr\u00e6g.&nbsp;Dykkerhjelmen er en perfekt gaveid\u00e9 til: sejl- og dykkerentusiaster, fl\u00e5dehistorieentusiaster eller personer, der leder efter unikke og us\u00e6dvanlige interi\u00f8rdekorationer.&nbsp;&nbsp;Produktinformation:&nbsp;M\u00e5l: 18,5 x 19,5 x 20,5 cmMateriale: messingFarve: guldH\u00f8j kvalitet i forarbejdningenFlot dekoration med maritim atmosf\u00e6reGave til en sejlentusiast&nbsp;Hvis du leder efter en unik gave til en elsker af havet eller det maritime, er Dykkerhjelm &#8211; Replika &#8211; US Navy det perfekte valg.&nbsp;<\/p>\n","protected":false},"excerpt":{"rendered":"<p>Dykkerhjelm &#8211; US Navy &#8211; NC2084B&nbsp;&nbsp;Dykkerhjelm &#8211; Replika &#8211; US Navy er en unik dekoration med maritim atmosf\u00e6re. Fremstillet af messing, refererer den til klassiske dykkerhjelme fra 1940&#8217;erne. Dykkerhjelmen er en universel dekoration, der fungerer godt i ethvert interi\u00f8r. Den kan blive midtpunktet i indretningen eller en subtil accent, der giver et maritimt pr\u00e6g.&nbsp;Dykkerhjelmen er [&hellip;]<\/p>\n","protected":false},"featured_media":44938,"comment_status":"open","ping_status":"closed","template":"","meta":[],"product_brand":[],"product_cat":[31],"product_tag":[],"class_list":{"0":"post-27189","1":"product","2":"type-product","3":"status-publish","4":"has-post-thumbnail","6":"product_cat-uncategorized-da","8":"first","9":"instock","10":"shipping-taxable","11":"purchasable","12":"product-type-simple"},"_links":{"self":[{"href":"https:\/\/nordicmart.andreevmaster.com\/da\/wp-json\/wp\/v2\/product\/27189","targetHints":{"allow":["GET"]}}],"collection":[{"href":"https:\/\/nordicmart.andreevmaster.com\/da\/wp-json\/wp\/v2\/product"}],"about":[{"href":"https:\/\/nordicmart.andreevmaster.com\/da\/wp-json\/wp\/v2\/types\/product"}],"replies":[{"embeddable":true,"href":"https:\/\/nordicmart.andreevmaster.com\/da\/wp-json\/wp\/v2\/comments?post=27189"}],"wp:featuredmedia":[{"embeddable":true,"href":"https:\/\/nordicmart.andreevmaster.com\/da\/wp-json\/wp\/v2\/media\/44938"}],"wp:attachment":[{"href":"https:\/\/nordicmart.andreevmaster.com\/da\/wp-json\/wp\/v2\/media?parent=27189"}],"wp:term":[{"taxonomy":"product_brand","embeddable":true,"href":"https:\/\/nordicmart.andreevmaster.com\/da\/wp-json\/wp\/v2\/product_brand?post=27189"},{"taxonomy":"product_cat","embeddable":true,"href":"https:\/\/nordicmart.andreevmaster.com\/da\/wp-json\/wp\/v2\/product_cat?post=27189"},{"taxonomy":"product_tag","embeddable":true,"href":"https:\/\/nordicmart.andreevmaster.com\/da\/wp-json\/wp\/v2\/product_tag?post=27189"}],"curies":[{"name":"wp","href":"https:\/\/api.w.org\/{rel}","templated":true}]}}