{"id":27188,"date":"2026-02-27T00:35:51","date_gmt":"2026-02-27T00:35:51","guid":{"rendered":"https:\/\/nordicmart.andreevmaster.com\/product\/mini-guitar-i-john-lennon-stil-spe-039\/"},"modified":"2026-02-27T09:14:40","modified_gmt":"2026-02-27T09:14:40","slug":"mini-guitar-i-john-lennon-stil-spe-039","status":"publish","type":"product","link":"https:\/\/nordicmart.andreevmaster.com\/da\/vare\/mini-guitar-i-john-lennon-stil-spe-039\/","title":{"rendered":"Mini-guitar i John Lennon-stil &#8211; SPE-039"},"content":{"rendered":"<p>Mini-guitar i John Lennon-stil &#8211; SPE-039&nbsp;&nbsp;&nbsp;Mini-guitaren i John Lennon-stil er en perfekt gadget til musikelskere. Denne miniature er h\u00e5ndlavet af mahogni i skala 1:4. Den er en perfekt gaveid\u00e9 til fans af The Beatles, som John Lennon var grundl\u00e6gger og forsanger af.&nbsp;Samlerobjekt. Denne guitar er ikke et leget\u00f8j. Den kan ikke spilles p\u00e5.&nbsp;&nbsp;Produktinformation:&nbsp;M\u00e5l: h\u00f8jde 24,5 cmSkala: 1:4Materiale: mahogniKomplet med plastik- og metalstativ til at placere guitaren p\u00e5&nbsp;&nbsp;&nbsp;Bem\u00e6rk, at s\u00e6lgeren p\u00e5 ingen m\u00e5de er tilknyttet producenterne af de \u00e6gte instrumenter eller de enkelte kunstnere. Navnene p\u00e5 modeller eller kunstnere er eksempler. De kendte navne bruges kun for at vise en bestemt musikstil. Ingen af instrumenterne er tro kopier med hensyn til proportioner, st\u00f8rrelse og design.&nbsp;<\/p>\n","protected":false},"excerpt":{"rendered":"<p>Mini-guitar i John Lennon-stil &#8211; SPE-039&nbsp;&nbsp;&nbsp;Mini-guitaren i John Lennon-stil er en perfekt gadget til musikelskere. Denne miniature er h\u00e5ndlavet af mahogni i skala 1:4. Den er en perfekt gaveid\u00e9 til fans af The Beatles, som John Lennon var grundl\u00e6gger og forsanger af.&nbsp;Samlerobjekt. Denne guitar er ikke et leget\u00f8j. Den kan ikke spilles p\u00e5.&nbsp;&nbsp;Produktinformation:&nbsp;M\u00e5l: h\u00f8jde 24,5 [&hellip;]<\/p>\n","protected":false},"featured_media":44937,"comment_status":"open","ping_status":"closed","template":"","meta":[],"product_brand":[],"product_cat":[31],"product_tag":[],"class_list":{"0":"post-27188","1":"product","2":"type-product","3":"status-publish","4":"has-post-thumbnail","6":"product_cat-uncategorized-da","8":"first","9":"instock","10":"shipping-taxable","11":"purchasable","12":"product-type-simple"},"_links":{"self":[{"href":"https:\/\/nordicmart.andreevmaster.com\/da\/wp-json\/wp\/v2\/product\/27188","targetHints":{"allow":["GET"]}}],"collection":[{"href":"https:\/\/nordicmart.andreevmaster.com\/da\/wp-json\/wp\/v2\/product"}],"about":[{"href":"https:\/\/nordicmart.andreevmaster.com\/da\/wp-json\/wp\/v2\/types\/product"}],"replies":[{"embeddable":true,"href":"https:\/\/nordicmart.andreevmaster.com\/da\/wp-json\/wp\/v2\/comments?post=27188"}],"wp:featuredmedia":[{"embeddable":true,"href":"https:\/\/nordicmart.andreevmaster.com\/da\/wp-json\/wp\/v2\/media\/44937"}],"wp:attachment":[{"href":"https:\/\/nordicmart.andreevmaster.com\/da\/wp-json\/wp\/v2\/media?parent=27188"}],"wp:term":[{"taxonomy":"product_brand","embeddable":true,"href":"https:\/\/nordicmart.andreevmaster.com\/da\/wp-json\/wp\/v2\/product_brand?post=27188"},{"taxonomy":"product_cat","embeddable":true,"href":"https:\/\/nordicmart.andreevmaster.com\/da\/wp-json\/wp\/v2\/product_cat?post=27188"},{"taxonomy":"product_tag","embeddable":true,"href":"https:\/\/nordicmart.andreevmaster.com\/da\/wp-json\/wp\/v2\/product_tag?post=27188"}],"curies":[{"name":"wp","href":"https:\/\/api.w.org\/{rel}","templated":true}]}}